{"id":3114,"date":"2026-02-25T23:16:29","date_gmt":"2026-02-25T22:16:29","guid":{"rendered":"https:\/\/kotlinafishing.pl\/?post_type=product&#038;p=3114"},"modified":"2026-02-25T23:35:10","modified_gmt":"2026-02-25T22:35:10","slug":"podbierak-spinningowy-delphin-omega-80x70cm-gumowany","status":"publish","type":"product","link":"https:\/\/kotlinafishing.pl\/?product=podbierak-spinningowy-delphin-omega-80x70cm-gumowany","title":{"rendered":"Podbierak spinningowy Delphin Omega 80x70cm gumowany"},"content":{"rendered":"<p>Delphin OMEGA to masywny podbierak w ca\u0142o\u015bci wykonany z aluminium jest idealnym kompanem do \u0142owienia ryb. Sk\u0142ada si\u0119 szybko, dlatego jest idealny do \u0142odzi, ale swoje miejsce znajdzie tak\u017ce na brzegu. Podstaw\u0119 stanowi sztyca o regulowanej d\u0142ugo\u015bci z centraln\u0105 nakr\u0119tk\u0105 Dzi\u0119ki profilowi o grubej \u015bciance, z zewn\u0119trzn\u0105 \u015brednic\u0105 32 mm, sztyca ud\u017awignie wi\u0119ksze ci\u0119\u017cary bez uszkodzenia. Ustawienie i zabezpieczenie jej d\u0142ugo\u015bci to kwestia kr\u00f3tkiej chwili. Sztyca jest zamontowana do monolitycznej ramy kosza za pomoc\u0105 solidnej nasadki z zabezpieczeniem. Powlekana tworzywem mocna siatka nie rani ryb, szybko schnie oraz nie ch\u0142onie zapachu. Dzi\u0119ki wystarczaj\u0105cej g\u0142\u0119boko\u015bci zmie\u015bci si\u0119 w niej wielki karp.<\/p>\n<p><strong>Parametry techniczne:<\/strong><br \/>\nCa\u0142kowita d\u0142ugo\u015b\u0107 sztycy: 90-170 cm<br \/>\nRozmiar kosza: 70x80cm<\/p>\n","protected":false},"excerpt":{"rendered":"<p>Delphin OMEGA to masywny podbierak w ca\u0142o\u015bci wykonany z aluminium jest idealnym kompanem do \u0142owienia ryb. Sk\u0142ada si\u0119 szybko, dlatego jest idealny do \u0142odzi, ale swoje miejsce znajdzie tak\u017ce na brzegu. Podstaw\u0119 stanowi sztyca o regulowanej d\u0142ugo\u015bci z centraln\u0105 nakr\u0119tk\u0105 Dzi\u0119ki profilowi o grubej \u015bciance, z zewn\u0119trzn\u0105 \u015brednic\u0105 32 mm, sztyca ud\u017awignie wi\u0119ksze ci\u0119\u017cary bez uszkodzenia. Ustawienie i zabezpieczenie jej d\u0142ugo\u015bci to kwestia kr\u00f3tkiej chwili. Sztyca jest zamontowana do monolitycznej ramy kosza za pomoc\u0105 solidnej nasadki z zabezpieczeniem. Powlekana tworzywem mocna siatka nie rani ryb, szybko schnie oraz nie ch\u0142onie zapachu. Dzi\u0119ki wystarczaj\u0105cej g\u0142\u0119boko\u015bci zmie\u015bci si\u0119 w niej wielki karp.<\/p>\n<p><strong>Parametry techniczne:<\/strong><br \/>\nCa\u0142kowita d\u0142ugo\u015b\u0107 sztycy: 90-170 cm<br \/>\nRozmiar kosza: 70x80cm<\/p>\n","protected":false},"featured_media":3117,"template":"","meta":[],"product_brand":[97],"product_cat":[289,21],"product_tag":[],"class_list":{"0":"post-3114","1":"product","2":"type-product","3":"status-publish","4":"has-post-thumbnail","6":"product_brand-delphin","7":"product_cat-podbieraki-spinningowe","8":"product_cat-spinning","9":"pa_marka-delphin","11":"first","12":"instock","13":"shipping-taxable","14":"purchasable","15":"product-type-simple"},"_links":{"self":[{"href":"https:\/\/kotlinafishing.pl\/index.php?rest_route=\/wp\/v2\/product\/3114","targetHints":{"allow":["GET"]}}],"collection":[{"href":"https:\/\/kotlinafishing.pl\/index.php?rest_route=\/wp\/v2\/product"}],"about":[{"href":"https:\/\/kotlinafishing.pl\/index.php?rest_route=\/wp\/v2\/types\/product"}],"wp:featuredmedia":[{"embeddable":true,"href":"https:\/\/kotlinafishing.pl\/index.php?rest_route=\/wp\/v2\/media\/3117"}],"wp:attachment":[{"href":"https:\/\/kotlinafishing.pl\/index.php?rest_route=%2Fwp%2Fv2%2Fmedia&parent=3114"}],"wp:term":[{"taxonomy":"product_brand","embeddable":true,"href":"https:\/\/kotlinafishing.pl\/index.php?rest_route=%2Fwp%2Fv2%2Fproduct_brand&post=3114"},{"taxonomy":"product_cat","embeddable":true,"href":"https:\/\/kotlinafishing.pl\/index.php?rest_route=%2Fwp%2Fv2%2Fproduct_cat&post=3114"},{"taxonomy":"product_tag","embeddable":true,"href":"https:\/\/kotlinafishing.pl\/index.php?rest_route=%2Fwp%2Fv2%2Fproduct_tag&post=3114"}],"curies":[{"name":"wp","href":"https:\/\/api.w.org\/{rel}","templated":true}]}}