{"id":3087,"date":"2026-02-25T10:48:19","date_gmt":"2026-02-25T09:48:19","guid":{"rendered":"https:\/\/kotlinafishing.pl\/?post_type=product&#038;p=3087"},"modified":"2026-02-25T23:04:34","modified_gmt":"2026-02-25T22:04:34","slug":"podbierak-spinningowy-skladany-mikado-gumowana-siatka-170cm-60x50cm","status":"publish","type":"product","link":"https:\/\/kotlinafishing.pl\/?product=podbierak-spinningowy-skladany-mikado-gumowana-siatka-170cm-60x50cm","title":{"rendered":"Podbierak spinningowy sk\u0142adany Mikado gumowana siatka 170cm 60x50cm"},"content":{"rendered":"<p>Praktyczny, niezwykle \u0142atwy w u\u017cyciu teleskopowy podbierak spinningowy z gumowan\u0105 siatk\u0105. Du\u017cy, aluminiowy kosz podbieraka mo\u017cemy bez problemu roz\u0142o\u017cy\u0107 jedn\u0105 r\u0119k\u0105.<\/p>\n","protected":false},"excerpt":{"rendered":"<p>Praktyczny, niezwykle \u0142atwy w u\u017cyciu teleskopowy podbierak spinningowy z gumowan\u0105 siatk\u0105. Du\u017cy, aluminiowy kosz podbieraka mo\u017cemy bez problemu roz\u0142o\u017cy\u0107 jedn\u0105 r\u0119k\u0105.<\/p>\n","protected":false},"featured_media":3104,"template":"","meta":[],"product_brand":[22],"product_cat":[289,21],"product_tag":[],"class_list":{"0":"post-3087","1":"product","2":"type-product","3":"status-publish","4":"has-post-thumbnail","6":"product_brand-mikado","7":"product_cat-podbieraki-spinningowe","8":"product_cat-spinning","9":"pa_marka-mikado","11":"first","12":"instock","13":"shipping-taxable","14":"purchasable","15":"product-type-simple"},"_links":{"self":[{"href":"https:\/\/kotlinafishing.pl\/index.php?rest_route=\/wp\/v2\/product\/3087","targetHints":{"allow":["GET"]}}],"collection":[{"href":"https:\/\/kotlinafishing.pl\/index.php?rest_route=\/wp\/v2\/product"}],"about":[{"href":"https:\/\/kotlinafishing.pl\/index.php?rest_route=\/wp\/v2\/types\/product"}],"wp:featuredmedia":[{"embeddable":true,"href":"https:\/\/kotlinafishing.pl\/index.php?rest_route=\/wp\/v2\/media\/3104"}],"wp:attachment":[{"href":"https:\/\/kotlinafishing.pl\/index.php?rest_route=%2Fwp%2Fv2%2Fmedia&parent=3087"}],"wp:term":[{"taxonomy":"product_brand","embeddable":true,"href":"https:\/\/kotlinafishing.pl\/index.php?rest_route=%2Fwp%2Fv2%2Fproduct_brand&post=3087"},{"taxonomy":"product_cat","embeddable":true,"href":"https:\/\/kotlinafishing.pl\/index.php?rest_route=%2Fwp%2Fv2%2Fproduct_cat&post=3087"},{"taxonomy":"product_tag","embeddable":true,"href":"https:\/\/kotlinafishing.pl\/index.php?rest_route=%2Fwp%2Fv2%2Fproduct_tag&post=3087"}],"curies":[{"name":"wp","href":"https:\/\/api.w.org\/{rel}","templated":true}]}}