{"id":3086,"date":"2026-02-25T10:23:41","date_gmt":"2026-02-25T09:23:41","guid":{"rendered":"https:\/\/kotlinafishing.pl\/?post_type=product&#038;p=3086"},"modified":"2026-02-25T23:02:28","modified_gmt":"2026-02-25T22:02:28","slug":"siatka-prostokatna-mikado-cage-4m-50x45m-torba","status":"publish","type":"product","link":"https:\/\/kotlinafishing.pl\/?product=siatka-prostokatna-mikado-cage-4m-50x45m-torba","title":{"rendered":"Siatka prostok\u0105tna Mikado Cage 4m 50x45m + torba"},"content":{"rendered":"<p>Du\u017ca, wyczynowa siatka do przetrzymywania ryb. Prostok\u0105tny przekr\u00f3j lepiej trzyma si\u0119 dna i u\u0142atwia szybkie wpuszczanie, nawet wi\u0119kszych ryb. Szczeg\u00f3lnie polecana na zawody feederowe lub sp\u0142awikowe. W komplecie z torb\u0105 transportow\u0105.<\/p>\n","protected":false},"excerpt":{"rendered":"<p>Du\u017ca, wyczynowa siatka do przetrzymywania ryb. Prostok\u0105tny przekr\u00f3j lepiej trzyma si\u0119 dna i u\u0142atwia szybkie wpuszczanie, nawet wi\u0119kszych ryb. Szczeg\u00f3lnie polecana na zawody feederowe lub sp\u0142awikowe. W komplecie z torb\u0105 transportow\u0105.<\/p>\n","protected":false},"featured_media":3100,"template":"","meta":[],"product_brand":[22],"product_cat":[81,80,19],"product_tag":[],"class_list":{"0":"post-3086","1":"product","2":"type-product","3":"status-publish","4":"has-post-thumbnail","6":"product_brand-mikado","7":"product_cat-siatki","8":"product_cat-siatki-podbieraki-sztyce","9":"product_cat-grunt","10":"pa_marka-mikado","12":"first","13":"instock","14":"shipping-taxable","15":"purchasable","16":"product-type-simple"},"_links":{"self":[{"href":"https:\/\/kotlinafishing.pl\/index.php?rest_route=\/wp\/v2\/product\/3086","targetHints":{"allow":["GET"]}}],"collection":[{"href":"https:\/\/kotlinafishing.pl\/index.php?rest_route=\/wp\/v2\/product"}],"about":[{"href":"https:\/\/kotlinafishing.pl\/index.php?rest_route=\/wp\/v2\/types\/product"}],"wp:featuredmedia":[{"embeddable":true,"href":"https:\/\/kotlinafishing.pl\/index.php?rest_route=\/wp\/v2\/media\/3100"}],"wp:attachment":[{"href":"https:\/\/kotlinafishing.pl\/index.php?rest_route=%2Fwp%2Fv2%2Fmedia&parent=3086"}],"wp:term":[{"taxonomy":"product_brand","embeddable":true,"href":"https:\/\/kotlinafishing.pl\/index.php?rest_route=%2Fwp%2Fv2%2Fproduct_brand&post=3086"},{"taxonomy":"product_cat","embeddable":true,"href":"https:\/\/kotlinafishing.pl\/index.php?rest_route=%2Fwp%2Fv2%2Fproduct_cat&post=3086"},{"taxonomy":"product_tag","embeddable":true,"href":"https:\/\/kotlinafishing.pl\/index.php?rest_route=%2Fwp%2Fv2%2Fproduct_tag&post=3086"}],"curies":[{"name":"wp","href":"https:\/\/api.w.org\/{rel}","templated":true}]}}