{"id":3084,"date":"2026-02-25T09:53:16","date_gmt":"2026-02-25T08:53:16","guid":{"rendered":"https:\/\/kotlinafishing.pl\/?post_type=product&#038;p=3084"},"modified":"2026-02-25T23:01:35","modified_gmt":"2026-02-25T22:01:35","slug":"siatka-mikado-basic-35m-50x45cm","status":"publish","type":"product","link":"https:\/\/kotlinafishing.pl\/?product=siatka-mikado-basic-35m-50x45cm","title":{"rendered":"Siatka Mikado Basic 3,5m 50x45cm"},"content":{"rendered":"<p>Bud\u017cetowa siatka wyczynowa wyst\u0119puj\u0105ca w trzech d\u0142ugo\u015bciach. Wykonana z wysokiej jako\u015bci komponent\u00f3w. Doskona\u0142a dla pocz\u0105tkuj\u0105cych zawodnik\u00f3w.<\/p>\n","protected":false},"excerpt":{"rendered":"<p>Bud\u017cetowa siatka wyczynowa wyst\u0119puj\u0105ca w trzech d\u0142ugo\u015bciach. Wykonana z wysokiej jako\u015bci komponent\u00f3w. Doskona\u0142a dla pocz\u0105tkuj\u0105cych zawodnik\u00f3w.<\/p>\n","protected":false},"featured_media":3099,"template":"","meta":[],"product_brand":[22],"product_cat":[81,80,19],"product_tag":[],"class_list":{"0":"post-3084","1":"product","2":"type-product","3":"status-publish","4":"has-post-thumbnail","6":"product_brand-mikado","7":"product_cat-siatki","8":"product_cat-siatki-podbieraki-sztyce","9":"product_cat-grunt","11":"first","12":"instock","13":"shipping-taxable","14":"purchasable","15":"product-type-simple"},"_links":{"self":[{"href":"https:\/\/kotlinafishing.pl\/index.php?rest_route=\/wp\/v2\/product\/3084","targetHints":{"allow":["GET"]}}],"collection":[{"href":"https:\/\/kotlinafishing.pl\/index.php?rest_route=\/wp\/v2\/product"}],"about":[{"href":"https:\/\/kotlinafishing.pl\/index.php?rest_route=\/wp\/v2\/types\/product"}],"wp:featuredmedia":[{"embeddable":true,"href":"https:\/\/kotlinafishing.pl\/index.php?rest_route=\/wp\/v2\/media\/3099"}],"wp:attachment":[{"href":"https:\/\/kotlinafishing.pl\/index.php?rest_route=%2Fwp%2Fv2%2Fmedia&parent=3084"}],"wp:term":[{"taxonomy":"product_brand","embeddable":true,"href":"https:\/\/kotlinafishing.pl\/index.php?rest_route=%2Fwp%2Fv2%2Fproduct_brand&post=3084"},{"taxonomy":"product_cat","embeddable":true,"href":"https:\/\/kotlinafishing.pl\/index.php?rest_route=%2Fwp%2Fv2%2Fproduct_cat&post=3084"},{"taxonomy":"product_tag","embeddable":true,"href":"https:\/\/kotlinafishing.pl\/index.php?rest_route=%2Fwp%2Fv2%2Fproduct_tag&post=3084"}],"curies":[{"name":"wp","href":"https:\/\/api.w.org\/{rel}","templated":true}]}}