{"id":3083,"date":"2026-02-25T09:46:00","date_gmt":"2026-02-25T08:46:00","guid":{"rendered":"https:\/\/kotlinafishing.pl\/?post_type=product&#038;p=3083"},"modified":"2026-02-25T23:10:00","modified_gmt":"2026-02-25T22:10:00","slug":"podbierak-spinningowy-delphin-foldspin-gumowany-40x40cm","status":"publish","type":"product","link":"https:\/\/kotlinafishing.pl\/?product=podbierak-spinningowy-delphin-foldspin-gumowany-40x40cm","title":{"rendered":"Podbierak spinningowy Delphin FoldSpin gumowany 40x40cm"},"content":{"rendered":"<p>Jest to praktyczny podbierak, szczeg\u00f3lnie ceniony przez spinningist\u00f3w i muszkarzy \u0142owi\u0105cych w wodach p\u0142yn\u0105cych. Dzi\u0119ki kompaktowym rozmiarom i klipsowi na uchwycie mo\u017cna go przymocowa\u0107 do paska spodni do brodzenia, dzi\u0119ki czemu jest natychmiast dost\u0119pny. Prosty mechanizm pozwala na szybkie rozk\u0142adanie i sk\u0142adanie jedn\u0105 r\u0119k\u0105, co jest szczeg\u00f3lnie przydatne podczas przenoszenia ryby stoj\u0105c w wodzie. Mi\u0119kka, gumowana siatka jest delikatna dla ryb i nie poch\u0142ania nieprzyjemnych zapach\u00f3w.<\/p>\n<p>Ergonomicznie ukszta\u0142towana r\u0105czka zapewnia pewny chwyt w ka\u017cdych warunkach. Na ko\u0144cu r\u0119koje\u015bci znajduje si\u0119 elastyczny pasek z karabi\u0144czykiem do przymocowania np. do paska.<\/p>\n<p><strong>Dane techniczne:<\/strong><br \/>\nD\u0142ugo\u015b\u0107 ca\u0142kowita: 70 cm<br \/>\nD\u0142ugo\u015b\u0107 transportowa: 44 cm<br \/>\nRozmiar g\u0142owicy: 40&#215;40 cm<\/p>\n","protected":false},"excerpt":{"rendered":"<p>Jest to praktyczny podbierak, szczeg\u00f3lnie ceniony przez spinningist\u00f3w i muszkarzy \u0142owi\u0105cych w wodach p\u0142yn\u0105cych. Dzi\u0119ki kompaktowym rozmiarom i klipsowi na uchwycie mo\u017cna go przymocowa\u0107 do paska spodni do brodzenia, dzi\u0119ki czemu jest natychmiast dost\u0119pny. Prosty mechanizm pozwala na szybkie rozk\u0142adanie i sk\u0142adanie jedn\u0105 r\u0119k\u0105, co jest szczeg\u00f3lnie przydatne podczas przenoszenia ryby stoj\u0105c w wodzie. Mi\u0119kka, gumowana siatka jest delikatna dla ryb i nie poch\u0142ania nieprzyjemnych zapach\u00f3w.<\/p>\n","protected":false},"featured_media":3108,"template":"","meta":[],"product_brand":[97],"product_cat":[289,21],"product_tag":[],"class_list":{"0":"post-3083","1":"product","2":"type-product","3":"status-publish","4":"has-post-thumbnail","6":"product_brand-delphin","7":"product_cat-podbieraki-spinningowe","8":"product_cat-spinning","9":"pa_marka-delphin","11":"first","12":"instock","13":"shipping-taxable","14":"purchasable","15":"product-type-simple"},"_links":{"self":[{"href":"https:\/\/kotlinafishing.pl\/index.php?rest_route=\/wp\/v2\/product\/3083","targetHints":{"allow":["GET"]}}],"collection":[{"href":"https:\/\/kotlinafishing.pl\/index.php?rest_route=\/wp\/v2\/product"}],"about":[{"href":"https:\/\/kotlinafishing.pl\/index.php?rest_route=\/wp\/v2\/types\/product"}],"wp:featuredmedia":[{"embeddable":true,"href":"https:\/\/kotlinafishing.pl\/index.php?rest_route=\/wp\/v2\/media\/3108"}],"wp:attachment":[{"href":"https:\/\/kotlinafishing.pl\/index.php?rest_route=%2Fwp%2Fv2%2Fmedia&parent=3083"}],"wp:term":[{"taxonomy":"product_brand","embeddable":true,"href":"https:\/\/kotlinafishing.pl\/index.php?rest_route=%2Fwp%2Fv2%2Fproduct_brand&post=3083"},{"taxonomy":"product_cat","embeddable":true,"href":"https:\/\/kotlinafishing.pl\/index.php?rest_route=%2Fwp%2Fv2%2Fproduct_cat&post=3083"},{"taxonomy":"product_tag","embeddable":true,"href":"https:\/\/kotlinafishing.pl\/index.php?rest_route=%2Fwp%2Fv2%2Fproduct_tag&post=3083"}],"curies":[{"name":"wp","href":"https:\/\/api.w.org\/{rel}","templated":true}]}}