{"id":3082,"date":"2026-02-25T09:42:11","date_gmt":"2026-02-25T08:42:11","guid":{"rendered":"https:\/\/kotlinafishing.pl\/?post_type=product&#038;p=3082"},"modified":"2026-02-25T23:06:37","modified_gmt":"2026-02-25T22:06:37","slug":"podbierak-spinningowy-delphin-spin-r-gumowany-40x30cm","status":"publish","type":"product","link":"https:\/\/kotlinafishing.pl\/?product=podbierak-spinningowy-delphin-spin-r-gumowany-40x30cm","title":{"rendered":"Podbierak spinningowy Delphin Spin-R gumowany 40x30cm"},"content":{"rendered":"<p>Bezb\u0142\u0119dnie opracowany spinningowy podbierak, kt\u00f3ry idealnie dostosowuje si\u0119 do potrzeb klient\u00f3w. Dzi\u0119ki precyzyjnemu opracowaniu, w jego konstrukcji nie ma ani jednego b\u0142\u0119du. Powleczona gum\u0105 czarna siatka jest osadzona na lekkiej, ale bardzo wytrzyma\u0142ej aluminiowej konstrukcji ramion. Powleczona gum\u0105 siatka nie przenosi niepo\u017c\u0105danych zapach\u00f3w i szybciej schnie. Podbierak jest idealnie ergonomicznie ukszta\u0142towany, a sztyca ma delikatne ugi\u0119cie, co u\u0142atwia podbieranie ryby. Dzi\u0119ki specjalnej konstrukcji sztyca jest bardzo lekka, ale wystarczaj\u0105co mocna. Unosi podbierak na wodzie i nie pozwala mu spa\u015b\u0107 na dno natychmiast po niechcianym upadku. Jest wyko\u0144czony gumowym paskiem z karabi\u0144czykiem, kt\u00f3ry u\u0142atwia wygodne uchwycenie podbieraka.<\/p>\n<p><strong>Parametry techniczne:<\/strong><br \/>\nPow\u0142oka gumowa: Tak<br \/>\nWielko\u015b\u0107 oczka w siatce: 10x15mm<br \/>\nD\u0142ugo\u015b\u0107 paska: 35 cm<\/p>\n","protected":false},"excerpt":{"rendered":"<p>Bezb\u0142\u0119dnie opracowany spinningowy podbierak, kt\u00f3ry idealnie dostosowuje si\u0119 do potrzeb klient\u00f3w. Dzi\u0119ki precyzyjnemu opracowaniu, w jego konstrukcji nie ma ani jednego b\u0142\u0119du. Powleczona gum\u0105 czarna siatka jest osadzona na lekkiej, ale bardzo wytrzyma\u0142ej aluminiowej konstrukcji ramion. Powleczona gum\u0105 siatka nie przenosi niepo\u017c\u0105danych zapach\u00f3w i szybciej schnie. Podbierak jest idealnie ergonomicznie ukszta\u0142towany, a sztyca ma delikatne ugi\u0119cie, co u\u0142atwia podbieranie ryby. Dzi\u0119ki specjalnej konstrukcji sztyca jest bardzo lekka, ale wystarczaj\u0105co mocna. Unosi podbierak na wodzie i nie pozwala mu spa\u015b\u0107 na dno natychmiast po niechcianym upadku. Jest wyko\u0144czony gumowym paskiem z karabi\u0144czykiem, kt\u00f3ry u\u0142atwia wygodne uchwycenie podbieraka.<\/p>\n<p><strong>Parametry techniczne:<\/strong><br \/>\nPow\u0142oka gumowa: Tak<br \/>\nWielko\u015b\u0107 oczka w siatce: 10x15mm<br \/>\nD\u0142ugo\u015b\u0107 paska: 35 cm<\/p>\n","protected":false},"featured_media":3106,"template":"","meta":[],"product_brand":[97],"product_cat":[289,21],"product_tag":[],"class_list":{"0":"post-3082","1":"product","2":"type-product","3":"status-publish","4":"has-post-thumbnail","6":"product_brand-delphin","7":"product_cat-podbieraki-spinningowe","8":"product_cat-spinning","9":"pa_marka-delphin","11":"first","12":"instock","13":"shipping-taxable","14":"purchasable","15":"product-type-simple"},"_links":{"self":[{"href":"https:\/\/kotlinafishing.pl\/index.php?rest_route=\/wp\/v2\/product\/3082","targetHints":{"allow":["GET"]}}],"collection":[{"href":"https:\/\/kotlinafishing.pl\/index.php?rest_route=\/wp\/v2\/product"}],"about":[{"href":"https:\/\/kotlinafishing.pl\/index.php?rest_route=\/wp\/v2\/types\/product"}],"wp:featuredmedia":[{"embeddable":true,"href":"https:\/\/kotlinafishing.pl\/index.php?rest_route=\/wp\/v2\/media\/3106"}],"wp:attachment":[{"href":"https:\/\/kotlinafishing.pl\/index.php?rest_route=%2Fwp%2Fv2%2Fmedia&parent=3082"}],"wp:term":[{"taxonomy":"product_brand","embeddable":true,"href":"https:\/\/kotlinafishing.pl\/index.php?rest_route=%2Fwp%2Fv2%2Fproduct_brand&post=3082"},{"taxonomy":"product_cat","embeddable":true,"href":"https:\/\/kotlinafishing.pl\/index.php?rest_route=%2Fwp%2Fv2%2Fproduct_cat&post=3082"},{"taxonomy":"product_tag","embeddable":true,"href":"https:\/\/kotlinafishing.pl\/index.php?rest_route=%2Fwp%2Fv2%2Fproduct_tag&post=3082"}],"curies":[{"name":"wp","href":"https:\/\/api.w.org\/{rel}","templated":true}]}}