{"id":3056,"date":"2026-02-24T10:24:43","date_gmt":"2026-02-24T09:24:43","guid":{"rendered":"https:\/\/kotlinafishing.pl\/?post_type=product&#038;p=3056"},"modified":"2026-02-25T22:58:56","modified_gmt":"2026-02-25T21:58:56","slug":"glowki-jigowe-mikado-jaws-stinger-eye","status":"publish","type":"product","link":"https:\/\/kotlinafishing.pl\/?product=glowki-jigowe-mikado-jaws-stinger-eye","title":{"rendered":"G\u0142\u00f3wki Jigowe Mikado Jaws Stinger Eye"},"content":{"rendered":"<p>G\u0142\u00f3wki Stinger Eye to wszystkie najlepsze komponenty i rozwi\u0105zania zaczerpni\u0119te z g\u0142\u00f3wek Classic Jig, takie jak najwy\u017cszej jako\u015bci kute haki, haczyk do utrzymywania przyn\u0119ty zamiast klasycznego ko\u0142nierza oraz dok\u0142adny opis umieszczony na g\u0142\u00f3wce opisuj\u0105cy gramatur\u0119 g\u0142\u00f3wki i rozmiar haka. G\u0142\u00f3wki te to jednak r\u00f3wnie\u017c dodatkowe oczko oznaczone jako Stinger Eye umiejscowione z ty\u0142u g\u0142\u00f3wki i przeznaczone do \u0142atwiejszego zamocowania r\u00f3\u017cnego rodzaju jak\u017ce popularnych w dzisiejszych czasach dozbrojek.<\/p>\n<p><strong>Rozmiary 8\/0 i 10\/0 pakowane po 3 sztuki, a rozmiar 12\/0 pakowany po 2sztuki!<\/strong><\/p>\n","protected":false},"excerpt":{"rendered":"<p>G\u0142\u00f3wki Stinger Eye to wszystkie najlepsze komponenty i rozwi\u0105zania zaczerpni\u0119te z g\u0142\u00f3wek Classic Jig, takie jak najwy\u017cszej jako\u015bci kute haki, haczyk do utrzymywania przyn\u0119ty zamiast klasycznego ko\u0142nierza oraz dok\u0142adny opis umieszczony na g\u0142\u00f3wce opisuj\u0105cy gramatur\u0119 g\u0142\u00f3wki i rozmiar haka. G\u0142\u00f3wki te to jednak r\u00f3wnie\u017c dodatkowe oczko oznaczone jako Stinger Eye umiejscowione z ty\u0142u g\u0142\u00f3wki i przeznaczone do \u0142atwiejszego zamocowania r\u00f3\u017cnego rodzaju jak\u017ce popularnych w dzisiejszych czasach dozbrojek.<\/p>\n<p><strong>Rozmiary 8\/0 i 10\/0 pakowane po 3 sztuki, a rozmiar 12\/0 pakowany po 2sztuki!<\/strong><\/p>\n","protected":false},"featured_media":3091,"template":"","meta":[],"product_brand":[22],"product_cat":[166,165,21],"product_tag":[],"class_list":{"0":"post-3056","1":"product","2":"type-product","3":"status-publish","4":"has-post-thumbnail","6":"product_brand-mikado","7":"product_cat-glowki-jigowe","8":"product_cat-glowki-jigowe-haczyki-kotwiczki-dozbrojki","9":"product_cat-spinning","10":"pa_marka-mikado","12":"first","13":"instock","14":"shipping-taxable","15":"purchasable","16":"product-type-variable"},"_links":{"self":[{"href":"https:\/\/kotlinafishing.pl\/index.php?rest_route=\/wp\/v2\/product\/3056","targetHints":{"allow":["GET"]}}],"collection":[{"href":"https:\/\/kotlinafishing.pl\/index.php?rest_route=\/wp\/v2\/product"}],"about":[{"href":"https:\/\/kotlinafishing.pl\/index.php?rest_route=\/wp\/v2\/types\/product"}],"wp:featuredmedia":[{"embeddable":true,"href":"https:\/\/kotlinafishing.pl\/index.php?rest_route=\/wp\/v2\/media\/3091"}],"wp:attachment":[{"href":"https:\/\/kotlinafishing.pl\/index.php?rest_route=%2Fwp%2Fv2%2Fmedia&parent=3056"}],"wp:term":[{"taxonomy":"product_brand","embeddable":true,"href":"https:\/\/kotlinafishing.pl\/index.php?rest_route=%2Fwp%2Fv2%2Fproduct_brand&post=3056"},{"taxonomy":"product_cat","embeddable":true,"href":"https:\/\/kotlinafishing.pl\/index.php?rest_route=%2Fwp%2Fv2%2Fproduct_cat&post=3056"},{"taxonomy":"product_tag","embeddable":true,"href":"https:\/\/kotlinafishing.pl\/index.php?rest_route=%2Fwp%2Fv2%2Fproduct_tag&post=3056"}],"curies":[{"name":"wp","href":"https:\/\/api.w.org\/{rel}","templated":true}]}}