{"id":3053,"date":"2026-02-24T10:16:13","date_gmt":"2026-02-24T09:16:13","guid":{"rendered":"https:\/\/kotlinafishing.pl\/?post_type=product&#038;p=3053"},"modified":"2026-02-25T22:57:38","modified_gmt":"2026-02-25T21:57:38","slug":"glowki-jigowe-mikado-jaws-classic-jig-op-3szt","status":"publish","type":"product","link":"https:\/\/kotlinafishing.pl\/?product=glowki-jigowe-mikado-jaws-classic-jig-op-3szt","title":{"rendered":"G\u0142\u00f3wki jigowe Mikado Jaws Classic Jig (op. 3szt.)"},"content":{"rendered":"<p>Jak sama nazwa wskazuje s\u0105 to bardzo klasyczne g\u0142\u00f3wki, jednak klasyczne nie znaczy przeci\u0119tne. Najwy\u017cszej jako\u015bci haki stanowi\u0105ce solidn\u0105 baz\u0119 dla tych g\u0142\u00f3wek to tylko pierwszy z niekwestionowanych atut\u00f3w. Kolejnym jest niewielki haczyk zapewniaj\u0105cy stabilne utrzymywanie si\u0119 przyn\u0119ty.<\/p>\n<p><strong>Pakowane po 3 sztuki.<\/strong><\/p>\n","protected":false},"excerpt":{"rendered":"<p>Jak sama nazwa wskazuje s\u0105 to bardzo klasyczne g\u0142\u00f3wki, jednak klasyczne nie znaczy przeci\u0119tne. Najwy\u017cszej jako\u015bci haki stanowi\u0105ce solidn\u0105 baz\u0119 dla tych g\u0142\u00f3wek to tylko pierwszy z niekwestionowanych atut\u00f3w. Kolejnym jest niewielki haczyk zapewniaj\u0105cy stabilne utrzymywanie si\u0119 przyn\u0119ty.<\/p>\n<p><strong>Pakowane po 3 sztuki.<\/strong><\/p>\n","protected":false},"featured_media":3088,"template":"","meta":[],"product_brand":[22],"product_cat":[166,165,21],"product_tag":[],"class_list":{"0":"post-3053","1":"product","2":"type-product","3":"status-publish","4":"has-post-thumbnail","6":"product_brand-mikado","7":"product_cat-glowki-jigowe","8":"product_cat-glowki-jigowe-haczyki-kotwiczki-dozbrojki","9":"product_cat-spinning","10":"pa_marka-mikado","12":"first","13":"instock","14":"shipping-taxable","15":"purchasable","16":"product-type-variable"},"_links":{"self":[{"href":"https:\/\/kotlinafishing.pl\/index.php?rest_route=\/wp\/v2\/product\/3053","targetHints":{"allow":["GET"]}}],"collection":[{"href":"https:\/\/kotlinafishing.pl\/index.php?rest_route=\/wp\/v2\/product"}],"about":[{"href":"https:\/\/kotlinafishing.pl\/index.php?rest_route=\/wp\/v2\/types\/product"}],"wp:featuredmedia":[{"embeddable":true,"href":"https:\/\/kotlinafishing.pl\/index.php?rest_route=\/wp\/v2\/media\/3088"}],"wp:attachment":[{"href":"https:\/\/kotlinafishing.pl\/index.php?rest_route=%2Fwp%2Fv2%2Fmedia&parent=3053"}],"wp:term":[{"taxonomy":"product_brand","embeddable":true,"href":"https:\/\/kotlinafishing.pl\/index.php?rest_route=%2Fwp%2Fv2%2Fproduct_brand&post=3053"},{"taxonomy":"product_cat","embeddable":true,"href":"https:\/\/kotlinafishing.pl\/index.php?rest_route=%2Fwp%2Fv2%2Fproduct_cat&post=3053"},{"taxonomy":"product_tag","embeddable":true,"href":"https:\/\/kotlinafishing.pl\/index.php?rest_route=%2Fwp%2Fv2%2Fproduct_tag&post=3053"}],"curies":[{"name":"wp","href":"https:\/\/api.w.org\/{rel}","templated":true}]}}