{"id":3026,"date":"2026-02-21T19:43:20","date_gmt":"2026-02-21T18:43:20","guid":{"rendered":"http:\/\/kotlinafishing.pl\/?post_type=product&#038;p=3026"},"modified":"2026-02-21T19:43:20","modified_gmt":"2026-02-21T18:43:20","slug":"m-r-baits-enemy-twist-35mm-perla-1szt","status":"publish","type":"product","link":"https:\/\/kotlinafishing.pl\/?product=m-r-baits-enemy-twist-35mm-perla-1szt","title":{"rendered":"M.R. Baits Enemy Twist 35mm Per\u0142a (1szt.)"},"content":{"rendered":"<p>Przyn\u0119ta gumowa Enemy Twist wykonana z mi\u0119kkiego, trwa\u0142ego, p\u0142ywaj\u0105cego plastisolu najwy\u017cszej jako\u015bci, . Charakteryzuje si\u0119 unikaln\u0105 prac\u0105 kt\u00f3rej nie oprze si\u0119 \u017caden drapie\u017cnik. Odpowiednio dobrane kolory dodaj\u0105 jej skuteczno\u015bci, dodatkowo . Enemy to gwarancja skuteczno\u015bci. D\u0142ugo\u015b\u0107 przyn\u0119ty 35 milimetr\u00f3w. Waga 0,4 grama<\/p>\n","protected":false},"excerpt":{"rendered":"<p>Przyn\u0119ta gumowa Enemy Twist wykonana z mi\u0119kkiego, trwa\u0142ego, p\u0142ywaj\u0105cego plastisolu najwy\u017cszej jako\u015bci, . Charakteryzuje si\u0119 unikaln\u0105 prac\u0105 kt\u00f3rej nie oprze si\u0119 \u017caden drapie\u017cnik. Odpowiednio dobrane kolory dodaj\u0105 jej skuteczno\u015bci, dodatkowo . Enemy to gwarancja skuteczno\u015bci. D\u0142ugo\u015b\u0107 przyn\u0119ty 35 milimetr\u00f3w. Waga 0,4 grama<\/p>\n","protected":false},"featured_media":0,"template":"","meta":[],"product_brand":[229],"product_cat":[195,194,197,21],"product_tag":[],"class_list":{"0":"post-3026","1":"product","2":"type-product","3":"status-publish","5":"product_brand-m-r-baits","6":"product_cat-gumy","7":"product_cat-przynety-spinningowe","8":"product_cat-twistery","9":"product_cat-spinning","10":"pa_dlugosc-35mm","11":"pa_marka-m-r-baits","13":"first","14":"instock","15":"shipping-taxable","16":"product-type-simple"},"_links":{"self":[{"href":"https:\/\/kotlinafishing.pl\/index.php?rest_route=\/wp\/v2\/product\/3026","targetHints":{"allow":["GET"]}}],"collection":[{"href":"https:\/\/kotlinafishing.pl\/index.php?rest_route=\/wp\/v2\/product"}],"about":[{"href":"https:\/\/kotlinafishing.pl\/index.php?rest_route=\/wp\/v2\/types\/product"}],"wp:attachment":[{"href":"https:\/\/kotlinafishing.pl\/index.php?rest_route=%2Fwp%2Fv2%2Fmedia&parent=3026"}],"wp:term":[{"taxonomy":"product_brand","embeddable":true,"href":"https:\/\/kotlinafishing.pl\/index.php?rest_route=%2Fwp%2Fv2%2Fproduct_brand&post=3026"},{"taxonomy":"product_cat","embeddable":true,"href":"https:\/\/kotlinafishing.pl\/index.php?rest_route=%2Fwp%2Fv2%2Fproduct_cat&post=3026"},{"taxonomy":"product_tag","embeddable":true,"href":"https:\/\/kotlinafishing.pl\/index.php?rest_route=%2Fwp%2Fv2%2Fproduct_tag&post=3026"}],"curies":[{"name":"wp","href":"https:\/\/api.w.org\/{rel}","templated":true}]}}