{"id":2977,"date":"2026-02-21T18:35:58","date_gmt":"2026-02-21T17:35:58","guid":{"rendered":"http:\/\/kotlinafishing.pl\/?post_type=product&#038;p=2977"},"modified":"2026-02-21T19:06:50","modified_gmt":"2026-02-21T18:06:50","slug":"m-r-baits-enemy-13cm-light-blue-1-szt","status":"publish","type":"product","link":"https:\/\/kotlinafishing.pl\/?product=m-r-baits-enemy-13cm-light-blue-1-szt","title":{"rendered":"M.R. Baits Enemy 13cm Light Blue (1szt.)"},"content":{"rendered":"<p>Przyn\u0119ta gumowa Enemy wykonana z mi\u0119kkiego, trwa\u0142ego, p\u0142ywaj\u0105cego plastisolu najwy\u017cszej jako\u015bci, . Charakteryzuje si\u0119 unikaln\u0105 prac\u0105 kt\u00f3rej nie oprze si\u0119 \u017caden drapie\u017cnik. Odpowiednio dobrane kolory dodaj\u0105 jej skuteczno\u015bci o czym przekona\u0142y si\u0119 tysi\u0105ce w\u0119dkarzy. Enemy to gwarancja skuteczno\u015bci. D\u0142ugo\u015b\u0107 przyn\u0119ty 13 centymetr\u00f3w. Waga 19 gram\u00f3w.<\/p>\n","protected":false},"excerpt":{"rendered":"<p>Przyn\u0119ta gumowa Enemy wykonana z mi\u0119kkiego, trwa\u0142ego, p\u0142ywaj\u0105cego plastisolu najwy\u017cszej jako\u015bci, . Charakteryzuje si\u0119 unikaln\u0105 prac\u0105 kt\u00f3rej nie oprze si\u0119 \u017caden drapie\u017cnik. Odpowiednio dobrane kolory dodaj\u0105 jej skuteczno\u015bci o czym przekona\u0142y si\u0119 tysi\u0105ce w\u0119dkarzy. Enemy to gwarancja skuteczno\u015bci. D\u0142ugo\u015b\u0107 przyn\u0119ty 13 centymetr\u00f3w. Waga 19 gram\u00f3w.<\/p>\n","protected":false},"featured_media":2979,"template":"","meta":[],"product_brand":[229],"product_cat":[195,196,194,21],"product_tag":[],"class_list":{"0":"post-2977","1":"product","2":"type-product","3":"status-publish","4":"has-post-thumbnail","6":"product_brand-m-r-baits","7":"product_cat-gumy","8":"product_cat-kopyta","9":"product_cat-przynety-spinningowe","10":"product_cat-spinning","11":"pa_dlugosc-13cm","12":"pa_marka-m-r-baits","14":"first","15":"instock","16":"shipping-taxable","17":"product-type-simple"},"_links":{"self":[{"href":"https:\/\/kotlinafishing.pl\/index.php?rest_route=\/wp\/v2\/product\/2977","targetHints":{"allow":["GET"]}}],"collection":[{"href":"https:\/\/kotlinafishing.pl\/index.php?rest_route=\/wp\/v2\/product"}],"about":[{"href":"https:\/\/kotlinafishing.pl\/index.php?rest_route=\/wp\/v2\/types\/product"}],"wp:featuredmedia":[{"embeddable":true,"href":"https:\/\/kotlinafishing.pl\/index.php?rest_route=\/wp\/v2\/media\/2979"}],"wp:attachment":[{"href":"https:\/\/kotlinafishing.pl\/index.php?rest_route=%2Fwp%2Fv2%2Fmedia&parent=2977"}],"wp:term":[{"taxonomy":"product_brand","embeddable":true,"href":"https:\/\/kotlinafishing.pl\/index.php?rest_route=%2Fwp%2Fv2%2Fproduct_brand&post=2977"},{"taxonomy":"product_cat","embeddable":true,"href":"https:\/\/kotlinafishing.pl\/index.php?rest_route=%2Fwp%2Fv2%2Fproduct_cat&post=2977"},{"taxonomy":"product_tag","embeddable":true,"href":"https:\/\/kotlinafishing.pl\/index.php?rest_route=%2Fwp%2Fv2%2Fproduct_tag&post=2977"}],"curies":[{"name":"wp","href":"https:\/\/api.w.org\/{rel}","templated":true}]}}