{"id":2739,"date":"2026-02-14T09:09:13","date_gmt":"2026-02-14T08:09:13","guid":{"rendered":"http:\/\/kotlinafishing.pl\/?post_type=product&#038;p=2739"},"modified":"2026-02-14T18:42:47","modified_gmt":"2026-02-14T17:42:47","slug":"torba-na-siatke-mpro-system-eva-matchpro-small","status":"publish","type":"product","link":"https:\/\/kotlinafishing.pl\/?product=torba-na-siatke-mpro-system-eva-matchpro-small","title":{"rendered":"Torba na siatk\u0119 MPRO System EVA MatchPro SMALL"},"content":{"rendered":"<p>Przedstawiamy torb\u0119 stworzon\u0105 specjalnie do przechowywania i transportu siatek w\u0119dkarskich oraz koszy do podbieraka.<\/p>\n<p>Dzi\u0119ki swojej pojemno\u015bci sprawdzi si\u0119 r\u00f3wnie\u017c do przewo\u017cenia sit, mat oraz innych akcesori\u00f3w niezb\u0119dnych na \u0142owisku.<\/p>\n<p>Cechy i zalety:<\/p>\n<p>\u2705 Du\u017ca pojemno\u015b\u0107 \u2013 bez problemu pomie\u015bci dwie siatki o d\u0142ugo\u015bci 4 m.<\/p>\n<p>\u2705 Wykonana z niezwykle mocnego i wodoodpornego materia\u0142u EVA \u2013 odporna na wilgo\u0107 i uszkodzenia.<\/p>\n<p>\u2705 Praktyczne zamkni\u0119cie na suwak \u2013 szybki i \u0142atwy dost\u0119p do zawarto\u015bci.<\/p>\n<p>\u2705 Mocne uchwyty do przenoszenia \u2013 komfortowy i bezpieczny transport.<\/p>\n<p>\u2705 \u0141atwa w czyszczeniu \u2013 materia\u0142 EVA nie poch\u0142ania zapach\u00f3w i jest odporny na zabrudzenia.<\/p>\n<p>\u2705 Optymalne wymiary: 60 x 20 x 60 cm \u2013 kompaktowa, ale bardzo pojemna.<\/p>\n","protected":false},"excerpt":{"rendered":"<p>Przedstawiamy torb\u0119 stworzon\u0105 specjalnie do przechowywania i transportu siatek w\u0119dkarskich oraz koszy do podbieraka.<\/p>\n<p>Dzi\u0119ki swojej pojemno\u015bci sprawdzi si\u0119 r\u00f3wnie\u017c do przewo\u017cenia sit, mat oraz innych akcesori\u00f3w niezb\u0119dnych na \u0142owisku.<\/p>\n","protected":false},"featured_media":2762,"template":"","meta":[],"product_brand":[24],"product_cat":[90,92,19],"product_tag":[],"class_list":{"0":"post-2739","1":"product","2":"type-product","3":"status-publish","4":"has-post-thumbnail","6":"product_brand-matchpro","7":"product_cat-bagaz","8":"product_cat-pokrowce-na-siatki","9":"product_cat-grunt","10":"pa_marka-matchpro","12":"first","13":"instock","14":"shipping-taxable","15":"purchasable","16":"product-type-simple"},"_links":{"self":[{"href":"https:\/\/kotlinafishing.pl\/index.php?rest_route=\/wp\/v2\/product\/2739","targetHints":{"allow":["GET"]}}],"collection":[{"href":"https:\/\/kotlinafishing.pl\/index.php?rest_route=\/wp\/v2\/product"}],"about":[{"href":"https:\/\/kotlinafishing.pl\/index.php?rest_route=\/wp\/v2\/types\/product"}],"wp:featuredmedia":[{"embeddable":true,"href":"https:\/\/kotlinafishing.pl\/index.php?rest_route=\/wp\/v2\/media\/2762"}],"wp:attachment":[{"href":"https:\/\/kotlinafishing.pl\/index.php?rest_route=%2Fwp%2Fv2%2Fmedia&parent=2739"}],"wp:term":[{"taxonomy":"product_brand","embeddable":true,"href":"https:\/\/kotlinafishing.pl\/index.php?rest_route=%2Fwp%2Fv2%2Fproduct_brand&post=2739"},{"taxonomy":"product_cat","embeddable":true,"href":"https:\/\/kotlinafishing.pl\/index.php?rest_route=%2Fwp%2Fv2%2Fproduct_cat&post=2739"},{"taxonomy":"product_tag","embeddable":true,"href":"https:\/\/kotlinafishing.pl\/index.php?rest_route=%2Fwp%2Fv2%2Fproduct_tag&post=2739"}],"curies":[{"name":"wp","href":"https:\/\/api.w.org\/{rel}","templated":true}]}}