{"id":2738,"date":"2026-02-14T09:05:34","date_gmt":"2026-02-14T08:05:34","guid":{"rendered":"http:\/\/kotlinafishing.pl\/?post_type=product&#038;p=2738"},"modified":"2026-02-14T18:02:41","modified_gmt":"2026-02-14T17:02:41","slug":"pokrowiec-na-wedki-mikado-2-komorowy-80cm-camo","status":"publish","type":"product","link":"https:\/\/kotlinafishing.pl\/?product=pokrowiec-na-wedki-mikado-2-komorowy-80cm-camo","title":{"rendered":"Pokrowiec na w\u0119dki Mikado 2-komorowy 80cm camo"},"content":{"rendered":"<p>Szeroka oferta pokrowc\u00f3w na w\u0119dki, uszytych z doskona\u0142ej jako\u015bci, wzmocnionego i impregnowanego materia\u0142u. Dost\u0119pne w r\u00f3\u017cnych d\u0142ugo\u015bciach i ilo\u015bciach kom\u00f3r. Pozwalaj\u0105 bezpiecznie i wygodnie transportowa\u0107 w\u0119dziska, niezb\u0119dne na w\u0119dkarskiej wyprawie.<\/p>\n","protected":false},"excerpt":{"rendered":"<p>Szeroka oferta pokrowc\u00f3w na w\u0119dki, uszytych z doskona\u0142ej jako\u015bci, wzmocnionego i impregnowanego materia\u0142u. Dost\u0119pne w r\u00f3\u017cnych d\u0142ugo\u015bciach i ilo\u015bciach kom\u00f3r. Pozwalaj\u0105 bezpiecznie i wygodnie transportowa\u0107 w\u0119dziska, niezb\u0119dne na w\u0119dkarskiej wyprawie.<\/p>\n","protected":false},"featured_media":2757,"template":"","meta":[],"product_brand":[22],"product_cat":[90,91,19],"product_tag":[],"class_list":{"0":"post-2738","1":"product","2":"type-product","3":"status-publish","4":"has-post-thumbnail","6":"product_brand-mikado","7":"product_cat-bagaz","8":"product_cat-pokrowce-na-wedki","9":"product_cat-grunt","10":"pa_marka-mikado","12":"first","13":"instock","14":"shipping-taxable","15":"purchasable","16":"product-type-simple"},"_links":{"self":[{"href":"https:\/\/kotlinafishing.pl\/index.php?rest_route=\/wp\/v2\/product\/2738","targetHints":{"allow":["GET"]}}],"collection":[{"href":"https:\/\/kotlinafishing.pl\/index.php?rest_route=\/wp\/v2\/product"}],"about":[{"href":"https:\/\/kotlinafishing.pl\/index.php?rest_route=\/wp\/v2\/types\/product"}],"wp:featuredmedia":[{"embeddable":true,"href":"https:\/\/kotlinafishing.pl\/index.php?rest_route=\/wp\/v2\/media\/2757"}],"wp:attachment":[{"href":"https:\/\/kotlinafishing.pl\/index.php?rest_route=%2Fwp%2Fv2%2Fmedia&parent=2738"}],"wp:term":[{"taxonomy":"product_brand","embeddable":true,"href":"https:\/\/kotlinafishing.pl\/index.php?rest_route=%2Fwp%2Fv2%2Fproduct_brand&post=2738"},{"taxonomy":"product_cat","embeddable":true,"href":"https:\/\/kotlinafishing.pl\/index.php?rest_route=%2Fwp%2Fv2%2Fproduct_cat&post=2738"},{"taxonomy":"product_tag","embeddable":true,"href":"https:\/\/kotlinafishing.pl\/index.php?rest_route=%2Fwp%2Fv2%2Fproduct_tag&post=2738"}],"curies":[{"name":"wp","href":"https:\/\/api.w.org\/{rel}","templated":true}]}}