{"id":2737,"date":"2026-02-14T09:02:33","date_gmt":"2026-02-14T08:02:33","guid":{"rendered":"http:\/\/kotlinafishing.pl\/?post_type=product&#038;p=2737"},"modified":"2026-02-14T18:03:35","modified_gmt":"2026-02-14T17:03:35","slug":"pokrowiec-na-wedki-mikado-method-feeder-2-komorowy-175cm","status":"publish","type":"product","link":"https:\/\/kotlinafishing.pl\/?product=pokrowiec-na-wedki-mikado-method-feeder-2-komorowy-175cm","title":{"rendered":"Pokrowiec na w\u0119dki Mikado Method Feeder 2-komorowy 175cm"},"content":{"rendered":"<p>Specjalistyczne pokrowice zabezpiecz\u0105 Twoje w\u0119dki przed uszkodzeniem. Dodatkowe kieszenie pomieszcz\u0105 niezb\u0119dne akcesoria. Dla Twojej wygody zosta\u0142y wykonane z \u0142atwego w czyszczeniu, trwa\u0142ego materia\u0142u.<\/p>\n","protected":false},"excerpt":{"rendered":"<p>Specjalistyczne pokrowice zabezpiecz\u0105 Twoje w\u0119dki przed uszkodzeniem. Dodatkowe kieszenie pomieszcz\u0105 niezb\u0119dne akcesoria. Dla Twojej wygody zosta\u0142y wykonane z \u0142atwego w czyszczeniu, trwa\u0142ego materia\u0142u.<\/p>\n","protected":false},"featured_media":2758,"template":"","meta":[],"product_brand":[22],"product_cat":[90,91,19],"product_tag":[],"class_list":{"0":"post-2737","1":"product","2":"type-product","3":"status-publish","4":"has-post-thumbnail","6":"product_brand-mikado","7":"product_cat-bagaz","8":"product_cat-pokrowce-na-wedki","9":"product_cat-grunt","10":"pa_marka-mikado","12":"first","13":"instock","14":"shipping-taxable","15":"purchasable","16":"product-type-simple"},"_links":{"self":[{"href":"https:\/\/kotlinafishing.pl\/index.php?rest_route=\/wp\/v2\/product\/2737","targetHints":{"allow":["GET"]}}],"collection":[{"href":"https:\/\/kotlinafishing.pl\/index.php?rest_route=\/wp\/v2\/product"}],"about":[{"href":"https:\/\/kotlinafishing.pl\/index.php?rest_route=\/wp\/v2\/types\/product"}],"wp:featuredmedia":[{"embeddable":true,"href":"https:\/\/kotlinafishing.pl\/index.php?rest_route=\/wp\/v2\/media\/2758"}],"wp:attachment":[{"href":"https:\/\/kotlinafishing.pl\/index.php?rest_route=%2Fwp%2Fv2%2Fmedia&parent=2737"}],"wp:term":[{"taxonomy":"product_brand","embeddable":true,"href":"https:\/\/kotlinafishing.pl\/index.php?rest_route=%2Fwp%2Fv2%2Fproduct_brand&post=2737"},{"taxonomy":"product_cat","embeddable":true,"href":"https:\/\/kotlinafishing.pl\/index.php?rest_route=%2Fwp%2Fv2%2Fproduct_cat&post=2737"},{"taxonomy":"product_tag","embeddable":true,"href":"https:\/\/kotlinafishing.pl\/index.php?rest_route=%2Fwp%2Fv2%2Fproduct_tag&post=2737"}],"curies":[{"name":"wp","href":"https:\/\/api.w.org\/{rel}","templated":true}]}}