{"id":2736,"date":"2026-02-14T08:59:46","date_gmt":"2026-02-14T07:59:46","guid":{"rendered":"http:\/\/kotlinafishing.pl\/?post_type=product&#038;p=2736"},"modified":"2026-02-14T18:04:36","modified_gmt":"2026-02-14T17:04:36","slug":"pokrowiec-na-wedki-mikado-1-komorowy-usztywniany-150cm","status":"publish","type":"product","link":"https:\/\/kotlinafishing.pl\/?product=pokrowiec-na-wedki-mikado-1-komorowy-usztywniany-150cm","title":{"rendered":"Pokrowiec na w\u0119dki Mikado 1-komorowy usztywniany 150cm"},"content":{"rendered":"<p>Sztywny pokrowiec do transportu wedzisk Mikado zostal wykonany z gestej Cordury, kt\u00f3ra charakteryzuje sie bardzo wysoka odpornoscia na przetarcia. D\u00f3\u0142 pokrowca zosta\u0142 wzmocniony aby mozliwe by\u0142o pionowe ustabilizowanie go.<\/p>\n","protected":false},"excerpt":{"rendered":"<p>Sztywny pokrowiec do transportu wedzisk Mikado zostal wykonany z gestej Cordury, kt\u00f3ra charakteryzuje sie bardzo wysoka odpornoscia na przetarcia. D\u00f3\u0142 pokrowca zosta\u0142 wzmocniony aby mozliwe by\u0142o pionowe ustabilizowanie go.<\/p>\n","protected":false},"featured_media":2760,"template":"","meta":[],"product_brand":[22],"product_cat":[90,91],"product_tag":[],"class_list":{"0":"post-2736","1":"product","2":"type-product","3":"status-publish","4":"has-post-thumbnail","6":"product_brand-mikado","7":"product_cat-bagaz","8":"product_cat-pokrowce-na-wedki","9":"pa_marka-mikado","11":"first","12":"instock","13":"shipping-taxable","14":"purchasable","15":"product-type-simple"},"_links":{"self":[{"href":"https:\/\/kotlinafishing.pl\/index.php?rest_route=\/wp\/v2\/product\/2736","targetHints":{"allow":["GET"]}}],"collection":[{"href":"https:\/\/kotlinafishing.pl\/index.php?rest_route=\/wp\/v2\/product"}],"about":[{"href":"https:\/\/kotlinafishing.pl\/index.php?rest_route=\/wp\/v2\/types\/product"}],"wp:featuredmedia":[{"embeddable":true,"href":"https:\/\/kotlinafishing.pl\/index.php?rest_route=\/wp\/v2\/media\/2760"}],"wp:attachment":[{"href":"https:\/\/kotlinafishing.pl\/index.php?rest_route=%2Fwp%2Fv2%2Fmedia&parent=2736"}],"wp:term":[{"taxonomy":"product_brand","embeddable":true,"href":"https:\/\/kotlinafishing.pl\/index.php?rest_route=%2Fwp%2Fv2%2Fproduct_brand&post=2736"},{"taxonomy":"product_cat","embeddable":true,"href":"https:\/\/kotlinafishing.pl\/index.php?rest_route=%2Fwp%2Fv2%2Fproduct_cat&post=2736"},{"taxonomy":"product_tag","embeddable":true,"href":"https:\/\/kotlinafishing.pl\/index.php?rest_route=%2Fwp%2Fv2%2Fproduct_tag&post=2736"}],"curies":[{"name":"wp","href":"https:\/\/api.w.org\/{rel}","templated":true}]}}