{"id":2722,"date":"2026-02-13T10:10:05","date_gmt":"2026-02-13T09:10:05","guid":{"rendered":"http:\/\/kotlinafishing.pl\/?post_type=product&#038;p=2722"},"modified":"2026-02-14T18:43:40","modified_gmt":"2026-02-14T17:43:40","slug":"wiadro-25l-team-matchpro-red","status":"publish","type":"product","link":"https:\/\/kotlinafishing.pl\/?product=wiadro-25l-team-matchpro-red","title":{"rendered":"Wiadro 25l Team MatchPro RED"},"content":{"rendered":"<p>Wiadro w\u0119dkarskie wykonane z wysokiej jako\u015bci tworzywa sztucznego. Posiada na wewn\u0119trznym boku miark\u0119 dla sprawnego odmierzania przygotowywanej mieszanki zan\u0119towej.<\/p>\n<p><strong>Pojemno\u015b\u0107:<\/strong> 25l<\/p>\n","protected":false},"excerpt":{"rendered":"<p>Wiadro w\u0119dkarskie wykonane z wysokiej jako\u015bci tworzywa sztucznego. Posiada na wewn\u0119trznym boku miark\u0119 dla sprawnego odmierzania przygotowywanej mieszanki zan\u0119towej.<\/p>\n<p><strong>Pojemno\u015b\u0107:<\/strong> 25l<\/p>\n","protected":false},"featured_media":2764,"template":"","meta":[],"product_brand":[24],"product_cat":[19,50,49],"product_tag":[],"class_list":{"0":"post-2722","1":"product","2":"type-product","3":"status-publish","4":"has-post-thumbnail","6":"product_brand-matchpro","7":"product_cat-grunt","8":"product_cat-wiadra","9":"product_cat-wiadra-miski-sita","10":"pa_marka-matchpro","12":"first","13":"instock","14":"shipping-taxable","15":"purchasable","16":"product-type-simple"},"_links":{"self":[{"href":"https:\/\/kotlinafishing.pl\/index.php?rest_route=\/wp\/v2\/product\/2722","targetHints":{"allow":["GET"]}}],"collection":[{"href":"https:\/\/kotlinafishing.pl\/index.php?rest_route=\/wp\/v2\/product"}],"about":[{"href":"https:\/\/kotlinafishing.pl\/index.php?rest_route=\/wp\/v2\/types\/product"}],"wp:featuredmedia":[{"embeddable":true,"href":"https:\/\/kotlinafishing.pl\/index.php?rest_route=\/wp\/v2\/media\/2764"}],"wp:attachment":[{"href":"https:\/\/kotlinafishing.pl\/index.php?rest_route=%2Fwp%2Fv2%2Fmedia&parent=2722"}],"wp:term":[{"taxonomy":"product_brand","embeddable":true,"href":"https:\/\/kotlinafishing.pl\/index.php?rest_route=%2Fwp%2Fv2%2Fproduct_brand&post=2722"},{"taxonomy":"product_cat","embeddable":true,"href":"https:\/\/kotlinafishing.pl\/index.php?rest_route=%2Fwp%2Fv2%2Fproduct_cat&post=2722"},{"taxonomy":"product_tag","embeddable":true,"href":"https:\/\/kotlinafishing.pl\/index.php?rest_route=%2Fwp%2Fv2%2Fproduct_tag&post=2722"}],"curies":[{"name":"wp","href":"https:\/\/api.w.org\/{rel}","templated":true}]}}