{"id":2720,"date":"2026-02-13T10:04:14","date_gmt":"2026-02-13T09:04:14","guid":{"rendered":"http:\/\/kotlinafishing.pl\/?post_type=product&#038;p=2720"},"modified":"2026-02-14T18:44:59","modified_gmt":"2026-02-14T17:44:59","slug":"kociol-40l-team-matchpro-red","status":"publish","type":"product","link":"https:\/\/kotlinafishing.pl\/?product=kociol-40l-team-matchpro-red","title":{"rendered":"Kocio\u0142 40l Team MatchPro RED"},"content":{"rendered":"<p>Kocio\u0142\u00a0w\u0119dkarski wykonany z wysokiej jako\u015bci tworzywa sztucznego. Posiada na wewn\u0119trznym boku miark\u0119 dla sprawnego odmierzania przygotowywanej mieszanki zan\u0119towej.<\/p>\n<p><strong>Pojemno\u015b\u0107:<\/strong> 40l<\/p>\n","protected":false},"excerpt":{"rendered":"<p>Kocio\u0142\u00a0w\u0119dkarski wykonany z wysokiej jako\u015bci tworzywa sztucznego. Posiada na wewn\u0119trznym boku miark\u0119 dla sprawnego odmierzania przygotowywanej mieszanki zan\u0119towej.<\/p>\n<p><strong>Pojemno\u015b\u0107:<\/strong> 40l<\/p>\n","protected":false},"featured_media":2772,"template":"","meta":[],"product_brand":[24],"product_cat":[19,50,49],"product_tag":[],"class_list":{"0":"post-2720","1":"product","2":"type-product","3":"status-publish","4":"has-post-thumbnail","6":"product_brand-matchpro","7":"product_cat-grunt","8":"product_cat-wiadra","9":"product_cat-wiadra-miski-sita","10":"pa_marka-matchpro","12":"first","13":"instock","14":"shipping-taxable","15":"purchasable","16":"product-type-simple"},"_links":{"self":[{"href":"https:\/\/kotlinafishing.pl\/index.php?rest_route=\/wp\/v2\/product\/2720","targetHints":{"allow":["GET"]}}],"collection":[{"href":"https:\/\/kotlinafishing.pl\/index.php?rest_route=\/wp\/v2\/product"}],"about":[{"href":"https:\/\/kotlinafishing.pl\/index.php?rest_route=\/wp\/v2\/types\/product"}],"wp:featuredmedia":[{"embeddable":true,"href":"https:\/\/kotlinafishing.pl\/index.php?rest_route=\/wp\/v2\/media\/2772"}],"wp:attachment":[{"href":"https:\/\/kotlinafishing.pl\/index.php?rest_route=%2Fwp%2Fv2%2Fmedia&parent=2720"}],"wp:term":[{"taxonomy":"product_brand","embeddable":true,"href":"https:\/\/kotlinafishing.pl\/index.php?rest_route=%2Fwp%2Fv2%2Fproduct_brand&post=2720"},{"taxonomy":"product_cat","embeddable":true,"href":"https:\/\/kotlinafishing.pl\/index.php?rest_route=%2Fwp%2Fv2%2Fproduct_cat&post=2720"},{"taxonomy":"product_tag","embeddable":true,"href":"https:\/\/kotlinafishing.pl\/index.php?rest_route=%2Fwp%2Fv2%2Fproduct_tag&post=2720"}],"curies":[{"name":"wp","href":"https:\/\/api.w.org\/{rel}","templated":true}]}}