{"id":2718,"date":"2026-02-13T09:51:33","date_gmt":"2026-02-13T08:51:33","guid":{"rendered":"http:\/\/kotlinafishing.pl\/?post_type=product&#038;p=2718"},"modified":"2026-02-15T09:41:40","modified_gmt":"2026-02-15T08:41:40","slug":"torba-termiczna-matchpro-coolbag-small-aqua-system-33x23x26cm","status":"publish","type":"product","link":"https:\/\/kotlinafishing.pl\/?product=torba-termiczna-matchpro-coolbag-small-aqua-system-33x23x26cm","title":{"rendered":"Torba termiczna MatchPro Coolbag Small Aqua System (33x23x26cm)"},"content":{"rendered":"<p>Najwy\u017cszej jako\u015bci zawodnicza torba termiczna. Wykonana ze specjalnego wodoszczelnego materia\u0142u z certyfikatem GRS. Zaprojektowana do przechowywania \u017cywych przyn\u0119t, ale z powodzeniem mo\u017ce by\u0107 u\u017cywana do transportu namoczonej zan\u0119ty, pelletu oraz ugotowanych ziaren. Posiada bardzo wysok\u0105 barier\u0119 termiczn\u0105 co pozwala przez d\u0142ugo czas na utrzymywanie sta\u0142ej temperatury w \u015brodku torby. Torba zamykana jest na znakomity zamek YKK\u2122 oraz mocne uchwyty do przenoszenia.<\/p>\n<p><strong>Wymiary:<\/strong> 33x23x26 cm<\/p>\n","protected":false},"excerpt":{"rendered":"<p>Najwy\u017cszej jako\u015bci zawodnicza torba termiczna. Wykonana ze specjalnego wodoszczelnego materia\u0142u z certyfikatem GRS. Zaprojektowana do przechowywania \u017cywych przyn\u0119t, ale z powodzeniem mo\u017ce by\u0107 u\u017cywana do transportu namoczonej zan\u0119ty, pelletu oraz ugotowanych ziaren. Posiada bardzo wysok\u0105 barier\u0119 termiczn\u0105 co pozwala przez d\u0142ugo czas na utrzymywanie sta\u0142ej temperatury w \u015brodku torby. Torba zamykana jest na znakomity zamek YKK\u2122 oraz mocne uchwyty do przenoszenia.<\/p>\n<p><strong>Wymiary:<\/strong> 33x23x26 cm<\/p>\n","protected":false},"featured_media":2763,"template":"","meta":[],"product_brand":[24],"product_cat":[90,96,19],"product_tag":[],"class_list":{"0":"post-2718","1":"product","2":"type-product","3":"status-publish","4":"has-post-thumbnail","6":"product_brand-matchpro","7":"product_cat-bagaz","8":"product_cat-torby-termiczne","9":"product_cat-grunt","10":"pa_marka-matchpro","12":"first","13":"instock","14":"shipping-taxable","15":"purchasable","16":"product-type-simple"},"_links":{"self":[{"href":"https:\/\/kotlinafishing.pl\/index.php?rest_route=\/wp\/v2\/product\/2718","targetHints":{"allow":["GET"]}}],"collection":[{"href":"https:\/\/kotlinafishing.pl\/index.php?rest_route=\/wp\/v2\/product"}],"about":[{"href":"https:\/\/kotlinafishing.pl\/index.php?rest_route=\/wp\/v2\/types\/product"}],"wp:featuredmedia":[{"embeddable":true,"href":"https:\/\/kotlinafishing.pl\/index.php?rest_route=\/wp\/v2\/media\/2763"}],"wp:attachment":[{"href":"https:\/\/kotlinafishing.pl\/index.php?rest_route=%2Fwp%2Fv2%2Fmedia&parent=2718"}],"wp:term":[{"taxonomy":"product_brand","embeddable":true,"href":"https:\/\/kotlinafishing.pl\/index.php?rest_route=%2Fwp%2Fv2%2Fproduct_brand&post=2718"},{"taxonomy":"product_cat","embeddable":true,"href":"https:\/\/kotlinafishing.pl\/index.php?rest_route=%2Fwp%2Fv2%2Fproduct_cat&post=2718"},{"taxonomy":"product_tag","embeddable":true,"href":"https:\/\/kotlinafishing.pl\/index.php?rest_route=%2Fwp%2Fv2%2Fproduct_tag&post=2718"}],"curies":[{"name":"wp","href":"https:\/\/api.w.org\/{rel}","templated":true}]}}