{"id":2698,"date":"2026-02-12T10:44:21","date_gmt":"2026-02-12T09:44:21","guid":{"rendered":"http:\/\/kotlinafishing.pl\/?post_type=product&#038;p=2698"},"modified":"2026-02-15T09:44:40","modified_gmt":"2026-02-15T08:44:40","slug":"stopery-gumowe-olive-delphin","status":"publish","type":"product","link":"https:\/\/kotlinafishing.pl\/?product=stopery-gumowe-olive-delphin","title":{"rendered":"Stopery gumowe Olive Delphin"},"content":{"rendered":"<p>Szereg \u201eeliptycznych\u201d stoper\u00f3w s\u0142u\u017cy do produkcji zespo\u0142\u00f3w ko\u0144cowych. S\u0105 wykonywane z elastycznej mieszanki silikonowej o wysokiej trwa\u0142o\u015bci.<\/p>\n","protected":false},"excerpt":{"rendered":"<p>Szereg \u201eeliptycznych\u201d stoper\u00f3w s\u0142u\u017cy do produkcji zespo\u0142\u00f3w ko\u0144cowych. S\u0105 wykonywane z elastycznej mieszanki silikonowej o wysokiej trwa\u0142o\u015bci.<\/p>\n","protected":false},"featured_media":2782,"template":"","meta":[],"product_brand":[97],"product_cat":[70,75,19],"product_tag":[],"class_list":{"0":"post-2698","1":"product","2":"type-product","3":"status-publish","4":"has-post-thumbnail","6":"product_brand-delphin","7":"product_cat-akcesoria","8":"product_cat-stopery","9":"product_cat-grunt","10":"pa_marka-delphin","12":"first","13":"instock","14":"shipping-taxable","15":"purchasable","16":"product-type-variable"},"_links":{"self":[{"href":"https:\/\/kotlinafishing.pl\/index.php?rest_route=\/wp\/v2\/product\/2698","targetHints":{"allow":["GET"]}}],"collection":[{"href":"https:\/\/kotlinafishing.pl\/index.php?rest_route=\/wp\/v2\/product"}],"about":[{"href":"https:\/\/kotlinafishing.pl\/index.php?rest_route=\/wp\/v2\/types\/product"}],"wp:featuredmedia":[{"embeddable":true,"href":"https:\/\/kotlinafishing.pl\/index.php?rest_route=\/wp\/v2\/media\/2782"}],"wp:attachment":[{"href":"https:\/\/kotlinafishing.pl\/index.php?rest_route=%2Fwp%2Fv2%2Fmedia&parent=2698"}],"wp:term":[{"taxonomy":"product_brand","embeddable":true,"href":"https:\/\/kotlinafishing.pl\/index.php?rest_route=%2Fwp%2Fv2%2Fproduct_brand&post=2698"},{"taxonomy":"product_cat","embeddable":true,"href":"https:\/\/kotlinafishing.pl\/index.php?rest_route=%2Fwp%2Fv2%2Fproduct_cat&post=2698"},{"taxonomy":"product_tag","embeddable":true,"href":"https:\/\/kotlinafishing.pl\/index.php?rest_route=%2Fwp%2Fv2%2Fproduct_tag&post=2698"}],"curies":[{"name":"wp","href":"https:\/\/api.w.org\/{rel}","templated":true}]}}