{"id":2697,"date":"2026-02-12T10:22:38","date_gmt":"2026-02-12T09:22:38","guid":{"rendered":"http:\/\/kotlinafishing.pl\/?post_type=product&#038;p=2697"},"modified":"2026-02-15T09:45:13","modified_gmt":"2026-02-15T08:45:13","slug":"feeder-link-matchpro-5cm-op-2szt","status":"publish","type":"product","link":"https:\/\/kotlinafishing.pl\/?product=feeder-link-matchpro-5cm-op-2szt","title":{"rendered":"Feeder Link MatchPro 5cm (op. 2szt.)"},"content":{"rendered":"<p>Rewelacyjnej jako\u015bci \u0142\u0105czniki do koszyk\u00f3w zan\u0119towych typu FeederLink. Wykonane r\u0119cznie z dba\u0142o\u015bci\u0105 o najmniejsze detale. Buduj\u0105c ten \u0142\u0105cznik kierowali\u015bmy si\u0119 naszymi do\u015bwiadczeniami, aby zniwelowa\u0107 mo\u017cliwo\u015b\u0107 spl\u0105ta\u0144 zestawu.<\/p>\n<p>D\u0142ugo\u015b\u0107 Feederlinka &#8211; 5cm brutto (\u0142\u0105cznie z kr\u0119tlikiem)<\/p>\n<p>Opakowanie zawiera 2szt.<\/p>\n","protected":false},"excerpt":{"rendered":"<p>Rewelacyjnej jako\u015bci \u0142\u0105czniki do koszyk\u00f3w zan\u0119towych typu FeederLink. Wykonane r\u0119cznie z dba\u0142o\u015bci\u0105 o najmniejsze detale. Buduj\u0105c ten \u0142\u0105cznik kierowali\u015bmy si\u0119 naszymi do\u015bwiadczeniami, aby zniwelowa\u0107 mo\u017cliwo\u015b\u0107 spl\u0105ta\u0144 zestawu.<\/p>\n<p>D\u0142ugo\u015b\u0107 Feederlinka &#8211; 5cm brutto (\u0142\u0105cznie z kr\u0119tlikiem)<\/p>\n<p>Opakowanie zawiera 2szt.<\/p>\n","protected":false},"featured_media":2771,"template":"","meta":[],"product_brand":[24],"product_cat":[70,76,19],"product_tag":[],"class_list":{"0":"post-2697","1":"product","2":"type-product","3":"status-publish","4":"has-post-thumbnail","6":"product_brand-matchpro","7":"product_cat-akcesoria","8":"product_cat-feeder-linki","9":"product_cat-grunt","10":"pa_marka-matchpro","12":"first","13":"instock","14":"shipping-taxable","15":"purchasable","16":"product-type-simple"},"_links":{"self":[{"href":"https:\/\/kotlinafishing.pl\/index.php?rest_route=\/wp\/v2\/product\/2697","targetHints":{"allow":["GET"]}}],"collection":[{"href":"https:\/\/kotlinafishing.pl\/index.php?rest_route=\/wp\/v2\/product"}],"about":[{"href":"https:\/\/kotlinafishing.pl\/index.php?rest_route=\/wp\/v2\/types\/product"}],"wp:featuredmedia":[{"embeddable":true,"href":"https:\/\/kotlinafishing.pl\/index.php?rest_route=\/wp\/v2\/media\/2771"}],"wp:attachment":[{"href":"https:\/\/kotlinafishing.pl\/index.php?rest_route=%2Fwp%2Fv2%2Fmedia&parent=2697"}],"wp:term":[{"taxonomy":"product_brand","embeddable":true,"href":"https:\/\/kotlinafishing.pl\/index.php?rest_route=%2Fwp%2Fv2%2Fproduct_brand&post=2697"},{"taxonomy":"product_cat","embeddable":true,"href":"https:\/\/kotlinafishing.pl\/index.php?rest_route=%2Fwp%2Fv2%2Fproduct_cat&post=2697"},{"taxonomy":"product_tag","embeddable":true,"href":"https:\/\/kotlinafishing.pl\/index.php?rest_route=%2Fwp%2Fv2%2Fproduct_tag&post=2697"}],"curies":[{"name":"wp","href":"https:\/\/api.w.org\/{rel}","templated":true}]}}