{"id":2690,"date":"2026-02-12T10:06:32","date_gmt":"2026-02-12T09:06:32","guid":{"rendered":"http:\/\/kotlinafishing.pl\/?post_type=product&#038;p=2690"},"modified":"2026-02-13T22:59:40","modified_gmt":"2026-02-13T21:59:40","slug":"plecionka-przyponowa-mikado-nihonto-fine-braid-4x-012mm-15m-czarna","status":"publish","type":"product","link":"https:\/\/kotlinafishing.pl\/?product=plecionka-przyponowa-mikado-nihonto-fine-braid-4x-012mm-15m-czarna","title":{"rendered":"Plecionka przyponowa Mikado Nihonto Fine Braid 4x 0,12mm \/ 15m (czarna)"},"content":{"rendered":"<p>Nihonto Fine Braid to cztero-splotowa plecionka w\u0119dkarska wykonana w\u00a0100% z\u00a0mikrow\u0142\u00f3kien o\u00a0zwi\u0119kszonej g\u0119sto\u015bci High Density UHMW-PE. Ciasny splot zapewnia jej idealnie okr\u0105g\u0142y kszta\u0142t. Sprawdzi si\u0119 r\u00f3wnie dobrze w\u00a0po\u0142owach morskich jak i\u00a0spinningu czy metodach gruntowych. Nihonto Fine Braid pomimo swojej bardzo du\u017cej wytrzyma\u0142o\u015bci, jest mi\u0119kka. Dzi\u0119ki temu masz pewno\u015b\u0107, \u017ce idealnie u\u0142o\u017cy si\u0119 na szpuli ko\u0142owrotka zapewniaj\u0105c dalekie i\u00a0precyzyjne rzuty. Dost\u0119pne s\u0105 r\u00f3\u017cne wersje kolorystyczne: zielona, czarna, fluo oraz pomara\u0144czowa. Jednym s\u0142owem rewelacyjna jako\u015b\u0107 w\u00a0przyst\u0119pnej cenie!<\/p>\n","protected":false},"excerpt":{"rendered":"<p>Nihonto Fine Braid to cztero-splotowa plecionka w\u0119dkarska wykonana w\u00a0100% z\u00a0mikrow\u0142\u00f3kien o\u00a0zwi\u0119kszonej g\u0119sto\u015bci High Density UHMW-PE. Ciasny splot zapewnia jej idealnie okr\u0105g\u0142y kszta\u0142t. Sprawdzi si\u0119 r\u00f3wnie dobrze w\u00a0po\u0142owach morskich jak i\u00a0spinningu czy metodach gruntowych. Nihonto Fine Braid pomimo swojej bardzo du\u017cej wytrzyma\u0142o\u015bci, jest mi\u0119kka. Dzi\u0119ki temu masz pewno\u015b\u0107, \u017ce idealnie u\u0142o\u017cy si\u0119 na szpuli ko\u0142owrotka zapewniaj\u0105c dalekie i\u00a0precyzyjne rzuty. Dost\u0119pne s\u0105 r\u00f3\u017cne wersje kolorystyczne: zielona, czarna, fluo oraz pomara\u0144czowa. Jednym s\u0142owem rewelacyjna jako\u015b\u0107 w\u00a0przyst\u0119pnej cenie!<\/p>\n","protected":false},"featured_media":2734,"template":"","meta":[],"product_brand":[22],"product_cat":[64,19,60],"product_tag":[],"class_list":{"0":"post-2690","1":"product","2":"type-product","3":"status-publish","4":"has-post-thumbnail","6":"product_brand-mikado","7":"product_cat-plecionki-przyponowe","8":"product_cat-grunt","9":"product_cat-zylki-plecionki","10":"pa_marka-mikado","12":"first","13":"instock","14":"shipping-taxable","15":"purchasable","16":"product-type-simple"},"_links":{"self":[{"href":"https:\/\/kotlinafishing.pl\/index.php?rest_route=\/wp\/v2\/product\/2690","targetHints":{"allow":["GET"]}}],"collection":[{"href":"https:\/\/kotlinafishing.pl\/index.php?rest_route=\/wp\/v2\/product"}],"about":[{"href":"https:\/\/kotlinafishing.pl\/index.php?rest_route=\/wp\/v2\/types\/product"}],"wp:featuredmedia":[{"embeddable":true,"href":"https:\/\/kotlinafishing.pl\/index.php?rest_route=\/wp\/v2\/media\/2734"}],"wp:attachment":[{"href":"https:\/\/kotlinafishing.pl\/index.php?rest_route=%2Fwp%2Fv2%2Fmedia&parent=2690"}],"wp:term":[{"taxonomy":"product_brand","embeddable":true,"href":"https:\/\/kotlinafishing.pl\/index.php?rest_route=%2Fwp%2Fv2%2Fproduct_brand&post=2690"},{"taxonomy":"product_cat","embeddable":true,"href":"https:\/\/kotlinafishing.pl\/index.php?rest_route=%2Fwp%2Fv2%2Fproduct_cat&post=2690"},{"taxonomy":"product_tag","embeddable":true,"href":"https:\/\/kotlinafishing.pl\/index.php?rest_route=%2Fwp%2Fv2%2Fproduct_tag&post=2690"}],"curies":[{"name":"wp","href":"https:\/\/api.w.org\/{rel}","templated":true}]}}