{"id":2672,"date":"2026-02-11T09:35:26","date_gmt":"2026-02-11T08:35:26","guid":{"rendered":"http:\/\/kotlinafishing.pl\/?post_type=product&#038;p=2672"},"modified":"2026-02-15T09:48:00","modified_gmt":"2026-02-15T08:48:00","slug":"tulejka-teflonowa-wewnetrzna-stonfo-op-2szt","status":"publish","type":"product","link":"https:\/\/kotlinafishing.pl\/?product=tulejka-teflonowa-wewnetrzna-stonfo-op-2szt","title":{"rendered":"Tulejka teflonowa wewn\u0119trzna Stonfo (op. 2szt.)"},"content":{"rendered":"<h2 data-path-to-node=\"3\">Tulejka Teflonowa Wewn\u0119trzna Stonfo (PTFE) \u2013 2 szt.<\/h2>\n<p data-path-to-node=\"4\"><b data-path-to-node=\"4\" data-index-in-node=\"0\">Elegancja i najwy\u017csza precyzja pracy amortyzatora.<\/b><\/p>\n<p data-path-to-node=\"5\">Wewn\u0119trzne tulejki teflonowe <b data-path-to-node=\"5\" data-index-in-node=\"29\">Stonfo<\/b> to produkt klasy premium, wykonany z czystego PTFE. S\u0105 one przeznaczone do osadzenia wewn\u0105trz przyci\u0119tej szczyt\u00f3wki lub drugiego elementu tyczki. Dzi\u0119ki zastosowaniu najlepszej jako\u015bci teflonu, tarcie gumy o \u015bcianki w\u0119dziska zostaje niemal ca\u0142kowicie wyeliminowane, co przek\u0142ada si\u0119 na b\u0142yskawiczn\u0105 reakcj\u0119 amortyzatora.<\/p>\n<h3 data-path-to-node=\"6\">Kluczowe zalety tulejek wewn\u0119trznych Stonfo:<\/h3>\n<ul data-path-to-node=\"7\">\n<li>\n<p data-path-to-node=\"7,0,0\"><b data-path-to-node=\"7,0,0\" data-index-in-node=\"0\">Idealnie G\u0142adki Przelot:<\/b> Wn\u0119trze tulejki jest polerowane, co zapobiega &#8222;schodkowaniu&#8221; amortyzatora. Guma wysuwa si\u0119 i wraca p\u0142ynnie, nawet pod du\u017cym k\u0105tem.<\/p>\n<\/li>\n<li>\n<p data-path-to-node=\"7,1,0\"><b data-path-to-node=\"7,1,0\" data-index-in-node=\"0\">Aerodynamiczny Profil:<\/b> Monta\u017c wewn\u0105trz szczyt\u00f3wki sprawia, \u017ce na zewn\u0105trz nie ma \u017cadnych wystaj\u0105cych kraw\u0119dzi. Drastycznie zmniejsza to ryzyko owini\u0119cia si\u0119 cienkiej \u017cy\u0142ki wok\u00f3\u0142 szczyt\u00f3wki podczas wstawiania zestawu.<\/p>\n<\/li>\n<li>\n<p data-path-to-node=\"7,2,0\"><b data-path-to-node=\"7,2,0\" data-index-in-node=\"0\">Ochrona W\u0119glowego Blanku:<\/b> Tulejka izoluje pracuj\u0105c\u0105 gum\u0119 od ostrych kraw\u0119dzi w\u0142\u00f3kna w\u0119glowego, chroni\u0105c szczyt\u00f3wk\u0119 przed przecieraniem od \u015brodka.<\/p>\n<\/li>\n<li>\n<p data-path-to-node=\"7,3,0\"><b data-path-to-node=\"7,3,0\" data-index-in-node=\"0\">Wysoka Odporno\u015b\u0107:<\/b> Czysty teflon (PTFE) nie reaguje ze smarami do amortyzator\u00f3w i jest odporny na dzia\u0142anie promieni UV oraz zmiennych temperatur.<\/p>\n<\/li>\n<\/ul>\n","protected":false},"excerpt":{"rendered":"<p>Wewn\u0119trzne tulejki teflonowe <b data-path-to-node=\"5\" data-index-in-node=\"29\">Stonfo<\/b> to produkt klasy premium, wykonany z czystego PTFE. S\u0105 one przeznaczone do osadzenia wewn\u0105trz przyci\u0119tej szczyt\u00f3wki lub drugiego elementu tyczki. Dzi\u0119ki zastosowaniu najlepszej jako\u015bci teflonu, tarcie gumy o \u015bcianki w\u0119dziska zostaje niemal ca\u0142kowicie wyeliminowane, co przek\u0142ada si\u0119 na b\u0142yskawiczn\u0105 reakcj\u0119 amortyzatora.<\/p>\n","protected":false},"featured_media":2791,"template":"","meta":[],"product_brand":[272],"product_cat":[131,138,18],"product_tag":[],"class_list":{"0":"post-2672","1":"product","2":"type-product","3":"status-publish","4":"has-post-thumbnail","6":"product_brand-stonfo","7":"product_cat-akcesoria-wyczynowe","8":"product_cat-laczniki-guma-zylka","9":"product_cat-splawik","10":"pa_marka-stonfo","12":"first","13":"instock","14":"shipping-taxable","15":"purchasable","16":"product-type-variable"},"_links":{"self":[{"href":"https:\/\/kotlinafishing.pl\/index.php?rest_route=\/wp\/v2\/product\/2672","targetHints":{"allow":["GET"]}}],"collection":[{"href":"https:\/\/kotlinafishing.pl\/index.php?rest_route=\/wp\/v2\/product"}],"about":[{"href":"https:\/\/kotlinafishing.pl\/index.php?rest_route=\/wp\/v2\/types\/product"}],"wp:featuredmedia":[{"embeddable":true,"href":"https:\/\/kotlinafishing.pl\/index.php?rest_route=\/wp\/v2\/media\/2791"}],"wp:attachment":[{"href":"https:\/\/kotlinafishing.pl\/index.php?rest_route=%2Fwp%2Fv2%2Fmedia&parent=2672"}],"wp:term":[{"taxonomy":"product_brand","embeddable":true,"href":"https:\/\/kotlinafishing.pl\/index.php?rest_route=%2Fwp%2Fv2%2Fproduct_brand&post=2672"},{"taxonomy":"product_cat","embeddable":true,"href":"https:\/\/kotlinafishing.pl\/index.php?rest_route=%2Fwp%2Fv2%2Fproduct_cat&post=2672"},{"taxonomy":"product_tag","embeddable":true,"href":"https:\/\/kotlinafishing.pl\/index.php?rest_route=%2Fwp%2Fv2%2Fproduct_tag&post=2672"}],"curies":[{"name":"wp","href":"https:\/\/api.w.org\/{rel}","templated":true}]}}