{"id":2625,"date":"2026-02-08T18:56:04","date_gmt":"2026-02-08T17:56:04","guid":{"rendered":"http:\/\/kotlinafishing.pl\/?post_type=product&#038;p=2625"},"modified":"2026-02-15T18:44:28","modified_gmt":"2026-02-15T17:44:28","slug":"przyneta-gumowa-select-javik-55mm-kolor-045-op-7szt","status":"publish","type":"product","link":"https:\/\/kotlinafishing.pl\/?product=przyneta-gumowa-select-javik-55mm-kolor-045-op-7szt","title":{"rendered":"Przyn\u0119ta gumowa Select Javik 55mm kolor 045 (op. 7szt.)"},"content":{"rendered":"<p data-start=\"65\" data-end=\"417\">Gumowa przyn\u0119ta\u00a0<strong data-start=\"81\" data-end=\"103\">Select Javik 55 mm<\/strong>\u00a0to sprawdzony killer na drapie\u017cniki, szczeg\u00f3lnie gdy ryby s\u0105 ostro\u017cne i \u017ceruj\u0105 selektywnie. Smuk\u0142y korpus i aktywna praca ogonka prowokuj\u0105 do ataku nawet przy wolnym prowadzeniu.<\/p>\n<p data-start=\"419\" data-end=\"625\">Wykonana z elastycznego, trwa\u0142ego materia\u0142u, dobrze wsp\u00f3\u0142pracuje zar\u00f3wno z g\u0142\u00f3wk\u0105 jigow\u0105, jak i zestawami typu czeburaszka. Idealna na\u00a0<strong data-start=\"554\" data-end=\"564\">okonia<\/strong>, ale niejednokrotnie skusi tak\u017ce\u00a0<strong data-start=\"598\" data-end=\"609\">pstr\u0105ga<\/strong>\u00a0czy\u00a0<strong data-start=\"614\" data-end=\"624\">klenia<\/strong>.<\/p>\n<p data-start=\"627\" data-end=\"651\"><strong data-start=\"627\" data-end=\"651\">Najwa\u017cniejsze cechy:<\/strong><\/p>\n<ul data-start=\"652\" data-end=\"878\">\n<li data-start=\"652\" data-end=\"672\">\n<p data-start=\"654\" data-end=\"672\">d\u0142ugo\u015b\u0107:<strong> 55 mm<\/strong><\/p>\n<\/li>\n<li data-start=\"673\" data-end=\"689\">\n<p data-start=\"675\" data-end=\"689\">kolor:\u00a0<strong data-start=\"682\" data-end=\"689\">045<\/strong><\/p>\n<\/li>\n<li data-start=\"690\" data-end=\"722\">\n<p data-start=\"692\" data-end=\"722\">ilo\u015b\u0107 w opakowaniu: <strong>7\u00a0szt.<\/strong><\/p>\n<\/li>\n<li data-start=\"723\" data-end=\"758\">\n<p data-start=\"725\" data-end=\"758\">naturalna, agresywna praca ogonka<\/p>\n<\/li>\n<li data-start=\"759\" data-end=\"804\">\n<p data-start=\"761\" data-end=\"804\">skuteczna przy wolnym i \u015brednim prowadzeniu<\/p>\n<\/li>\n<li data-start=\"805\" data-end=\"878\">\n<p data-start=\"807\" data-end=\"878\">wysoka jako\u015b\u0107 wykonania marki\u00a0<strong data-start=\"837\" data-end=\"878\"><span class=\"hover:entity-accent entity-underline inline cursor-pointer align-baseline\"><span class=\"whitespace-normal\">Select<\/span><\/span><\/strong><\/p>\n<\/li>\n<\/ul>\n<p data-start=\"880\" data-end=\"982\" data-is-last-node=\"\" data-is-only-node=\"\">\u015awietny wyb\u00f3r do spinningu finesse i lekkiego jigowania \u2013 warto mie\u0107 j\u0105 w pude\u0142ku przez ca\u0142y sezon.\u00a0<img decoding=\"async\" class=\"emoji\" role=\"img\" draggable=\"false\" src=\"https:\/\/s.w.org\/images\/core\/emoji\/17.0.2\/svg\/1f3a3.svg\" alt=\"\ud83c\udfa3\" \/><\/p>\n","protected":false},"excerpt":{"rendered":"<p data-start=\"65\" data-end=\"417\">Gumowa przyn\u0119ta\u00a0<strong data-start=\"81\" data-end=\"103\">Select Javik 55 mm<\/strong>\u00a0to sprawdzony killer na drapie\u017cniki, szczeg\u00f3lnie gdy ryby s\u0105 ostro\u017cne i \u017ceruj\u0105 selektywnie. Smuk\u0142y korpus i aktywna praca ogonka prowokuj\u0105 do ataku nawet przy wolnym prowadzeniu.<\/p>\n<p data-start=\"419\" data-end=\"625\">Wykonana z elastycznego, trwa\u0142ego materia\u0142u, dobrze wsp\u00f3\u0142pracuje zar\u00f3wno z g\u0142\u00f3wk\u0105 jigow\u0105, jak i zestawami typu czeburaszka. Idealna na\u00a0<strong data-start=\"554\" data-end=\"564\">okonia<\/strong>, ale niejednokrotnie skusi tak\u017ce\u00a0<strong data-start=\"598\" data-end=\"609\">pstr\u0105ga<\/strong>\u00a0czy\u00a0<strong data-start=\"614\" data-end=\"624\">klenia<\/strong>.<\/p>\n","protected":false},"featured_media":2821,"template":"","meta":[],"product_brand":[266],"product_cat":[195,251,194,21],"product_tag":[],"class_list":{"0":"post-2625","1":"product","2":"type-product","3":"status-publish","4":"has-post-thumbnail","6":"product_brand-select","7":"product_cat-gumy","8":"product_cat-imitacje-robakow","9":"product_cat-przynety-spinningowe","10":"product_cat-spinning","11":"pa_dlugosc-55mm","12":"pa_marka-select","14":"first","15":"instock","16":"shipping-taxable","17":"product-type-simple"},"_links":{"self":[{"href":"https:\/\/kotlinafishing.pl\/index.php?rest_route=\/wp\/v2\/product\/2625","targetHints":{"allow":["GET"]}}],"collection":[{"href":"https:\/\/kotlinafishing.pl\/index.php?rest_route=\/wp\/v2\/product"}],"about":[{"href":"https:\/\/kotlinafishing.pl\/index.php?rest_route=\/wp\/v2\/types\/product"}],"wp:featuredmedia":[{"embeddable":true,"href":"https:\/\/kotlinafishing.pl\/index.php?rest_route=\/wp\/v2\/media\/2821"}],"wp:attachment":[{"href":"https:\/\/kotlinafishing.pl\/index.php?rest_route=%2Fwp%2Fv2%2Fmedia&parent=2625"}],"wp:term":[{"taxonomy":"product_brand","embeddable":true,"href":"https:\/\/kotlinafishing.pl\/index.php?rest_route=%2Fwp%2Fv2%2Fproduct_brand&post=2625"},{"taxonomy":"product_cat","embeddable":true,"href":"https:\/\/kotlinafishing.pl\/index.php?rest_route=%2Fwp%2Fv2%2Fproduct_cat&post=2625"},{"taxonomy":"product_tag","embeddable":true,"href":"https:\/\/kotlinafishing.pl\/index.php?rest_route=%2Fwp%2Fv2%2Fproduct_tag&post=2625"}],"curies":[{"name":"wp","href":"https:\/\/api.w.org\/{rel}","templated":true}]}}