{"id":2317,"date":"2025-12-18T15:52:01","date_gmt":"2025-12-18T14:52:01","guid":{"rendered":"http:\/\/kotlinafishing.pl\/?post_type=product&#038;p=2317"},"modified":"2026-03-29T19:56:07","modified_gmt":"2026-03-29T17:56:07","slug":"fotel-mikado-camo-012","status":"publish","type":"product","link":"https:\/\/kotlinafishing.pl\/?product=fotel-mikado-camo-012","title":{"rendered":"Fotel Mikado Camo 012"},"content":{"rendered":"<p>Du\u017ce, wygodne fotele w\u0119dkarsko-turystyczne wykonane z wyj\u0105tkowo mocnego i trwa\u0142ego, wodoodpornego materia\u0142u w kolorze zielonym i moro. Nie sprawiaj\u0105 k\u0142opot\u00f3w w transporcie, gdy\u017c po z\u0142o\u017ceniu zajmuj\u0105 niewiele miejsca. Oferowane w r\u00f3\u017cnych wielko\u015bciach, b\u0119d\u0105 d\u0142ugo s\u0142u\u017cy\u0107 zar\u00f3wno dzieciom jak i osobom o wymiarach XXXL. Rozk\u0142adanie przebiega automatycznie, nie sprawiaj\u0105c \u017cadnych problem\u00f3w, gdy\u017c nie ma zatrzask\u00f3w ani zapinek. Pod\u0142okietniki wyposa\u017cono w pojemnik na butelk\u0119 z napojem czy kubek lub szklank\u0119.<\/p>\n","protected":false},"excerpt":{"rendered":"<p>Du\u017ce, wygodne fotele w\u0119dkarsko-turystyczne wykonane z wyj\u0105tkowo mocnego i trwa\u0142ego, wodoodpornego materia\u0142u w kolorze zielonym i moro. Nie sprawiaj\u0105 k\u0142opot\u00f3w w transporcie, gdy\u017c po z\u0142o\u017ceniu zajmuj\u0105 niewiele miejsca. Oferowane w r\u00f3\u017cnych wielko\u015bciach, b\u0119d\u0105 d\u0142ugo s\u0142u\u017cy\u0107 zar\u00f3wno dzieciom jak i osobom o wymiarach XXXL. Rozk\u0142adanie przebiega automatycznie, nie sprawiaj\u0105c \u017cadnych problem\u00f3w, gdy\u017c nie ma zatrzask\u00f3w ani zapinek. Pod\u0142okietniki wyposa\u017cono w pojemnik na butelk\u0119 z napojem czy kubek lub szklank\u0119.<\/p>\n","protected":false},"featured_media":2318,"template":"","meta":[],"product_brand":[22],"product_cat":[86,85,19],"product_tag":[],"class_list":{"0":"post-2317","1":"product","2":"type-product","3":"status-publish","4":"has-post-thumbnail","6":"product_brand-mikado","7":"product_cat-krzesla-fotele","8":"product_cat-stanowisko-wedkarskie","9":"product_cat-grunt","11":"first","12":"outofstock","13":"shipping-taxable","14":"purchasable","15":"product-type-simple"},"_links":{"self":[{"href":"https:\/\/kotlinafishing.pl\/index.php?rest_route=\/wp\/v2\/product\/2317","targetHints":{"allow":["GET"]}}],"collection":[{"href":"https:\/\/kotlinafishing.pl\/index.php?rest_route=\/wp\/v2\/product"}],"about":[{"href":"https:\/\/kotlinafishing.pl\/index.php?rest_route=\/wp\/v2\/types\/product"}],"wp:featuredmedia":[{"embeddable":true,"href":"https:\/\/kotlinafishing.pl\/index.php?rest_route=\/wp\/v2\/media\/2318"}],"wp:attachment":[{"href":"https:\/\/kotlinafishing.pl\/index.php?rest_route=%2Fwp%2Fv2%2Fmedia&parent=2317"}],"wp:term":[{"taxonomy":"product_brand","embeddable":true,"href":"https:\/\/kotlinafishing.pl\/index.php?rest_route=%2Fwp%2Fv2%2Fproduct_brand&post=2317"},{"taxonomy":"product_cat","embeddable":true,"href":"https:\/\/kotlinafishing.pl\/index.php?rest_route=%2Fwp%2Fv2%2Fproduct_cat&post=2317"},{"taxonomy":"product_tag","embeddable":true,"href":"https:\/\/kotlinafishing.pl\/index.php?rest_route=%2Fwp%2Fv2%2Fproduct_tag&post=2317"}],"curies":[{"name":"wp","href":"https:\/\/api.w.org\/{rel}","templated":true}]}}