{"id":2316,"date":"2025-12-18T15:45:45","date_gmt":"2025-12-18T14:45:45","guid":{"rendered":"http:\/\/kotlinafishing.pl\/?post_type=product&#038;p=2316"},"modified":"2025-12-20T19:38:55","modified_gmt":"2025-12-20T18:38:55","slug":"krzeslo-mikado-camouflage-014","status":"publish","type":"product","link":"https:\/\/kotlinafishing.pl\/?product=krzeslo-mikado-camouflage-014","title":{"rendered":"Krzes\u0142o Mikado Camouflage 014"},"content":{"rendered":"<p>Rodzina starannie wykonanych foteli i krzese\u0142 w\u0119dkarskich ze \u015bwietnych materia\u0142\u00f3w. Zale\u017cnie od potrzeb, mo\u017cemy wybra\u0107 model o bardzo ma\u0142ych wymiarach transportowych, lub du\u017cy i wygodny fotel na d\u0142ugie karpiowe zasiadki.<\/p>\n","protected":false},"excerpt":{"rendered":"<p>Rodzina starannie wykonanych foteli i krzese\u0142 w\u0119dkarskich ze \u015bwietnych materia\u0142\u00f3w. Zale\u017cnie od potrzeb, mo\u017cemy wybra\u0107 model o bardzo ma\u0142ych wymiarach transportowych, lub du\u017cy i wygodny fotel na d\u0142ugie karpiowe zasiadki.<\/p>\n","protected":false},"featured_media":2319,"template":"","meta":[],"product_brand":[22],"product_cat":[86,85,19],"product_tag":[],"class_list":{"0":"post-2316","1":"product","2":"type-product","3":"status-publish","4":"has-post-thumbnail","6":"product_brand-mikado","7":"product_cat-krzesla-fotele","8":"product_cat-stanowisko-wedkarskie","9":"product_cat-grunt","11":"first","12":"instock","13":"shipping-taxable","14":"purchasable","15":"product-type-simple"},"_links":{"self":[{"href":"https:\/\/kotlinafishing.pl\/index.php?rest_route=\/wp\/v2\/product\/2316","targetHints":{"allow":["GET"]}}],"collection":[{"href":"https:\/\/kotlinafishing.pl\/index.php?rest_route=\/wp\/v2\/product"}],"about":[{"href":"https:\/\/kotlinafishing.pl\/index.php?rest_route=\/wp\/v2\/types\/product"}],"wp:featuredmedia":[{"embeddable":true,"href":"https:\/\/kotlinafishing.pl\/index.php?rest_route=\/wp\/v2\/media\/2319"}],"wp:attachment":[{"href":"https:\/\/kotlinafishing.pl\/index.php?rest_route=%2Fwp%2Fv2%2Fmedia&parent=2316"}],"wp:term":[{"taxonomy":"product_brand","embeddable":true,"href":"https:\/\/kotlinafishing.pl\/index.php?rest_route=%2Fwp%2Fv2%2Fproduct_brand&post=2316"},{"taxonomy":"product_cat","embeddable":true,"href":"https:\/\/kotlinafishing.pl\/index.php?rest_route=%2Fwp%2Fv2%2Fproduct_cat&post=2316"},{"taxonomy":"product_tag","embeddable":true,"href":"https:\/\/kotlinafishing.pl\/index.php?rest_route=%2Fwp%2Fv2%2Fproduct_tag&post=2316"}],"curies":[{"name":"wp","href":"https:\/\/api.w.org\/{rel}","templated":true}]}}