{"id":2314,"date":"2025-12-18T15:42:08","date_gmt":"2025-12-18T14:42:08","guid":{"rendered":"http:\/\/kotlinafishing.pl\/?post_type=product&#038;p=2314"},"modified":"2026-03-29T19:55:20","modified_gmt":"2026-03-29T17:55:20","slug":"podporka-lorpio-neopren-feeder-rest-bc-20-20cm","status":"publish","type":"product","link":"https:\/\/kotlinafishing.pl\/?product=podporka-lorpio-neopren-feeder-rest-bc-20-20cm","title":{"rendered":"Podp\u00f3rka Lorpio Neopren Feeder Rest BC 20 (20cm)"},"content":{"rendered":"<p>Podp\u00f3rka piankowa marki Lorpio przeznaczona pod tyln\u0105 cz\u0119\u015b\u0107 w\u0119dki. D\u0142ugo\u015b\u0107 20cm. Pasuje na nogi 25mm, 30mm i 36mm.<\/p>\n","protected":false},"excerpt":{"rendered":"<p>Podp\u00f3rka piankowa marki Lorpio przeznaczona pod tyln\u0105 cz\u0119\u015b\u0107 w\u0119dki. D\u0142ugo\u015b\u0107 20cm. Pasuje na nogi 25mm, 30mm i 36mm.<\/p>\n","protected":false},"featured_media":2387,"template":"","meta":[],"product_brand":[23],"product_cat":[89,85,19],"product_tag":[],"class_list":{"0":"post-2314","1":"product","2":"type-product","3":"status-publish","4":"has-post-thumbnail","6":"product_brand-lorpio","7":"product_cat-podporki","8":"product_cat-stanowisko-wedkarskie","9":"product_cat-grunt","11":"first","12":"outofstock","13":"shipping-taxable","14":"purchasable","15":"product-type-simple"},"_links":{"self":[{"href":"https:\/\/kotlinafishing.pl\/index.php?rest_route=\/wp\/v2\/product\/2314","targetHints":{"allow":["GET"]}}],"collection":[{"href":"https:\/\/kotlinafishing.pl\/index.php?rest_route=\/wp\/v2\/product"}],"about":[{"href":"https:\/\/kotlinafishing.pl\/index.php?rest_route=\/wp\/v2\/types\/product"}],"wp:featuredmedia":[{"embeddable":true,"href":"https:\/\/kotlinafishing.pl\/index.php?rest_route=\/wp\/v2\/media\/2387"}],"wp:attachment":[{"href":"https:\/\/kotlinafishing.pl\/index.php?rest_route=%2Fwp%2Fv2%2Fmedia&parent=2314"}],"wp:term":[{"taxonomy":"product_brand","embeddable":true,"href":"https:\/\/kotlinafishing.pl\/index.php?rest_route=%2Fwp%2Fv2%2Fproduct_brand&post=2314"},{"taxonomy":"product_cat","embeddable":true,"href":"https:\/\/kotlinafishing.pl\/index.php?rest_route=%2Fwp%2Fv2%2Fproduct_cat&post=2314"},{"taxonomy":"product_tag","embeddable":true,"href":"https:\/\/kotlinafishing.pl\/index.php?rest_route=%2Fwp%2Fv2%2Fproduct_tag&post=2314"}],"curies":[{"name":"wp","href":"https:\/\/api.w.org\/{rel}","templated":true}]}}