{"id":2313,"date":"2025-12-18T15:39:31","date_gmt":"2025-12-18T14:39:31","guid":{"rendered":"http:\/\/kotlinafishing.pl\/?post_type=product&#038;p=2313"},"modified":"2025-12-20T20:35:44","modified_gmt":"2025-12-20T19:35:44","slug":"podporka-lorpio-feeder-rest-200-20cm","status":"publish","type":"product","link":"https:\/\/kotlinafishing.pl\/?product=podporka-lorpio-feeder-rest-200-20cm","title":{"rendered":"Podp\u00f3rka Lorpio Feeder Rest 200 (20cm)"},"content":{"rendered":"<p>Podp\u00f3rka piankowa marki Lorpio przeznaczona pod przedni\u0105 cz\u0119\u015b\u0107 w\u0119dek. D\u0142ugo\u015b\u0107 20cm.<\/p>\n","protected":false},"excerpt":{"rendered":"<p>Podp\u00f3rka piankowa marki Lorpio przeznaczona pod przedni\u0105 cz\u0119\u015b\u0107 w\u0119dek. D\u0142ugo\u015b\u0107 20cm.<\/p>\n","protected":false},"featured_media":2386,"template":"","meta":[],"product_brand":[23],"product_cat":[89,85,19],"product_tag":[],"class_list":{"0":"post-2313","1":"product","2":"type-product","3":"status-publish","4":"has-post-thumbnail","6":"product_brand-lorpio","7":"product_cat-podporki","8":"product_cat-stanowisko-wedkarskie","9":"product_cat-grunt","11":"first","12":"instock","13":"shipping-taxable","14":"purchasable","15":"product-type-simple"},"_links":{"self":[{"href":"https:\/\/kotlinafishing.pl\/index.php?rest_route=\/wp\/v2\/product\/2313","targetHints":{"allow":["GET"]}}],"collection":[{"href":"https:\/\/kotlinafishing.pl\/index.php?rest_route=\/wp\/v2\/product"}],"about":[{"href":"https:\/\/kotlinafishing.pl\/index.php?rest_route=\/wp\/v2\/types\/product"}],"wp:featuredmedia":[{"embeddable":true,"href":"https:\/\/kotlinafishing.pl\/index.php?rest_route=\/wp\/v2\/media\/2386"}],"wp:attachment":[{"href":"https:\/\/kotlinafishing.pl\/index.php?rest_route=%2Fwp%2Fv2%2Fmedia&parent=2313"}],"wp:term":[{"taxonomy":"product_brand","embeddable":true,"href":"https:\/\/kotlinafishing.pl\/index.php?rest_route=%2Fwp%2Fv2%2Fproduct_brand&post=2313"},{"taxonomy":"product_cat","embeddable":true,"href":"https:\/\/kotlinafishing.pl\/index.php?rest_route=%2Fwp%2Fv2%2Fproduct_cat&post=2313"},{"taxonomy":"product_tag","embeddable":true,"href":"https:\/\/kotlinafishing.pl\/index.php?rest_route=%2Fwp%2Fv2%2Fproduct_tag&post=2313"}],"curies":[{"name":"wp","href":"https:\/\/api.w.org\/{rel}","templated":true}]}}