{"id":2310,"date":"2025-12-18T15:32:14","date_gmt":"2025-12-18T14:32:14","guid":{"rendered":"http:\/\/kotlinafishing.pl\/?post_type=product&#038;p=2310"},"modified":"2025-12-20T20:31:09","modified_gmt":"2025-12-20T19:31:09","slug":"fajka-lorpio-neoprene-rod-rest-rebel-220-22cm","status":"publish","type":"product","link":"https:\/\/kotlinafishing.pl\/?product=fajka-lorpio-neoprene-rod-rest-rebel-220-22cm","title":{"rendered":"Fajka Lorpio Neoprene Rod Rest Rebel 220 (22cm)"},"content":{"rendered":"<p>Fajka marki Loprio pokryta piank\u0105. D\u0142ugo\u015b\u0107 to 22cm, pasuje na nogi 25mm, 30mm i 36mm.<\/p>\n","protected":false},"excerpt":{"rendered":"<p>Fajka marki Loprio pokryta piank\u0105. D\u0142ugo\u015b\u0107 to 22cm, pasuje na nogi 25mm, 30mm i 36mm.<\/p>\n","protected":false},"featured_media":2383,"template":"","meta":[],"product_brand":[23],"product_cat":[261,85,19],"product_tag":[],"class_list":{"0":"post-2310","1":"product","2":"type-product","3":"status-publish","4":"has-post-thumbnail","6":"product_brand-lorpio","7":"product_cat-fajki","8":"product_cat-stanowisko-wedkarskie","9":"product_cat-grunt","11":"first","12":"instock","13":"shipping-taxable","14":"purchasable","15":"product-type-simple"},"_links":{"self":[{"href":"https:\/\/kotlinafishing.pl\/index.php?rest_route=\/wp\/v2\/product\/2310","targetHints":{"allow":["GET"]}}],"collection":[{"href":"https:\/\/kotlinafishing.pl\/index.php?rest_route=\/wp\/v2\/product"}],"about":[{"href":"https:\/\/kotlinafishing.pl\/index.php?rest_route=\/wp\/v2\/types\/product"}],"wp:featuredmedia":[{"embeddable":true,"href":"https:\/\/kotlinafishing.pl\/index.php?rest_route=\/wp\/v2\/media\/2383"}],"wp:attachment":[{"href":"https:\/\/kotlinafishing.pl\/index.php?rest_route=%2Fwp%2Fv2%2Fmedia&parent=2310"}],"wp:term":[{"taxonomy":"product_brand","embeddable":true,"href":"https:\/\/kotlinafishing.pl\/index.php?rest_route=%2Fwp%2Fv2%2Fproduct_brand&post=2310"},{"taxonomy":"product_cat","embeddable":true,"href":"https:\/\/kotlinafishing.pl\/index.php?rest_route=%2Fwp%2Fv2%2Fproduct_cat&post=2310"},{"taxonomy":"product_tag","embeddable":true,"href":"https:\/\/kotlinafishing.pl\/index.php?rest_route=%2Fwp%2Fv2%2Fproduct_tag&post=2310"}],"curies":[{"name":"wp","href":"https:\/\/api.w.org\/{rel}","templated":true}]}}