{"id":2305,"date":"2025-12-18T15:21:21","date_gmt":"2025-12-18T14:21:21","guid":{"rendered":"http:\/\/kotlinafishing.pl\/?post_type=product&#038;p=2305"},"modified":"2025-12-20T20:25:50","modified_gmt":"2025-12-20T19:25:50","slug":"uchwyt-do-parasola-podwojny-lorpio-master-umbrella-arm-200-20cm","status":"publish","type":"product","link":"https:\/\/kotlinafishing.pl\/?product=uchwyt-do-parasola-podwojny-lorpio-master-umbrella-arm-200-20cm","title":{"rendered":"Uchwyt do parasola podw\u00f3jny Lorpio Master Umbrella Arm 200 (20cm)"},"content":{"rendered":"<p>Podw\u00f3jny uchwyt do parasola marki Lorpio, kt\u00f3ry pewnie trzyma parasol nawet podczas bardzo wietrznych dni.<\/p>\n<p><strong>D\u0142ugo\u015b\u0107:\u00a0<\/strong>20cm<\/p>\n","protected":false},"excerpt":{"rendered":"<p>Podw\u00f3jny uchwyt do parasola marki Lorpio, kt\u00f3ry pewnie trzyma parasol nawet podczas bardzo wietrznych dni.<\/p>\n","protected":false},"featured_media":2379,"template":"","meta":[],"product_brand":[23],"product_cat":[95,85],"product_tag":[],"class_list":{"0":"post-2305","1":"product","2":"type-product","3":"status-publish","4":"has-post-thumbnail","6":"product_brand-lorpio","7":"product_cat-parasole","8":"product_cat-stanowisko-wedkarskie","10":"first","11":"instock","12":"shipping-taxable","13":"purchasable","14":"product-type-simple"},"_links":{"self":[{"href":"https:\/\/kotlinafishing.pl\/index.php?rest_route=\/wp\/v2\/product\/2305","targetHints":{"allow":["GET"]}}],"collection":[{"href":"https:\/\/kotlinafishing.pl\/index.php?rest_route=\/wp\/v2\/product"}],"about":[{"href":"https:\/\/kotlinafishing.pl\/index.php?rest_route=\/wp\/v2\/types\/product"}],"wp:featuredmedia":[{"embeddable":true,"href":"https:\/\/kotlinafishing.pl\/index.php?rest_route=\/wp\/v2\/media\/2379"}],"wp:attachment":[{"href":"https:\/\/kotlinafishing.pl\/index.php?rest_route=%2Fwp%2Fv2%2Fmedia&parent=2305"}],"wp:term":[{"taxonomy":"product_brand","embeddable":true,"href":"https:\/\/kotlinafishing.pl\/index.php?rest_route=%2Fwp%2Fv2%2Fproduct_brand&post=2305"},{"taxonomy":"product_cat","embeddable":true,"href":"https:\/\/kotlinafishing.pl\/index.php?rest_route=%2Fwp%2Fv2%2Fproduct_cat&post=2305"},{"taxonomy":"product_tag","embeddable":true,"href":"https:\/\/kotlinafishing.pl\/index.php?rest_route=%2Fwp%2Fv2%2Fproduct_tag&post=2305"}],"curies":[{"name":"wp","href":"https:\/\/api.w.org\/{rel}","templated":true}]}}