{"id":2303,"date":"2025-12-18T15:00:35","date_gmt":"2025-12-18T14:00:35","guid":{"rendered":"http:\/\/kotlinafishing.pl\/?post_type=product&#038;p=2303"},"modified":"2025-12-20T19:56:31","modified_gmt":"2025-12-20T18:56:31","slug":"wodery-krotkie-delphin-hron-rozm-44","status":"publish","type":"product","link":"https:\/\/kotlinafishing.pl\/?product=wodery-krotkie-delphin-hron-rozm-44","title":{"rendered":"Wodery kr\u00f3tkie Delphin Hron rozm. 44"},"content":{"rendered":"<p>Wodery <strong>HRON<\/strong> to niezawodny model zaprojektowany przez Delphin. S\u0105 doskona\u0142ej jako\u015bci i wykonane z materia\u0142\u00f3w wysokiej jako\u015bci. Zwr\u00f3cili\u015bmy szczeg\u00f3ln\u0105 uwag\u0119 na ka\u017cdy szczeg\u00f3\u0142, aby by\u0142y idealne. Dzi\u0119ki paskom znajduj\u0105cym si\u0119 w g\u00f3rnej cz\u0119\u015bci but\u00f3w mo\u017cesz teraz przymocowa\u0107 je do paska, wraz z ich nisk\u0105 wag\u0105 s\u0105 przyjemnym towarzyszem podczas ca\u0142orocznych spacer\u00f3w. Buty gumowe s\u0105 wyposa\u017cone w trwa\u0142\u0105 i stabiln\u0105 podeszw\u0119, kt\u00f3ra zapewni wsparcie nawet w wymagaj\u0105cych warunkach. Oczywi\u015bcie w okolicy pi\u0119t znajduj\u0105 si\u0119 wypuk\u0142o\u015bci, kt\u00f3re umo\u017cliwiaj\u0105 \u0142atwe zdejmowanie but\u00f3w.<\/p>\n<p>Sk\u0142ad materia\u0142u: taslon\/PVC<\/p>\n","protected":false},"excerpt":{"rendered":"<p>Wodery <strong>HRON<\/strong> to niezawodny model zaprojektowany przez Delphin. S\u0105 doskona\u0142ej jako\u015bci i wykonane z materia\u0142\u00f3w wysokiej jako\u015bci. Zwr\u00f3cili\u015bmy szczeg\u00f3ln\u0105 uwag\u0119 na ka\u017cdy szczeg\u00f3\u0142, aby by\u0142y idealne. Dzi\u0119ki paskom znajduj\u0105cym si\u0119 w g\u00f3rnej cz\u0119\u015bci but\u00f3w mo\u017cesz teraz przymocowa\u0107 je do paska, wraz z ich nisk\u0105 wag\u0105 s\u0105 przyjemnym towarzyszem podczas ca\u0142orocznych spacer\u00f3w. Buty gumowe s\u0105 wyposa\u017cone w trwa\u0142\u0105 i stabiln\u0105 podeszw\u0119, kt\u00f3ra zapewni wsparcie nawet w wymagaj\u0105cych warunkach. Oczywi\u015bcie w okolicy pi\u0119t znajduj\u0105 si\u0119 wypuk\u0142o\u015bci, kt\u00f3re umo\u017cliwiaj\u0105 \u0142atwe zdejmowanie but\u00f3w.<\/p>\n","protected":false},"featured_media":2337,"template":"","meta":[],"product_brand":[97],"product_cat":[258,260],"product_tag":[],"class_list":{"0":"post-2303","1":"product","2":"type-product","3":"status-publish","4":"has-post-thumbnail","6":"product_brand-delphin","7":"product_cat-odziez","8":"product_cat-wodery","10":"first","11":"instock","12":"shipping-taxable","13":"purchasable","14":"product-type-simple"},"_links":{"self":[{"href":"https:\/\/kotlinafishing.pl\/index.php?rest_route=\/wp\/v2\/product\/2303","targetHints":{"allow":["GET"]}}],"collection":[{"href":"https:\/\/kotlinafishing.pl\/index.php?rest_route=\/wp\/v2\/product"}],"about":[{"href":"https:\/\/kotlinafishing.pl\/index.php?rest_route=\/wp\/v2\/types\/product"}],"wp:featuredmedia":[{"embeddable":true,"href":"https:\/\/kotlinafishing.pl\/index.php?rest_route=\/wp\/v2\/media\/2337"}],"wp:attachment":[{"href":"https:\/\/kotlinafishing.pl\/index.php?rest_route=%2Fwp%2Fv2%2Fmedia&parent=2303"}],"wp:term":[{"taxonomy":"product_brand","embeddable":true,"href":"https:\/\/kotlinafishing.pl\/index.php?rest_route=%2Fwp%2Fv2%2Fproduct_brand&post=2303"},{"taxonomy":"product_cat","embeddable":true,"href":"https:\/\/kotlinafishing.pl\/index.php?rest_route=%2Fwp%2Fv2%2Fproduct_cat&post=2303"},{"taxonomy":"product_tag","embeddable":true,"href":"https:\/\/kotlinafishing.pl\/index.php?rest_route=%2Fwp%2Fv2%2Fproduct_tag&post=2303"}],"curies":[{"name":"wp","href":"https:\/\/api.w.org\/{rel}","templated":true}]}}