{"id":2298,"date":"2025-12-18T14:52:57","date_gmt":"2025-12-18T13:52:57","guid":{"rendered":"http:\/\/kotlinafishing.pl\/?post_type=product&#038;p=2298"},"modified":"2025-12-20T19:58:46","modified_gmt":"2025-12-20T18:58:46","slug":"wodery-delphin-hron","status":"publish","type":"product","link":"https:\/\/kotlinafishing.pl\/?product=wodery-delphin-hron","title":{"rendered":"Wodery Delphin Hron"},"content":{"rendered":"<p>Spodniobuty <strong>HRON<\/strong> to niezawodny model z warsztatu Delphin. Charakteryzuj\u0105 si\u0119 doskona\u0142ymi w\u0142a\u015bciwo\u015bciami i bardzo wysok\u0105 jako\u015bci\u0105 wykonania. Ka\u017cdy szczeg\u00f3\u0142 jest dopracowany idealnie. Nowoczesny materia\u0142 gwarantuje ca\u0142kowit\u0105 wodoodporno\u015b\u0107 i jednocze\u015bnie wygodne noszenie dzi\u0119ki swojej niskiej wadze. Ponadto wewn\u0105trz na wysoko\u015bci piersi znajduje si\u0119 wszyta siatka, kt\u00f3ra zmniejsza bezpo\u015bredni kontakt sk\u00f3ry z wodoodpornego materia\u0142u, a tym samym znacznie zmniejsza pocenie si\u0119. Ogromn\u0105 zalet\u0105, kt\u00f3rej nie wida\u0107 powszechnie w tej kategorii, jest neoprenowe wzmocnienie kolan, kt\u00f3re pozwala na przyk\u0142ad na bardzo wygodne kl\u0119czenie nad wod\u0105. Opr\u00f3cz standardowych regulowanych pask\u00f3w naramiennych model ten posiada r\u00f3wnie\u017c odpinany pasek, kt\u00f3ry pozwoli jeszcze lepiej dostosowa\u0107 si\u0119 do sylwetki w\u0119dkarza. Buty gumowe z trwa\u0142\u0105 i stabiln\u0105 podeszw\u0105 wspieraj\u0105 Ci\u0119 nawet w bardziej wymagaj\u0105cych warunkach. Oczywi\u015bcie w okolicy pi\u0119t znajduj\u0105 si\u0119 r\u00f3wnie\u017c wypuk\u0142o\u015bci u\u0142atwiaj\u0105ce zdejmowanie but\u00f3w.<\/p>\n<p>Sk\u0142ad materia\u0142u: taslon\/PVC<\/p>\n","protected":false},"excerpt":{"rendered":"<p>Spodniobuty <strong>HRON<\/strong> to niezawodny model z warsztatu Delphin. Charakteryzuj\u0105 si\u0119 doskona\u0142ymi w\u0142a\u015bciwo\u015bciami i bardzo wysok\u0105 jako\u015bci\u0105 wykonania. Ka\u017cdy szczeg\u00f3\u0142 jest dopracowany idealnie. Nowoczesny materia\u0142 gwarantuje ca\u0142kowit\u0105 wodoodporno\u015b\u0107 i jednocze\u015bnie wygodne noszenie dzi\u0119ki swojej niskiej wadze. Ponadto wewn\u0105trz na wysoko\u015bci piersi znajduje si\u0119 wszyta siatka, kt\u00f3ra zmniejsza bezpo\u015bredni kontakt sk\u00f3ry z wodoodpornego materia\u0142u, a tym samym znacznie zmniejsza pocenie si\u0119.<\/p>\n","protected":false},"featured_media":2343,"template":"","meta":[],"product_brand":[97],"product_cat":[258,260],"product_tag":[],"class_list":{"0":"post-2298","1":"product","2":"type-product","3":"status-publish","4":"has-post-thumbnail","6":"product_brand-delphin","7":"product_cat-odziez","8":"product_cat-wodery","10":"first","11":"instock","12":"shipping-taxable","13":"purchasable","14":"product-type-variable"},"_links":{"self":[{"href":"https:\/\/kotlinafishing.pl\/index.php?rest_route=\/wp\/v2\/product\/2298","targetHints":{"allow":["GET"]}}],"collection":[{"href":"https:\/\/kotlinafishing.pl\/index.php?rest_route=\/wp\/v2\/product"}],"about":[{"href":"https:\/\/kotlinafishing.pl\/index.php?rest_route=\/wp\/v2\/types\/product"}],"wp:featuredmedia":[{"embeddable":true,"href":"https:\/\/kotlinafishing.pl\/index.php?rest_route=\/wp\/v2\/media\/2343"}],"wp:attachment":[{"href":"https:\/\/kotlinafishing.pl\/index.php?rest_route=%2Fwp%2Fv2%2Fmedia&parent=2298"}],"wp:term":[{"taxonomy":"product_brand","embeddable":true,"href":"https:\/\/kotlinafishing.pl\/index.php?rest_route=%2Fwp%2Fv2%2Fproduct_brand&post=2298"},{"taxonomy":"product_cat","embeddable":true,"href":"https:\/\/kotlinafishing.pl\/index.php?rest_route=%2Fwp%2Fv2%2Fproduct_cat&post=2298"},{"taxonomy":"product_tag","embeddable":true,"href":"https:\/\/kotlinafishing.pl\/index.php?rest_route=%2Fwp%2Fv2%2Fproduct_tag&post=2298"}],"curies":[{"name":"wp","href":"https:\/\/api.w.org\/{rel}","templated":true}]}}