{"id":2296,"date":"2025-12-17T15:19:08","date_gmt":"2025-12-17T14:19:08","guid":{"rendered":"http:\/\/kotlinafishing.pl\/?post_type=product&#038;p=2296"},"modified":"2026-03-29T19:42:38","modified_gmt":"2026-03-29T17:42:38","slug":"kosz-do-podbieraka-mikado-big-fish-miekka-siatka-55x45cm","status":"publish","type":"product","link":"https:\/\/kotlinafishing.pl\/?product=kosz-do-podbieraka-mikado-big-fish-miekka-siatka-55x45cm","title":{"rendered":"Kosz do podbieraka Mikado Big Fish &#8211; mi\u0119kka siatka (55x45cm)"},"content":{"rendered":"<p>Bardzo g\u0142\u0119boki, mocny kosz podbieraka z dodatkowym uchwytem, kt\u00f3ry znajdzie zastosowanie w podbieraniu amur\u00f3w, jesiotr\u00f3w, brzan lub wi\u0119kszych karpii. Idealny wyb\u00f3r dla pocz\u0105tkuj\u0105cych oraz zaawansowanych w\u0119dkarzy. Wykonany z mi\u0119kkiej siatki.<\/p>\n","protected":false},"excerpt":{"rendered":"<p>Bardzo g\u0142\u0119boki, mocny kosz podbieraka z dodatkowym uchwytem, kt\u00f3ry znajdzie zastosowanie w podbieraniu amur\u00f3w, jesiotr\u00f3w, brzan lub wi\u0119kszych karpii. Idealny wyb\u00f3r dla pocz\u0105tkuj\u0105cych oraz zaawansowanych w\u0119dkarzy. Wykonany z mi\u0119kkiej siatki.<\/p>\n","protected":false},"featured_media":2323,"template":"","meta":[],"product_brand":[22],"product_cat":[83,80,19,18],"product_tag":[],"class_list":{"0":"post-2296","1":"product","2":"type-product","3":"status-publish","4":"has-post-thumbnail","6":"product_brand-mikado","7":"product_cat-kosze-do-podbierakow","8":"product_cat-siatki-podbieraki-sztyce","9":"product_cat-grunt","10":"product_cat-splawik","12":"first","13":"outofstock","14":"shipping-taxable","15":"purchasable","16":"product-type-simple"},"_links":{"self":[{"href":"https:\/\/kotlinafishing.pl\/index.php?rest_route=\/wp\/v2\/product\/2296","targetHints":{"allow":["GET"]}}],"collection":[{"href":"https:\/\/kotlinafishing.pl\/index.php?rest_route=\/wp\/v2\/product"}],"about":[{"href":"https:\/\/kotlinafishing.pl\/index.php?rest_route=\/wp\/v2\/types\/product"}],"wp:featuredmedia":[{"embeddable":true,"href":"https:\/\/kotlinafishing.pl\/index.php?rest_route=\/wp\/v2\/media\/2323"}],"wp:attachment":[{"href":"https:\/\/kotlinafishing.pl\/index.php?rest_route=%2Fwp%2Fv2%2Fmedia&parent=2296"}],"wp:term":[{"taxonomy":"product_brand","embeddable":true,"href":"https:\/\/kotlinafishing.pl\/index.php?rest_route=%2Fwp%2Fv2%2Fproduct_brand&post=2296"},{"taxonomy":"product_cat","embeddable":true,"href":"https:\/\/kotlinafishing.pl\/index.php?rest_route=%2Fwp%2Fv2%2Fproduct_cat&post=2296"},{"taxonomy":"product_tag","embeddable":true,"href":"https:\/\/kotlinafishing.pl\/index.php?rest_route=%2Fwp%2Fv2%2Fproduct_tag&post=2296"}],"curies":[{"name":"wp","href":"https:\/\/api.w.org\/{rel}","templated":true}]}}