{"id":2295,"date":"2025-12-17T15:15:40","date_gmt":"2025-12-17T14:15:40","guid":{"rendered":"http:\/\/kotlinafishing.pl\/?post_type=product&#038;p=2295"},"modified":"2026-03-29T19:44:22","modified_gmt":"2026-03-29T17:44:22","slug":"kosz-do-podbieraka-mikado","status":"publish","type":"product","link":"https:\/\/kotlinafishing.pl\/?product=kosz-do-podbieraka-mikado","title":{"rendered":"Kosz do podbieraka Mikado &#8211; gumowana siatka (55x45cm)"},"content":{"rendered":"<p>Profesjonalny, wyczonywy kosz do podbieraka, wyposa\u017cony w metalow\u0105 ram\u0119 i gumowan\u0119 siatk\u0119 o \u015brednicy oczka 6 oraz 3mm. Dedykowany do po\u0142owu wi\u0119kszych ryb, zar\u00f3wno karpiowatych jak i drapie\u017cnik\u00f3w.<\/p>\n","protected":false},"excerpt":{"rendered":"<p>Profesjonalny, wyczonywy kosz do podbieraka, wyposa\u017cony w metalow\u0105 ram\u0119 i gumowan\u0119 siatk\u0119 o \u015brednicy oczka 6 oraz 3mm. Dedykowany do po\u0142owu wi\u0119kszych ryb, zar\u00f3wno karpiowatych jak i drapie\u017cnik\u00f3w.<\/p>\n","protected":false},"featured_media":2326,"template":"","meta":[],"product_brand":[22],"product_cat":[83,80,19,18],"product_tag":[],"class_list":{"0":"post-2295","1":"product","2":"type-product","3":"status-publish","4":"has-post-thumbnail","6":"product_brand-mikado","7":"product_cat-kosze-do-podbierakow","8":"product_cat-siatki-podbieraki-sztyce","9":"product_cat-grunt","10":"product_cat-splawik","12":"first","13":"instock","14":"shipping-taxable","15":"purchasable","16":"product-type-simple"},"_links":{"self":[{"href":"https:\/\/kotlinafishing.pl\/index.php?rest_route=\/wp\/v2\/product\/2295","targetHints":{"allow":["GET"]}}],"collection":[{"href":"https:\/\/kotlinafishing.pl\/index.php?rest_route=\/wp\/v2\/product"}],"about":[{"href":"https:\/\/kotlinafishing.pl\/index.php?rest_route=\/wp\/v2\/types\/product"}],"wp:featuredmedia":[{"embeddable":true,"href":"https:\/\/kotlinafishing.pl\/index.php?rest_route=\/wp\/v2\/media\/2326"}],"wp:attachment":[{"href":"https:\/\/kotlinafishing.pl\/index.php?rest_route=%2Fwp%2Fv2%2Fmedia&parent=2295"}],"wp:term":[{"taxonomy":"product_brand","embeddable":true,"href":"https:\/\/kotlinafishing.pl\/index.php?rest_route=%2Fwp%2Fv2%2Fproduct_brand&post=2295"},{"taxonomy":"product_cat","embeddable":true,"href":"https:\/\/kotlinafishing.pl\/index.php?rest_route=%2Fwp%2Fv2%2Fproduct_cat&post=2295"},{"taxonomy":"product_tag","embeddable":true,"href":"https:\/\/kotlinafishing.pl\/index.php?rest_route=%2Fwp%2Fv2%2Fproduct_tag&post=2295"}],"curies":[{"name":"wp","href":"https:\/\/api.w.org\/{rel}","templated":true}]}}