{"id":2293,"date":"2025-12-17T15:09:21","date_gmt":"2025-12-17T14:09:21","guid":{"rendered":"http:\/\/kotlinafishing.pl\/?post_type=product&#038;p=2293"},"modified":"2026-04-01T16:30:48","modified_gmt":"2026-04-01T14:30:48","slug":"kosz-do-podbieraka-mikado-cage-tournament-zylkowy-50x45cm","status":"publish","type":"product","link":"https:\/\/kotlinafishing.pl\/?product=kosz-do-podbieraka-mikado-cage-tournament-zylkowy-50x45cm","title":{"rendered":"Kosz do podbieraka Mikado Cage Tournament &#8211; \u017cy\u0142kowy 50x45cm"},"content":{"rendered":"<p>Wyczynowy kosz, idealny dla w\u0119dkarzy, kt\u00f3rzy ceni\u0105 sobie ma\u0142\u0105 wag\u0119 i mo\u017cliwo\u015b\u0107 szybkiego operowania g\u0142ow\u0105 podbieraka. Wykonany z nylonowej siatki, kt\u00f3ra nie stawia du\u017cego oporu w wodzie i bardzo szybko schnie. Doskonale b\u0119dzie wsp\u00f3\u0142pracowa\u0142 z d\u0142ug\u0105 sztyc\u0105.<\/p>\n","protected":false},"excerpt":{"rendered":"<p>Wyczynowy kosz, idealny dla w\u0119dkarzy, kt\u00f3rzy ceni\u0105 sobie ma\u0142\u0105 wag\u0119 i mo\u017cliwo\u015b\u0107 szybkiego operowania g\u0142ow\u0105 podbieraka. Wykonany z nylonowej siatki, kt\u00f3ra nie stawia du\u017cego oporu w wodzie i bardzo szybko schnie. Doskonale b\u0119dzie wsp\u00f3\u0142pracowa\u0142 z d\u0142ug\u0105 sztyc\u0105.<\/p>\n","protected":false},"featured_media":2328,"template":"","meta":[],"product_brand":[22],"product_cat":[83,80,19,18],"product_tag":[],"class_list":{"0":"post-2293","1":"product","2":"type-product","3":"status-publish","4":"has-post-thumbnail","6":"product_brand-mikado","7":"product_cat-kosze-do-podbierakow","8":"product_cat-siatki-podbieraki-sztyce","9":"product_cat-grunt","10":"product_cat-splawik","12":"first","13":"outofstock","14":"shipping-taxable","15":"purchasable","16":"product-type-simple"},"_links":{"self":[{"href":"https:\/\/kotlinafishing.pl\/index.php?rest_route=\/wp\/v2\/product\/2293","targetHints":{"allow":["GET"]}}],"collection":[{"href":"https:\/\/kotlinafishing.pl\/index.php?rest_route=\/wp\/v2\/product"}],"about":[{"href":"https:\/\/kotlinafishing.pl\/index.php?rest_route=\/wp\/v2\/types\/product"}],"wp:featuredmedia":[{"embeddable":true,"href":"https:\/\/kotlinafishing.pl\/index.php?rest_route=\/wp\/v2\/media\/2328"}],"wp:attachment":[{"href":"https:\/\/kotlinafishing.pl\/index.php?rest_route=%2Fwp%2Fv2%2Fmedia&parent=2293"}],"wp:term":[{"taxonomy":"product_brand","embeddable":true,"href":"https:\/\/kotlinafishing.pl\/index.php?rest_route=%2Fwp%2Fv2%2Fproduct_brand&post=2293"},{"taxonomy":"product_cat","embeddable":true,"href":"https:\/\/kotlinafishing.pl\/index.php?rest_route=%2Fwp%2Fv2%2Fproduct_cat&post=2293"},{"taxonomy":"product_tag","embeddable":true,"href":"https:\/\/kotlinafishing.pl\/index.php?rest_route=%2Fwp%2Fv2%2Fproduct_tag&post=2293"}],"curies":[{"name":"wp","href":"https:\/\/api.w.org\/{rel}","templated":true}]}}