{"id":2262,"date":"2025-12-10T15:27:23","date_gmt":"2025-12-10T14:27:23","guid":{"rendered":"http:\/\/kotlinafishing.pl\/?post_type=product&#038;p=2262"},"modified":"2026-03-29T19:24:35","modified_gmt":"2026-03-29T17:24:35","slug":"koszyczek-zanetowy-lorpio-match-large-39x34mm","status":"publish","type":"product","link":"https:\/\/kotlinafishing.pl\/?product=koszyczek-zanetowy-lorpio-match-large-39x34mm","title":{"rendered":"Koszyczek zan\u0119towy Lorpio Match Large (39x34mm)"},"content":{"rendered":"<p>Koszyczek zan\u0119towy wykonany z tworzywa sztucznego z obci\u0105\u017ceniem, w rozmiarze L (39x34mm.)<\/p>\n","protected":false},"excerpt":{"rendered":"<p>Koszyczek zan\u0119towy wykonany z tworzywa sztucznego z obci\u0105\u017ceniem, w rozmiarze L (39x34mm.)<\/p>\n","protected":false},"featured_media":2377,"template":"","meta":[],"product_brand":[23],"product_cat":[54,34,19],"product_tag":[],"class_list":{"0":"post-2262","1":"product","2":"type-product","3":"status-publish","4":"has-post-thumbnail","6":"product_brand-lorpio","7":"product_cat-koszyczki-klasyczny-feeder","8":"product_cat-koszyczki-podajniki-foremki","9":"product_cat-grunt","11":"first","12":"instock","13":"shipping-taxable","14":"purchasable","15":"product-type-variable"},"_links":{"self":[{"href":"https:\/\/kotlinafishing.pl\/index.php?rest_route=\/wp\/v2\/product\/2262","targetHints":{"allow":["GET"]}}],"collection":[{"href":"https:\/\/kotlinafishing.pl\/index.php?rest_route=\/wp\/v2\/product"}],"about":[{"href":"https:\/\/kotlinafishing.pl\/index.php?rest_route=\/wp\/v2\/types\/product"}],"wp:featuredmedia":[{"embeddable":true,"href":"https:\/\/kotlinafishing.pl\/index.php?rest_route=\/wp\/v2\/media\/2377"}],"wp:attachment":[{"href":"https:\/\/kotlinafishing.pl\/index.php?rest_route=%2Fwp%2Fv2%2Fmedia&parent=2262"}],"wp:term":[{"taxonomy":"product_brand","embeddable":true,"href":"https:\/\/kotlinafishing.pl\/index.php?rest_route=%2Fwp%2Fv2%2Fproduct_brand&post=2262"},{"taxonomy":"product_cat","embeddable":true,"href":"https:\/\/kotlinafishing.pl\/index.php?rest_route=%2Fwp%2Fv2%2Fproduct_cat&post=2262"},{"taxonomy":"product_tag","embeddable":true,"href":"https:\/\/kotlinafishing.pl\/index.php?rest_route=%2Fwp%2Fv2%2Fproduct_tag&post=2262"}],"curies":[{"name":"wp","href":"https:\/\/api.w.org\/{rel}","templated":true}]}}