{"id":2256,"date":"2025-12-10T15:20:24","date_gmt":"2025-12-10T14:20:24","guid":{"rendered":"http:\/\/kotlinafishing.pl\/?post_type=product&#038;p=2256"},"modified":"2026-03-29T19:28:55","modified_gmt":"2026-03-29T17:28:55","slug":"koszyczek-zanetowy-lorpio-match-small","status":"publish","type":"product","link":"https:\/\/kotlinafishing.pl\/?product=koszyczek-zanetowy-lorpio-match-small","title":{"rendered":"Koszyczek zan\u0119towy Lorpio Match Small (26x30mm)"},"content":{"rendered":"<p>Koszyczek zan\u0119towy wykonany z tworzywa sztucznego z obci\u0105\u017ceniem. Rozmiar S (26x30mm)<\/p>\n","protected":false},"excerpt":{"rendered":"<p>Koszyczek zan\u0119towy wykonany z tworzywa sztucznego z obci\u0105\u017ceniem.<\/p>\n","protected":false},"featured_media":2375,"template":"","meta":[],"product_brand":[23],"product_cat":[54,34,19],"product_tag":[],"class_list":{"0":"post-2256","1":"product","2":"type-product","3":"status-publish","4":"has-post-thumbnail","6":"product_brand-lorpio","7":"product_cat-koszyczki-klasyczny-feeder","8":"product_cat-koszyczki-podajniki-foremki","9":"product_cat-grunt","11":"first","12":"instock","13":"shipping-taxable","14":"purchasable","15":"product-type-variable"},"_links":{"self":[{"href":"https:\/\/kotlinafishing.pl\/index.php?rest_route=\/wp\/v2\/product\/2256","targetHints":{"allow":["GET"]}}],"collection":[{"href":"https:\/\/kotlinafishing.pl\/index.php?rest_route=\/wp\/v2\/product"}],"about":[{"href":"https:\/\/kotlinafishing.pl\/index.php?rest_route=\/wp\/v2\/types\/product"}],"wp:featuredmedia":[{"embeddable":true,"href":"https:\/\/kotlinafishing.pl\/index.php?rest_route=\/wp\/v2\/media\/2375"}],"wp:attachment":[{"href":"https:\/\/kotlinafishing.pl\/index.php?rest_route=%2Fwp%2Fv2%2Fmedia&parent=2256"}],"wp:term":[{"taxonomy":"product_brand","embeddable":true,"href":"https:\/\/kotlinafishing.pl\/index.php?rest_route=%2Fwp%2Fv2%2Fproduct_brand&post=2256"},{"taxonomy":"product_cat","embeddable":true,"href":"https:\/\/kotlinafishing.pl\/index.php?rest_route=%2Fwp%2Fv2%2Fproduct_cat&post=2256"},{"taxonomy":"product_tag","embeddable":true,"href":"https:\/\/kotlinafishing.pl\/index.php?rest_route=%2Fwp%2Fv2%2Fproduct_tag&post=2256"}],"curies":[{"name":"wp","href":"https:\/\/api.w.org\/{rel}","templated":true}]}}