{"id":2179,"date":"2025-12-06T09:18:05","date_gmt":"2025-12-06T08:18:05","guid":{"rendered":"http:\/\/kotlinafishing.pl\/?post_type=product&#038;p=2179"},"modified":"2026-02-15T18:59:47","modified_gmt":"2026-02-15T17:59:47","slug":"srut-matchpro-mala-paletka-nr-0-nr-8","status":"publish","type":"product","link":"https:\/\/kotlinafishing.pl\/?product=srut-matchpro-mala-paletka-nr-0-nr-8","title":{"rendered":"\u015arut MatchPro &#8211; ma\u0142a paletka (nr 0 &#8211; nr 8)"},"content":{"rendered":"<p>Ma\u0142a paletka \u015brucin marki MatchPro. Waga \u015brucin razem z pude\u0142kiem to oko\u0142o 80g.\u00a0 Rozmiar \u015brucin od nr 0 do nr 8 (0,39g &#8211; 0,07g).<\/p>\n","protected":false},"excerpt":{"rendered":"<p>Ma\u0142a paletka \u015brucin marki MatchPro. Waga \u015brucin razem z pude\u0142kiem to oko\u0142o 80g.\u00a0 Rozmiar \u015brucin od nr 0 do nr 8 (0,39g &#8211; 0,07g).<\/p>\n","protected":false},"featured_media":2765,"template":"","meta":[],"product_brand":[24],"product_cat":[124,125,18],"product_tag":[],"class_list":{"0":"post-2179","1":"product","2":"type-product","3":"status-publish","4":"has-post-thumbnail","6":"product_brand-matchpro","7":"product_cat-akcesoria-do-budowy-zestawu","8":"product_cat-sruciny","9":"product_cat-splawik","11":"first","12":"instock","13":"shipping-taxable","14":"purchasable","15":"product-type-simple"},"_links":{"self":[{"href":"https:\/\/kotlinafishing.pl\/index.php?rest_route=\/wp\/v2\/product\/2179","targetHints":{"allow":["GET"]}}],"collection":[{"href":"https:\/\/kotlinafishing.pl\/index.php?rest_route=\/wp\/v2\/product"}],"about":[{"href":"https:\/\/kotlinafishing.pl\/index.php?rest_route=\/wp\/v2\/types\/product"}],"wp:featuredmedia":[{"embeddable":true,"href":"https:\/\/kotlinafishing.pl\/index.php?rest_route=\/wp\/v2\/media\/2765"}],"wp:attachment":[{"href":"https:\/\/kotlinafishing.pl\/index.php?rest_route=%2Fwp%2Fv2%2Fmedia&parent=2179"}],"wp:term":[{"taxonomy":"product_brand","embeddable":true,"href":"https:\/\/kotlinafishing.pl\/index.php?rest_route=%2Fwp%2Fv2%2Fproduct_brand&post=2179"},{"taxonomy":"product_cat","embeddable":true,"href":"https:\/\/kotlinafishing.pl\/index.php?rest_route=%2Fwp%2Fv2%2Fproduct_cat&post=2179"},{"taxonomy":"product_tag","embeddable":true,"href":"https:\/\/kotlinafishing.pl\/index.php?rest_route=%2Fwp%2Fv2%2Fproduct_tag&post=2179"}],"curies":[{"name":"wp","href":"https:\/\/api.w.org\/{rel}","templated":true}]}}