{"id":2173,"date":"2025-12-06T08:59:41","date_gmt":"2025-12-06T07:59:41","guid":{"rendered":"http:\/\/kotlinafishing.pl\/?post_type=product&#038;p=2173"},"modified":"2026-02-15T19:03:53","modified_gmt":"2026-02-15T18:03:53","slug":"srut-trabucco-paletka-130g-nr-3-nr7","status":"publish","type":"product","link":"https:\/\/kotlinafishing.pl\/?product=srut-trabucco-paletka-130g-nr-3-nr7","title":{"rendered":"\u015arut Trabucco &#8211; paletka 130g (nr 3 &#8211; nr7)"},"content":{"rendered":"<p>\u015arednia paletka \u015brucin marki Trabucco. Waga \u015brucin razem z pude\u0142kiem to 130g. W sk\u0142ad zestawu wchodz\u0105 \u015bruciny w rozmiarach od nr 3 do nr 7 ( 0,22g &#8211; 0,08g).<\/p>\n","protected":false},"excerpt":{"rendered":"<p>\u015arednia paletka \u015brucin marki Trabucco. Waga \u015brucin razem z pude\u0142kiem to 130g. W sk\u0142ad zestawu wchodz\u0105 \u015bruciny w rozmiarach od nr 3 do nr 7 ( 0,22g &#8211; 0,08g).<\/p>\n","protected":false},"featured_media":2831,"template":"","meta":[],"product_brand":[27],"product_cat":[124,125,18],"product_tag":[],"class_list":{"0":"post-2173","1":"product","2":"type-product","3":"status-publish","4":"has-post-thumbnail","6":"product_brand-trabucco","7":"product_cat-akcesoria-do-budowy-zestawu","8":"product_cat-sruciny","9":"product_cat-splawik","11":"first","12":"instock","13":"shipping-taxable","14":"purchasable","15":"product-type-simple"},"_links":{"self":[{"href":"https:\/\/kotlinafishing.pl\/index.php?rest_route=\/wp\/v2\/product\/2173","targetHints":{"allow":["GET"]}}],"collection":[{"href":"https:\/\/kotlinafishing.pl\/index.php?rest_route=\/wp\/v2\/product"}],"about":[{"href":"https:\/\/kotlinafishing.pl\/index.php?rest_route=\/wp\/v2\/types\/product"}],"wp:featuredmedia":[{"embeddable":true,"href":"https:\/\/kotlinafishing.pl\/index.php?rest_route=\/wp\/v2\/media\/2831"}],"wp:attachment":[{"href":"https:\/\/kotlinafishing.pl\/index.php?rest_route=%2Fwp%2Fv2%2Fmedia&parent=2173"}],"wp:term":[{"taxonomy":"product_brand","embeddable":true,"href":"https:\/\/kotlinafishing.pl\/index.php?rest_route=%2Fwp%2Fv2%2Fproduct_brand&post=2173"},{"taxonomy":"product_cat","embeddable":true,"href":"https:\/\/kotlinafishing.pl\/index.php?rest_route=%2Fwp%2Fv2%2Fproduct_cat&post=2173"},{"taxonomy":"product_tag","embeddable":true,"href":"https:\/\/kotlinafishing.pl\/index.php?rest_route=%2Fwp%2Fv2%2Fproduct_tag&post=2173"}],"curies":[{"name":"wp","href":"https:\/\/api.w.org\/{rel}","templated":true}]}}