{"id":2155,"date":"2025-12-05T09:35:44","date_gmt":"2025-12-05T08:35:44","guid":{"rendered":"http:\/\/kotlinafishing.pl\/?post_type=product&#038;p=2155"},"modified":"2026-02-15T19:09:31","modified_gmt":"2026-02-15T18:09:31","slug":"wirujacy-ogonek-wolno-tonacy-spin-mad-crazy-bug-4g-2414","status":"publish","type":"product","link":"https:\/\/kotlinafishing.pl\/?product=wirujacy-ogonek-wolno-tonacy-spin-mad-crazy-bug-4g-2414","title":{"rendered":"Wiruj\u0105cy ogonek wolno ton\u0105cy Spin Mad Crazy Bug 4g 2414"},"content":{"rendered":"<p>Wiruj\u0105cy ogonek<strong> Crazy Bug<\/strong> 4g jest imitacj\u0105 owada przeznaczon\u0105 dla mi\u0142o\u015bnik\u00f3w finezyjnego \u0142owienia. Realistyczny design, wachlarz naturalnych kolor\u00f3w, niewielki rozmiar i \u017cywa praca to cechy, kt\u00f3rym okonie, pstr\u0105gi i klenie nie potrafi\u0105 si\u0119 oprze\u0107.<\/p>\n","protected":false},"excerpt":{"rendered":"<p>Wiruj\u0105cy ogonek<strong> Crazy Bug<\/strong> 4g jest imitacj\u0105 owada przeznaczon\u0105 dla mi\u0142o\u015bnik\u00f3w finezyjnego \u0142owienia. Realistyczny design, wachlarz naturalnych kolor\u00f3w, niewielki rozmiar i \u017cywa praca to cechy, kt\u00f3rym okonie, pstr\u0105gi i klenie nie potrafi\u0105 si\u0119 oprze\u0107.<\/p>\n","protected":false},"featured_media":2834,"template":"","meta":[],"product_brand":[256],"product_cat":[194,21,255],"product_tag":[],"class_list":{"0":"post-2155","1":"product","2":"type-product","3":"status-publish","4":"has-post-thumbnail","6":"product_brand-spinmad","7":"product_cat-przynety-spinningowe","8":"product_cat-spinning","9":"product_cat-wirujace-ogonki-przynety-spinningowe","11":"first","12":"instock","13":"shipping-taxable","14":"purchasable","15":"product-type-simple"},"_links":{"self":[{"href":"https:\/\/kotlinafishing.pl\/index.php?rest_route=\/wp\/v2\/product\/2155","targetHints":{"allow":["GET"]}}],"collection":[{"href":"https:\/\/kotlinafishing.pl\/index.php?rest_route=\/wp\/v2\/product"}],"about":[{"href":"https:\/\/kotlinafishing.pl\/index.php?rest_route=\/wp\/v2\/types\/product"}],"wp:featuredmedia":[{"embeddable":true,"href":"https:\/\/kotlinafishing.pl\/index.php?rest_route=\/wp\/v2\/media\/2834"}],"wp:attachment":[{"href":"https:\/\/kotlinafishing.pl\/index.php?rest_route=%2Fwp%2Fv2%2Fmedia&parent=2155"}],"wp:term":[{"taxonomy":"product_brand","embeddable":true,"href":"https:\/\/kotlinafishing.pl\/index.php?rest_route=%2Fwp%2Fv2%2Fproduct_brand&post=2155"},{"taxonomy":"product_cat","embeddable":true,"href":"https:\/\/kotlinafishing.pl\/index.php?rest_route=%2Fwp%2Fv2%2Fproduct_cat&post=2155"},{"taxonomy":"product_tag","embeddable":true,"href":"https:\/\/kotlinafishing.pl\/index.php?rest_route=%2Fwp%2Fv2%2Fproduct_tag&post=2155"}],"curies":[{"name":"wp","href":"https:\/\/api.w.org\/{rel}","templated":true}]}}