{"id":2152,"date":"2025-12-05T09:24:34","date_gmt":"2025-12-05T08:24:34","guid":{"rendered":"http:\/\/kotlinafishing.pl\/?post_type=product&#038;p=2152"},"modified":"2026-02-15T19:11:11","modified_gmt":"2026-02-15T18:11:11","slug":"wirujacy-ogonek-tonacy-spinmad-originals-big-4g-1204","status":"publish","type":"product","link":"https:\/\/kotlinafishing.pl\/?product=wirujacy-ogonek-tonacy-spinmad-originals-big-4g-1204","title":{"rendered":"Wiruj\u0105cy ogonek ton\u0105cy SpinMad Originals Big 4g 1204"},"content":{"rendered":"<p>Najmniejszy wiruj\u0105cy ogonek w ofercie <strong>SpinMad<\/strong>, idealny do \u0142owienia metod\u0105 jigowania. Uwielbiany przez zawodnik\u00f3w i mi\u0142o\u015bnik\u00f3w lekkiego \u0142owienia.<\/p>\n","protected":false},"excerpt":{"rendered":"<p>Najmniejszy wiruj\u0105cy ogonek w ofercie <strong>SpinMad<\/strong>, idealny do \u0142owienia metod\u0105 jigowania. Uwielbiany przez zawodnik\u00f3w i mi\u0142o\u015bnik\u00f3w lekkiego \u0142owienia.<\/p>\n","protected":false},"featured_media":2836,"template":"","meta":[],"product_brand":[256],"product_cat":[194,21,255],"product_tag":[],"class_list":{"0":"post-2152","1":"product","2":"type-product","3":"status-publish","4":"has-post-thumbnail","6":"product_brand-spinmad","7":"product_cat-przynety-spinningowe","8":"product_cat-spinning","9":"product_cat-wirujace-ogonki-przynety-spinningowe","11":"first","12":"instock","13":"shipping-taxable","14":"purchasable","15":"product-type-simple"},"_links":{"self":[{"href":"https:\/\/kotlinafishing.pl\/index.php?rest_route=\/wp\/v2\/product\/2152","targetHints":{"allow":["GET"]}}],"collection":[{"href":"https:\/\/kotlinafishing.pl\/index.php?rest_route=\/wp\/v2\/product"}],"about":[{"href":"https:\/\/kotlinafishing.pl\/index.php?rest_route=\/wp\/v2\/types\/product"}],"wp:featuredmedia":[{"embeddable":true,"href":"https:\/\/kotlinafishing.pl\/index.php?rest_route=\/wp\/v2\/media\/2836"}],"wp:attachment":[{"href":"https:\/\/kotlinafishing.pl\/index.php?rest_route=%2Fwp%2Fv2%2Fmedia&parent=2152"}],"wp:term":[{"taxonomy":"product_brand","embeddable":true,"href":"https:\/\/kotlinafishing.pl\/index.php?rest_route=%2Fwp%2Fv2%2Fproduct_brand&post=2152"},{"taxonomy":"product_cat","embeddable":true,"href":"https:\/\/kotlinafishing.pl\/index.php?rest_route=%2Fwp%2Fv2%2Fproduct_cat&post=2152"},{"taxonomy":"product_tag","embeddable":true,"href":"https:\/\/kotlinafishing.pl\/index.php?rest_route=%2Fwp%2Fv2%2Fproduct_tag&post=2152"}],"curies":[{"name":"wp","href":"https:\/\/api.w.org\/{rel}","templated":true}]}}