{"id":2149,"date":"2025-12-05T09:13:04","date_gmt":"2025-12-05T08:13:04","guid":{"rendered":"http:\/\/kotlinafishing.pl\/?post_type=product&#038;p=2149"},"modified":"2025-12-07T11:48:50","modified_gmt":"2025-12-07T10:48:50","slug":"jerkntonacy-mikado-mft-jerk-13cm-95g-blue-roach","status":"publish","type":"product","link":"https:\/\/kotlinafishing.pl\/?product=jerkntonacy-mikado-mft-jerk-13cm-95g-blue-roach","title":{"rendered":"Jerk ton\u0105cy Mikado MFT Jerk 13cm\/95g Blue Roach"},"content":{"rendered":"<p><strong>MFT Jerk<\/strong> w wersji suspending, to neutralny wobler idealny na p\u0142ytkie cz\u0119\u015bci zbiornika. Przy jednostajnym prowadzeniu imituje rann\u0105, chor\u0105 rybk\u0119, natomiast delikatne podszarpywanie szczyt\u00f3wk\u0105 wprawia przyn\u0119t\u0119 w zygzakowat\u0105 akcj\u0119.<\/p>\n","protected":false},"excerpt":{"rendered":"<p><strong>MFT Jerk<\/strong> w wersji suspending, to neutralny wobler idealny na p\u0142ytkie cz\u0119\u015bci zbiornika. Przy jednostajnym prowadzeniu imituje rann\u0105, chor\u0105 rybk\u0119, natomiast delikatne podszarpywanie szczyt\u00f3wk\u0105 wprawia przyn\u0119t\u0119 w zygzakowat\u0105 akcj\u0119.<\/p>\n","protected":false},"featured_media":2184,"template":"","meta":[],"product_brand":[22],"product_cat":[203,194,21],"product_tag":[],"class_list":{"0":"post-2149","1":"product","2":"type-product","3":"status-publish","4":"has-post-thumbnail","6":"product_brand-mikado","7":"product_cat-jerki","8":"product_cat-przynety-spinningowe","9":"product_cat-spinning","11":"first","12":"instock","13":"shipping-taxable","14":"purchasable","15":"product-type-simple"},"_links":{"self":[{"href":"https:\/\/kotlinafishing.pl\/index.php?rest_route=\/wp\/v2\/product\/2149","targetHints":{"allow":["GET"]}}],"collection":[{"href":"https:\/\/kotlinafishing.pl\/index.php?rest_route=\/wp\/v2\/product"}],"about":[{"href":"https:\/\/kotlinafishing.pl\/index.php?rest_route=\/wp\/v2\/types\/product"}],"wp:featuredmedia":[{"embeddable":true,"href":"https:\/\/kotlinafishing.pl\/index.php?rest_route=\/wp\/v2\/media\/2184"}],"wp:attachment":[{"href":"https:\/\/kotlinafishing.pl\/index.php?rest_route=%2Fwp%2Fv2%2Fmedia&parent=2149"}],"wp:term":[{"taxonomy":"product_brand","embeddable":true,"href":"https:\/\/kotlinafishing.pl\/index.php?rest_route=%2Fwp%2Fv2%2Fproduct_brand&post=2149"},{"taxonomy":"product_cat","embeddable":true,"href":"https:\/\/kotlinafishing.pl\/index.php?rest_route=%2Fwp%2Fv2%2Fproduct_cat&post=2149"},{"taxonomy":"product_tag","embeddable":true,"href":"https:\/\/kotlinafishing.pl\/index.php?rest_route=%2Fwp%2Fv2%2Fproduct_tag&post=2149"}],"curies":[{"name":"wp","href":"https:\/\/api.w.org\/{rel}","templated":true}]}}