{"id":2146,"date":"2025-12-05T09:09:47","date_gmt":"2025-12-05T08:09:47","guid":{"rendered":"http:\/\/kotlinafishing.pl\/?post_type=product&#038;p=2146"},"modified":"2025-12-07T11:51:06","modified_gmt":"2025-12-07T10:51:06","slug":"jerk-wolnotonacy-mikado-mft-swimbait-13cm-81g-blue-roach","status":"publish","type":"product","link":"https:\/\/kotlinafishing.pl\/?product=jerk-wolnotonacy-mikado-mft-swimbait-13cm-81g-blue-roach","title":{"rendered":"Jerk wolnoton\u0105cy Mikado MFT Swimbait 13cm\/81g Blue Roach"},"content":{"rendered":"<div class=\"p-2\">\n<p>Przyn\u0119ty typu swimbait s\u0105 coraz bardziej popularne na ca\u0142ym \u015bwiecie. Nasz <strong>MFT Swimbait<\/strong> to doskona\u0142a bro\u0144 na szczupaki i okonie poluj\u0105ce w pobli\u017cu lustra wody. W opakowaniu znajduj\u0105 si\u0119 dwa r\u00f3\u017cne ogonki, dzi\u0119ki kt\u00f3rym mo\u017cesz zmieni\u0107 wygl\u0105d swojej przyn\u0119ty.<\/p>\n<\/div>\n<div class=\"p-2\">\n<p><strong>Specyfikacja:<\/strong><br \/>\n&#8211; Unikatowe malowanie<br \/>\n&#8211; Model ton\u0105cy<br \/>\n&#8211; Wyposa\u017cony w grzechotk\u0119<br \/>\n&#8211; Testowane przed zapakowaniem<br \/>\n&#8211; Zapasowy ogonek w opakowaniu<\/p>\n<\/div>\n","protected":false},"excerpt":{"rendered":"<p>Przyn\u0119ty typu swimbait s\u0105 coraz bardziej popularne na ca\u0142ym \u015bwiecie. Nasz <strong>MFT Swimbait<\/strong> to doskona\u0142a bro\u0144 na szczupaki i okonie poluj\u0105ce w pobli\u017cu lustra wody. W opakowaniu znajduj\u0105 si\u0119 dwa r\u00f3\u017cne ogonki, dzi\u0119ki kt\u00f3rym mo\u017cesz zmieni\u0107 wygl\u0105d swojej przyn\u0119ty.<\/p>\n","protected":false},"featured_media":2186,"template":"","meta":[],"product_brand":[22],"product_cat":[203,194,21],"product_tag":[],"class_list":{"0":"post-2146","1":"product","2":"type-product","3":"status-publish","4":"has-post-thumbnail","6":"product_brand-mikado","7":"product_cat-jerki","8":"product_cat-przynety-spinningowe","9":"product_cat-spinning","11":"first","12":"instock","13":"shipping-taxable","14":"purchasable","15":"product-type-simple"},"_links":{"self":[{"href":"https:\/\/kotlinafishing.pl\/index.php?rest_route=\/wp\/v2\/product\/2146","targetHints":{"allow":["GET"]}}],"collection":[{"href":"https:\/\/kotlinafishing.pl\/index.php?rest_route=\/wp\/v2\/product"}],"about":[{"href":"https:\/\/kotlinafishing.pl\/index.php?rest_route=\/wp\/v2\/types\/product"}],"wp:featuredmedia":[{"embeddable":true,"href":"https:\/\/kotlinafishing.pl\/index.php?rest_route=\/wp\/v2\/media\/2186"}],"wp:attachment":[{"href":"https:\/\/kotlinafishing.pl\/index.php?rest_route=%2Fwp%2Fv2%2Fmedia&parent=2146"}],"wp:term":[{"taxonomy":"product_brand","embeddable":true,"href":"https:\/\/kotlinafishing.pl\/index.php?rest_route=%2Fwp%2Fv2%2Fproduct_brand&post=2146"},{"taxonomy":"product_cat","embeddable":true,"href":"https:\/\/kotlinafishing.pl\/index.php?rest_route=%2Fwp%2Fv2%2Fproduct_cat&post=2146"},{"taxonomy":"product_tag","embeddable":true,"href":"https:\/\/kotlinafishing.pl\/index.php?rest_route=%2Fwp%2Fv2%2Fproduct_tag&post=2146"}],"curies":[{"name":"wp","href":"https:\/\/api.w.org\/{rel}","templated":true}]}}