{"id":2132,"date":"2025-12-05T08:44:00","date_gmt":"2025-12-05T07:44:00","guid":{"rendered":"http:\/\/kotlinafishing.pl\/?post_type=product&#038;p=2132"},"modified":"2025-12-05T08:44:00","modified_gmt":"2025-12-05T07:44:00","slug":"wobler-siek-ukleja-sr-8cm-6g-uksr8f-gk-plywajacy","status":"publish","type":"product","link":"https:\/\/kotlinafishing.pl\/?product=wobler-siek-ukleja-sr-8cm-6g-uksr8f-gk-plywajacy","title":{"rendered":"Wobler Siek Ukleja SR 8cm\/6g UKSR8F-GK p\u0142ywaj\u0105cy"},"content":{"rendered":"<p data-path-to-node=\"1\"><b>Siek Ukleja SR<\/b> (Shallow Runner) to <b>r\u0119cznie robiony woblerek<\/b> stworzony z my\u015bl\u0105 o imitacji uklei, zoptymalizowany do <b>skutecznego ob\u0142awiania p\u0142ytkich partii wody<\/b>.<\/p>\n<p data-path-to-node=\"2\">Kluczowe Cechy:<\/p>\n<ul data-path-to-node=\"3\">\n<li>\n<p data-path-to-node=\"3,0,0\"><b>Realistyczny Kszta\u0142t:<\/b> Wiernie na\u015bladuje smuk\u0142\u0105 sylwetk\u0119 uklei, co jest niezwykle skuteczne na ostro\u017cne drapie\u017cniki.<\/p>\n<\/li>\n<li>\n<p data-path-to-node=\"3,1,0\"><b>P\u0142ytkie Prowadzenie (SR):<\/b> Zaprojektowany do pracy na ma\u0142ych g\u0142\u0119boko\u015bciach. Idealny do ob\u0142awiania <b>p\u0142ytkich blat\u00f3w, przelew\u00f3w i okolic trzcin<\/b> bez ryzyka zaczep\u00f3w.<\/p>\n<\/li>\n<li>\n<p data-path-to-node=\"3,2,0\"><b>Delikatna Akcja:<\/b> Posiada <b>subtelne, migotliwe lusterkowanie<\/b> z niewielk\u0105 amplitud\u0105. Jest to idealna praca dla naturalnego odwzorowania \u017ceruj\u0105cej lub chorej rybki.<\/p>\n<\/li>\n<li>\n<p data-path-to-node=\"3,3,0\"><b>Wymiary:<\/b> 8 cm d\u0142ugo\u015bci i 6 g wagi. \u015awietnie sprawdza si\u0119 w \u0142owieniu <b>boleni, sandaczy z opadu<\/b> (w p\u0142ytkich miejscach), <b>szczupak\u00f3w<\/b> oraz <b>du\u017cych kleni i jazi<\/b>.<\/p>\n<\/li>\n<li>\n<p data-path-to-node=\"3,4,0\"><b>Wyposa\u017cenie:<\/b> Zbrojony w ostre kotwice, gotowe do pewnego zaci\u0119cia.<\/p>\n<\/li>\n<\/ul>\n<p data-path-to-node=\"4\">Wybierz <b>Siek Ukleja SR 8cm<\/b>, je\u015bli potrzebujesz <b>naturalnie pracuj\u0105cego woblera<\/b> do precyzyjnego i skutecznego \u0142owienia w p\u0142ytkich \u0142owiskach.<\/p>\n","protected":false},"excerpt":{"rendered":"<p><b>Siek Ukleja SR<\/b> (Shallow Runner) to <b>r\u0119cznie robiony woblerek<\/b> stworzony z my\u015bl\u0105 o imitacji uklei, zoptymalizowany do <b>skutecznego ob\u0142awiania p\u0142ytkich partii wody<\/b>.<\/p>\n","protected":false},"featured_media":0,"template":"","meta":[],"product_brand":[252],"product_cat":[194,21,198],"product_tag":[],"class_list":{"0":"post-2132","1":"product","2":"type-product","3":"status-publish","5":"product_brand-siek","6":"product_cat-przynety-spinningowe","7":"product_cat-spinning","8":"product_cat-woblery","10":"first","11":"instock","12":"shipping-taxable","13":"purchasable","14":"product-type-simple"},"_links":{"self":[{"href":"https:\/\/kotlinafishing.pl\/index.php?rest_route=\/wp\/v2\/product\/2132","targetHints":{"allow":["GET"]}}],"collection":[{"href":"https:\/\/kotlinafishing.pl\/index.php?rest_route=\/wp\/v2\/product"}],"about":[{"href":"https:\/\/kotlinafishing.pl\/index.php?rest_route=\/wp\/v2\/types\/product"}],"wp:attachment":[{"href":"https:\/\/kotlinafishing.pl\/index.php?rest_route=%2Fwp%2Fv2%2Fmedia&parent=2132"}],"wp:term":[{"taxonomy":"product_brand","embeddable":true,"href":"https:\/\/kotlinafishing.pl\/index.php?rest_route=%2Fwp%2Fv2%2Fproduct_brand&post=2132"},{"taxonomy":"product_cat","embeddable":true,"href":"https:\/\/kotlinafishing.pl\/index.php?rest_route=%2Fwp%2Fv2%2Fproduct_cat&post=2132"},{"taxonomy":"product_tag","embeddable":true,"href":"https:\/\/kotlinafishing.pl\/index.php?rest_route=%2Fwp%2Fv2%2Fproduct_tag&post=2132"}],"curies":[{"name":"wp","href":"https:\/\/api.w.org\/{rel}","templated":true}]}}