{"id":2130,"date":"2025-12-04T10:09:49","date_gmt":"2025-12-04T09:09:49","guid":{"rendered":"http:\/\/kotlinafishing.pl\/?post_type=product&#038;p=2130"},"modified":"2025-12-04T10:09:49","modified_gmt":"2025-12-04T09:09:49","slug":"wobler-siek-banan-7cm-7g-kolor-07-bn7s-07","status":"publish","type":"product","link":"https:\/\/kotlinafishing.pl\/?product=wobler-siek-banan-7cm-7g-kolor-07-bn7s-07","title":{"rendered":"Wobler Siek Banan 7cm\/7g kolor 07 BN7S-07"},"content":{"rendered":"<p data-path-to-node=\"1\">Woblery <b>Siek Banan<\/b> to jedne z najbardziej rozpoznawalnych i <b>najskuteczniejszych r\u0119cznie robionych<\/b> przyn\u0119t w Polsce, stworzone z my\u015bl\u0105 o \u0142owieniu du\u017cych <b>kleni i jazi<\/b>.<\/p>\n<p data-path-to-node=\"2\">Kluczowe Cechy:<\/p>\n<ul data-path-to-node=\"3\">\n<li>\n<p data-path-to-node=\"3,0,0\"><b>Charakterystyczny Kszta\u0142t:<\/b> Posiada wyra\u017anie <b>zagi\u0119ty, bananowy korpus<\/b>, kt\u00f3ry zapewnia unikaln\u0105 prac\u0119.<\/p>\n<\/li>\n<li>\n<p data-path-to-node=\"3,1,0\"><b>Wysoka Wibracja (Wiggle):<\/b> Charakteryzuje si\u0119 <b>mocn\u0105, szerok\u0105, lusterkuj\u0105c\u0105 akcj\u0105<\/b>, kt\u00f3ra doskonale wabi drapie\u017cniki nawet ze znacznej odleg\u0142o\u015bci i w m\u0119tniejszej wodzie.<\/p>\n<\/li>\n<li>\n<p data-path-to-node=\"3,2,0\"><b>P\u0142ytkie Prowadzenie:<\/b> Dzi\u0119ki niewielkiemu sterowi i wyporno\u015bci, jest idealny do <b>ob\u0142awiania p\u0142ytkich przelew\u00f3w, opasek i rynien<\/b>, gdzie cz\u0119sto \u017ceruj\u0105 klenie.<\/p>\n<\/li>\n<li>\n<p data-path-to-node=\"3,3,0\"><b>Cel:<\/b> G\u0142\u00f3wnie dedykowany do \u0142owienia <b>kleni, jazi<\/b> oraz <b>wi\u0119kszych pstr\u0105g\u00f3w<\/b> w rzekach.<\/p>\n<\/li>\n<\/ul>\n<p data-path-to-node=\"4\">Wybierz <b>Siek Banan<\/b>, je\u015bli szukasz <b>agresywnie pracuj\u0105cego, r\u0119cznie wykonanego woblera<\/b>, kt\u00f3ry sprowokuje do brania najbardziej ostro\u017cne okazy kleni.<\/p>\n","protected":false},"excerpt":{"rendered":"<p>Woblery <b>Siek Banan<\/b> to jedne z najbardziej rozpoznawalnych i <b>najskuteczniejszych r\u0119cznie robionych<\/b> przyn\u0119t w Polsce, stworzone z my\u015bl\u0105 o \u0142owieniu du\u017cych <b>kleni i jazi<\/b>.<\/p>\n","protected":false},"featured_media":0,"template":"","meta":[],"product_brand":[252],"product_cat":[194,21,198],"product_tag":[],"class_list":{"0":"post-2130","1":"product","2":"type-product","3":"status-publish","5":"product_brand-siek","6":"product_cat-przynety-spinningowe","7":"product_cat-spinning","8":"product_cat-woblery","10":"first","11":"instock","12":"shipping-taxable","13":"purchasable","14":"product-type-simple"},"_links":{"self":[{"href":"https:\/\/kotlinafishing.pl\/index.php?rest_route=\/wp\/v2\/product\/2130","targetHints":{"allow":["GET"]}}],"collection":[{"href":"https:\/\/kotlinafishing.pl\/index.php?rest_route=\/wp\/v2\/product"}],"about":[{"href":"https:\/\/kotlinafishing.pl\/index.php?rest_route=\/wp\/v2\/types\/product"}],"wp:attachment":[{"href":"https:\/\/kotlinafishing.pl\/index.php?rest_route=%2Fwp%2Fv2%2Fmedia&parent=2130"}],"wp:term":[{"taxonomy":"product_brand","embeddable":true,"href":"https:\/\/kotlinafishing.pl\/index.php?rest_route=%2Fwp%2Fv2%2Fproduct_brand&post=2130"},{"taxonomy":"product_cat","embeddable":true,"href":"https:\/\/kotlinafishing.pl\/index.php?rest_route=%2Fwp%2Fv2%2Fproduct_cat&post=2130"},{"taxonomy":"product_tag","embeddable":true,"href":"https:\/\/kotlinafishing.pl\/index.php?rest_route=%2Fwp%2Fv2%2Fproduct_tag&post=2130"}],"curies":[{"name":"wp","href":"https:\/\/api.w.org\/{rel}","templated":true}]}}