{"id":2129,"date":"2025-12-04T10:08:19","date_gmt":"2025-12-04T09:08:19","guid":{"rendered":"http:\/\/kotlinafishing.pl\/?post_type=product&#038;p=2129"},"modified":"2025-12-04T10:08:19","modified_gmt":"2025-12-04T09:08:19","slug":"wobler-rapala-countdown-elite-55cm-5g-gilded-fire-tiger","status":"publish","type":"product","link":"https:\/\/kotlinafishing.pl\/?product=wobler-rapala-countdown-elite-55cm-5g-gilded-fire-tiger","title":{"rendered":"Wobler Rapala Countdown Elite 5,5cm\/5g Gilded Fire Tiger"},"content":{"rendered":"<p data-path-to-node=\"1\"><b>Rapala Countdown Elite<\/b> to nowoczesna wersja legendarnej serii Countdown. <span class=\"citation-9\">\u0141\u0105czy kultowy system kontroli g\u0142\u0119boko\u015bci (odliczanie) z <\/span><b><span class=\"citation-9\">najwy\u017csz\u0105 jako\u015bci\u0105 wykonania i wyko\u0144czenia<\/span><\/b><span class=\"citation-9 citation-end-9\">.<\/span><\/p>\n<div class=\"source-inline-chip-container ng-star-inserted\"><\/div>\n<p data-path-to-node=\"2\">Kluczowe Cechy:<\/p>\n<ul data-path-to-node=\"3\">\n<li>\n<p data-path-to-node=\"3,0,0\"><b>System Kontrolowanego Opadu:<\/b> Ten ton\u0105cy wobler pozwala na <b>precyzyjne ob\u0142awianie dowolnej g\u0142\u0119boko\u015bci<\/b> \u2013 odliczasz sekundy, by dotrze\u0107 do strefy \u017cerowania drapie\u017cnik\u00f3w.<\/p>\n<\/li>\n<li>\n<p data-path-to-node=\"3,1,0\"><b>Wysoka G\u0119sto\u015b\u0107 (Heavy):<\/b><span class=\"citation-8\"> Konstrukcja z wy\u017csz\u0105 mas\u0105 w mniejszym korpusie zapewnia <\/span><b><span class=\"citation-8\">dalekie i dok\u0142adne rzuty<\/span><\/b><span class=\"citation-8 citation-end-8\">, nawet przy silnym wietrze.<\/span><\/p>\n<div class=\"source-inline-chip-container ng-star-inserted\"><\/div>\n<\/li>\n<li>\n<p data-path-to-node=\"3,2,0\"><b>Akcja:<\/b> Wyra\u017ana, migotliwa, &#8222;chwiej\u0105ca&#8221; akcja podczas prowadzenia i kusz\u0105cy opad.<\/p>\n<\/li>\n<li>\n<p data-path-to-node=\"3,3,0\"><b>Kolor Gilded Fire Tiger:<\/b> Agresywny, jaskrawy wz\u00f3r <b>Fire Tiger<\/b> z metalizowanym, \u0142uskowym wyko\u0144czeniem (<i>Gilded<\/i>), idealny do \u0142owienia w m\u0119tnej wodzie lub przy s\u0142abym \u015bwietle.<\/p>\n<\/li>\n<li>\n<p data-path-to-node=\"3,4,0\"><b>Wyposa\u017cenie:<\/b> Zbrojony w <b>wysokiej jako\u015bci kotwice VMC\u00ae<\/b> dla pewnego zaci\u0119cia.<\/p>\n<\/li>\n<li>\n<p data-path-to-node=\"3,5,0\"><b>Wymiary:<\/b> 5,5 cm d\u0142ugo\u015bci, 5 g wagi.<\/p>\n<\/li>\n<\/ul>\n<p data-path-to-node=\"4\"><b>Rapala Countdown Elite<\/b> to gwarancja precyzyjnego dotarcia do ryb, zw\u0142aszcza <b>pstr\u0105g\u00f3w, okoni i kleni<\/b>.<\/p>\n","protected":false},"excerpt":{"rendered":"<p><b>Rapala Countdown Elite<\/b> to nowoczesna wersja legendarnej serii Countdown. <span class=\"citation-9\">\u0141\u0105czy kultowy system kontroli g\u0142\u0119boko\u015bci (odliczanie) z <\/span><b><span class=\"citation-9\">najwy\u017csz\u0105 jako\u015bci\u0105 wykonania i wyko\u0144czenia<\/span><\/b><span class=\"citation-9 citation-end-9\">.<\/span><\/p>\n","protected":false},"featured_media":0,"template":"","meta":[],"product_brand":[106],"product_cat":[194,21,198],"product_tag":[],"class_list":{"0":"post-2129","1":"product","2":"type-product","3":"status-publish","5":"product_brand-rapala","6":"product_cat-przynety-spinningowe","7":"product_cat-spinning","8":"product_cat-woblery","10":"first","11":"instock","12":"shipping-taxable","13":"purchasable","14":"product-type-simple"},"_links":{"self":[{"href":"https:\/\/kotlinafishing.pl\/index.php?rest_route=\/wp\/v2\/product\/2129","targetHints":{"allow":["GET"]}}],"collection":[{"href":"https:\/\/kotlinafishing.pl\/index.php?rest_route=\/wp\/v2\/product"}],"about":[{"href":"https:\/\/kotlinafishing.pl\/index.php?rest_route=\/wp\/v2\/types\/product"}],"wp:attachment":[{"href":"https:\/\/kotlinafishing.pl\/index.php?rest_route=%2Fwp%2Fv2%2Fmedia&parent=2129"}],"wp:term":[{"taxonomy":"product_brand","embeddable":true,"href":"https:\/\/kotlinafishing.pl\/index.php?rest_route=%2Fwp%2Fv2%2Fproduct_brand&post=2129"},{"taxonomy":"product_cat","embeddable":true,"href":"https:\/\/kotlinafishing.pl\/index.php?rest_route=%2Fwp%2Fv2%2Fproduct_cat&post=2129"},{"taxonomy":"product_tag","embeddable":true,"href":"https:\/\/kotlinafishing.pl\/index.php?rest_route=%2Fwp%2Fv2%2Fproduct_tag&post=2129"}],"curies":[{"name":"wp","href":"https:\/\/api.w.org\/{rel}","templated":true}]}}