{"id":2127,"date":"2025-12-04T10:04:32","date_gmt":"2025-12-04T09:04:32","guid":{"rendered":"http:\/\/kotlinafishing.pl\/?post_type=product&#038;p=2127"},"modified":"2025-12-04T10:04:32","modified_gmt":"2025-12-04T09:04:32","slug":"wobler-siek-osa-os2f-15","status":"publish","type":"product","link":"https:\/\/kotlinafishing.pl\/?product=wobler-siek-osa-os2f-15","title":{"rendered":"Wobler Siek Osa OS2F-15"},"content":{"rendered":"<p data-path-to-node=\"1\">Woblery <b>Siek Osa<\/b> to kultowe, <b>r\u0119cznie robione<\/b> przyn\u0119ty, kt\u00f3re sta\u0142y si\u0119 legend\u0105 w\u015br\u00f3d \u0142owc\u00f3w drapie\u017cnik\u00f3w.<\/p>\n<p data-path-to-node=\"2\">Kluczowe Cechy:<\/p>\n<ul data-path-to-node=\"3\">\n<li>\n<p data-path-to-node=\"3,0,0\"><b>Miniaturowy Rozmiar:<\/b> Idealne do finezyjnego \u0142owienia, zw\u0142aszcza w ma\u0142ych i \u015brednich rzekach.<\/p>\n<\/li>\n<li>\n<p data-path-to-node=\"3,1,0\"><b>Prowokacyjna Akcja:<\/b> Posiadaj\u0105 <b>bardzo agresywn\u0105, drobn\u0105 wibracj\u0119<\/b> \u2013 imituj\u0105 rann\u0105, oszo\u0142omion\u0105 rybk\u0119.<\/p>\n<\/li>\n<li>\n<p data-path-to-node=\"3,2,0\"><b>Idealne na Pr\u0105d:<\/b> Doskonale trzymaj\u0105 si\u0119 nurtu, nawet w silnym pr\u0105dzie rzeki.<\/p>\n<\/li>\n<li>\n<p data-path-to-node=\"3,3,0\"><b>Cel:<\/b> Niezast\u0105pione na <b>klenie, jazie i pstr\u0105gi<\/b>, a tak\u017ce na okonie.<\/p>\n<\/li>\n<\/ul>\n<p data-path-to-node=\"4\">Wybierz <b>Siek Osa<\/b>, je\u015bli potrzebujesz <b>r\u0119cznie wykonanej przyn\u0119ty<\/b>, kt\u00f3ra jest synonimem skuteczno\u015bci i delikatno\u015bci.<\/p>\n","protected":false},"excerpt":{"rendered":"<p>Woblery <b>Siek Osa<\/b> to kultowe, <b>r\u0119cznie robione<\/b> przyn\u0119ty, kt\u00f3re sta\u0142y si\u0119 legend\u0105 w\u015br\u00f3d \u0142owc\u00f3w drapie\u017cnik\u00f3w.<\/p>\n","protected":false},"featured_media":0,"template":"","meta":[],"product_brand":[252],"product_cat":[194,21,198],"product_tag":[],"class_list":{"0":"post-2127","1":"product","2":"type-product","3":"status-publish","5":"product_brand-siek","6":"product_cat-przynety-spinningowe","7":"product_cat-spinning","8":"product_cat-woblery","10":"first","11":"instock","12":"shipping-taxable","13":"purchasable","14":"product-type-simple"},"_links":{"self":[{"href":"https:\/\/kotlinafishing.pl\/index.php?rest_route=\/wp\/v2\/product\/2127","targetHints":{"allow":["GET"]}}],"collection":[{"href":"https:\/\/kotlinafishing.pl\/index.php?rest_route=\/wp\/v2\/product"}],"about":[{"href":"https:\/\/kotlinafishing.pl\/index.php?rest_route=\/wp\/v2\/types\/product"}],"wp:attachment":[{"href":"https:\/\/kotlinafishing.pl\/index.php?rest_route=%2Fwp%2Fv2%2Fmedia&parent=2127"}],"wp:term":[{"taxonomy":"product_brand","embeddable":true,"href":"https:\/\/kotlinafishing.pl\/index.php?rest_route=%2Fwp%2Fv2%2Fproduct_brand&post=2127"},{"taxonomy":"product_cat","embeddable":true,"href":"https:\/\/kotlinafishing.pl\/index.php?rest_route=%2Fwp%2Fv2%2Fproduct_cat&post=2127"},{"taxonomy":"product_tag","embeddable":true,"href":"https:\/\/kotlinafishing.pl\/index.php?rest_route=%2Fwp%2Fv2%2Fproduct_tag&post=2127"}],"curies":[{"name":"wp","href":"https:\/\/api.w.org\/{rel}","templated":true}]}}