{"id":2126,"date":"2025-12-04T09:47:35","date_gmt":"2025-12-04T08:47:35","guid":{"rendered":"http:\/\/kotlinafishing.pl\/?post_type=product&#038;p=2126"},"modified":"2025-12-07T12:25:40","modified_gmt":"2025-12-07T11:25:40","slug":"obrotowka-mikado-windmill-nr-5-18g-black-fire","status":"publish","type":"product","link":"https:\/\/kotlinafishing.pl\/?product=obrotowka-mikado-windmill-nr-5-18g-black-fire","title":{"rendered":"Obrot\u00f3wka Mikado Windmill nr 5\/18g Black Fire"},"content":{"rendered":"<p><strong>Windmill<\/strong> to perfekcyjna obrot\u00f3wka, dopracowana w ka\u017cdym detalu, pracuj\u0105ca w ka\u017cdych warunkach nawet przy wolnym prowadzeniu! Unikatowe, dwustronne malowanie oraz wysokiej jako\u015bci kotwica z chwostem gwarantuje sukces na ka\u017cdej wodzie.<\/p>\n","protected":false},"excerpt":{"rendered":"<p><strong>Windmill<\/strong> to perfekcyjna obrot\u00f3wka, dopracowana w ka\u017cdym detalu, pracuj\u0105ca w ka\u017cdych warunkach nawet przy wolnym prowadzeniu! Unikatowe, dwustronne malowanie oraz wysokiej jako\u015bci kotwica z chwostem gwarantuje sukces na ka\u017cdej wodzie.<\/p>\n","protected":false},"featured_media":2225,"template":"","meta":[],"product_brand":[22],"product_cat":[199,200,194,21],"product_tag":[],"class_list":{"0":"post-2126","1":"product","2":"type-product","3":"status-publish","4":"has-post-thumbnail","6":"product_brand-mikado","7":"product_cat-blystki","8":"product_cat-obrotowki","9":"product_cat-przynety-spinningowe","10":"product_cat-spinning","12":"first","13":"instock","14":"shipping-taxable","15":"purchasable","16":"product-type-simple"},"_links":{"self":[{"href":"https:\/\/kotlinafishing.pl\/index.php?rest_route=\/wp\/v2\/product\/2126","targetHints":{"allow":["GET"]}}],"collection":[{"href":"https:\/\/kotlinafishing.pl\/index.php?rest_route=\/wp\/v2\/product"}],"about":[{"href":"https:\/\/kotlinafishing.pl\/index.php?rest_route=\/wp\/v2\/types\/product"}],"wp:featuredmedia":[{"embeddable":true,"href":"https:\/\/kotlinafishing.pl\/index.php?rest_route=\/wp\/v2\/media\/2225"}],"wp:attachment":[{"href":"https:\/\/kotlinafishing.pl\/index.php?rest_route=%2Fwp%2Fv2%2Fmedia&parent=2126"}],"wp:term":[{"taxonomy":"product_brand","embeddable":true,"href":"https:\/\/kotlinafishing.pl\/index.php?rest_route=%2Fwp%2Fv2%2Fproduct_brand&post=2126"},{"taxonomy":"product_cat","embeddable":true,"href":"https:\/\/kotlinafishing.pl\/index.php?rest_route=%2Fwp%2Fv2%2Fproduct_cat&post=2126"},{"taxonomy":"product_tag","embeddable":true,"href":"https:\/\/kotlinafishing.pl\/index.php?rest_route=%2Fwp%2Fv2%2Fproduct_tag&post=2126"}],"curies":[{"name":"wp","href":"https:\/\/api.w.org\/{rel}","templated":true}]}}