{"id":2124,"date":"2025-12-04T09:40:43","date_gmt":"2025-12-04T08:40:43","guid":{"rendered":"http:\/\/kotlinafishing.pl\/?post_type=product&#038;p=2124"},"modified":"2025-12-07T11:52:52","modified_gmt":"2025-12-07T10:52:52","slug":"mikado-mft-jerk-10cm-51g-tonacy","status":"publish","type":"product","link":"https:\/\/kotlinafishing.pl\/?product=mikado-mft-jerk-10cm-51g-tonacy","title":{"rendered":"Mikado MFT Jerk 10cm\/51g bream ton\u0105cy"},"content":{"rendered":"<div class=\"p-2\">\n<p>Wolno ton\u0105cy jerk, kt\u00f3rego mo\u017cna poprowadzi\u0107 na wiele sposob\u00f3w. Przy jednostajnym prowadzeniu imituje rann\u0105, chor\u0105 rybk\u0119, natomiast delikatne podszarpywanie szczyt\u00f3wk\u0105 wprawia przyn\u0119t\u0119 w zygzakowat\u0105 akcj\u0119.<\/p>\n<\/div>\n<div class=\"p-2\">\n<p><strong>Specyfikacja:<\/strong><br \/>\n&#8211; Unikatowe malowanie<br \/>\n&#8211; Model ton\u0105cy<br \/>\n&#8211; Wyposa\u017cony w grzechotk\u0119<br \/>\n&#8211; Testowane przed zapakowaniem<\/p>\n<\/div>\n","protected":false},"excerpt":{"rendered":"<p>Wolno ton\u0105cy jerk, kt\u00f3rego mo\u017cna poprowadzi\u0107 na wiele sposob\u00f3w. Przy jednostajnym prowadzeniu imituje rann\u0105, chor\u0105 rybk\u0119, natomiast delikatne podszarpywanie szczyt\u00f3wk\u0105 wprawia przyn\u0119t\u0119 w zygzakowat\u0105 akcj\u0119.<\/p>\n","protected":false},"featured_media":2188,"template":"","meta":[],"product_brand":[22],"product_cat":[203,194,21],"product_tag":[],"class_list":{"0":"post-2124","1":"product","2":"type-product","3":"status-publish","4":"has-post-thumbnail","6":"product_brand-mikado","7":"product_cat-jerki","8":"product_cat-przynety-spinningowe","9":"product_cat-spinning","11":"first","12":"instock","13":"shipping-taxable","14":"purchasable","15":"product-type-simple"},"_links":{"self":[{"href":"https:\/\/kotlinafishing.pl\/index.php?rest_route=\/wp\/v2\/product\/2124","targetHints":{"allow":["GET"]}}],"collection":[{"href":"https:\/\/kotlinafishing.pl\/index.php?rest_route=\/wp\/v2\/product"}],"about":[{"href":"https:\/\/kotlinafishing.pl\/index.php?rest_route=\/wp\/v2\/types\/product"}],"wp:featuredmedia":[{"embeddable":true,"href":"https:\/\/kotlinafishing.pl\/index.php?rest_route=\/wp\/v2\/media\/2188"}],"wp:attachment":[{"href":"https:\/\/kotlinafishing.pl\/index.php?rest_route=%2Fwp%2Fv2%2Fmedia&parent=2124"}],"wp:term":[{"taxonomy":"product_brand","embeddable":true,"href":"https:\/\/kotlinafishing.pl\/index.php?rest_route=%2Fwp%2Fv2%2Fproduct_brand&post=2124"},{"taxonomy":"product_cat","embeddable":true,"href":"https:\/\/kotlinafishing.pl\/index.php?rest_route=%2Fwp%2Fv2%2Fproduct_cat&post=2124"},{"taxonomy":"product_tag","embeddable":true,"href":"https:\/\/kotlinafishing.pl\/index.php?rest_route=%2Fwp%2Fv2%2Fproduct_tag&post=2124"}],"curies":[{"name":"wp","href":"https:\/\/api.w.org\/{rel}","templated":true}]}}