{"id":2121,"date":"2025-12-04T09:34:32","date_gmt":"2025-12-04T08:34:32","guid":{"rendered":"http:\/\/kotlinafishing.pl\/?post_type=product&#038;p=2121"},"modified":"2026-02-15T19:12:22","modified_gmt":"2026-02-15T18:12:22","slug":"wahadlowka-delphin-slot-20g-auro-hook-4","status":"publish","type":"product","link":"https:\/\/kotlinafishing.pl\/?product=wahadlowka-delphin-slot-20g-auro-hook-4","title":{"rendered":"Wahad\u0142\u00f3wka Delphin Slot 20g Auro hook #4"},"content":{"rendered":"<p>B\u0142ystka z serii <strong>Delphin SLOT<\/strong> to idealna przyn\u0119ta do po\u0142owu wi\u0119kszych drapie\u017cnik\u00f3w, takich jak szczupaki, sandacze, bolenie czy sumy. Najlepiej sprawdza si\u0119 w g\u0142\u0119bokich wodach i \u0142atwo tonie dzi\u0119ki swojej wadze, kszta\u0142towi i specjalnemu otworowi po\u015brodku korpusu ze stopu cynku. B\u0142ystka ma wysokiej jako\u015bci solidny potr\u00f3jny haczyk ze specjaln\u0105 technologi\u0105, aby \u0142atwiej przebi\u0107 si\u0119 przez twarde pyski drapie\u017cnik\u00f3w. Posiada r\u00f3wnie\u017c karabi\u0144czyk FAST LOCK SNAP dla szybszej wymiany przyn\u0119ty. B\u0142ystka <strong>SLOT<\/strong> posiada w \u015brodku otw\u00f3r zwi\u0119kszaj\u0105cy wibracje, tworz\u0105cy swoisty wir, przyci\u0105gaj\u0105cy nawet najbardziej ostro\u017cne drapie\u017cniki.<\/p>\n","protected":false},"excerpt":{"rendered":"<p>B\u0142ystka z serii <strong>Delphin SLOT<\/strong> to idealna przyn\u0119ta do po\u0142owu wi\u0119kszych drapie\u017cnik\u00f3w, takich jak szczupaki, sandacze, bolenie czy sumy. Najlepiej sprawdza si\u0119 w g\u0142\u0119bokich wodach i \u0142atwo tonie dzi\u0119ki swojej wadze, kszta\u0142towi i specjalnemu otworowi po\u015brodku korpusu ze stopu cynku. B\u0142ystka ma wysokiej jako\u015bci solidny potr\u00f3jny haczyk ze specjaln\u0105 technologi\u0105, aby \u0142atwiej przebi\u0107 si\u0119 przez twarde pyski drapie\u017cnik\u00f3w. Posiada r\u00f3wnie\u017c karabi\u0144czyk FAST LOCK SNAP dla szybszej wymiany przyn\u0119ty. B\u0142ystka <strong>SLOT<\/strong> posiada w \u015brodku otw\u00f3r zwi\u0119kszaj\u0105cy wibracje, tworz\u0105cy swoisty wir, przyci\u0105gaj\u0105cy nawet najbardziej ostro\u017cne drapie\u017cniki.<\/p>\n","protected":false},"featured_media":0,"template":"","meta":[],"product_brand":[97],"product_cat":[199,194,201,21],"product_tag":[],"class_list":{"0":"post-2121","1":"product","2":"type-product","3":"status-publish","5":"product_brand-delphin","6":"product_cat-blystki","7":"product_cat-przynety-spinningowe","8":"product_cat-wahadlowki","9":"product_cat-spinning","11":"first","12":"outofstock","13":"shipping-taxable","14":"purchasable","15":"product-type-simple"},"_links":{"self":[{"href":"https:\/\/kotlinafishing.pl\/index.php?rest_route=\/wp\/v2\/product\/2121","targetHints":{"allow":["GET"]}}],"collection":[{"href":"https:\/\/kotlinafishing.pl\/index.php?rest_route=\/wp\/v2\/product"}],"about":[{"href":"https:\/\/kotlinafishing.pl\/index.php?rest_route=\/wp\/v2\/types\/product"}],"wp:attachment":[{"href":"https:\/\/kotlinafishing.pl\/index.php?rest_route=%2Fwp%2Fv2%2Fmedia&parent=2121"}],"wp:term":[{"taxonomy":"product_brand","embeddable":true,"href":"https:\/\/kotlinafishing.pl\/index.php?rest_route=%2Fwp%2Fv2%2Fproduct_brand&post=2121"},{"taxonomy":"product_cat","embeddable":true,"href":"https:\/\/kotlinafishing.pl\/index.php?rest_route=%2Fwp%2Fv2%2Fproduct_cat&post=2121"},{"taxonomy":"product_tag","embeddable":true,"href":"https:\/\/kotlinafishing.pl\/index.php?rest_route=%2Fwp%2Fv2%2Fproduct_tag&post=2121"}],"curies":[{"name":"wp","href":"https:\/\/api.w.org\/{rel}","templated":true}]}}