{"id":2118,"date":"2025-12-04T09:30:15","date_gmt":"2025-12-04T08:30:15","guid":{"rendered":"http:\/\/kotlinafishing.pl\/?post_type=product&#038;p=2118"},"modified":"2026-02-15T19:12:22","modified_gmt":"2026-02-15T18:12:22","slug":"wahadlowka-delphin-mora-30g-copper-hook-4","status":"publish","type":"product","link":"https:\/\/kotlinafishing.pl\/?product=wahadlowka-delphin-mora-30g-copper-hook-4","title":{"rendered":"Wahad\u0142\u00f3wka Delphin Mora 30g Copper hook #4"},"content":{"rendered":"<p>B\u0142ystka z serii <strong>Delphin MORA<\/strong> to idealna przyn\u0119ta do po\u0142owu wi\u0119kszych drapie\u017cnik\u00f3w, takich jak szczupaki, sandacze, bolenie czy sumy. Najlepiej sprawdza si\u0119 w g\u0142\u0119bokich wodach, korpus ze stopu cynku \u0142atwo tonie dzi\u0119ki swojej wadze. B\u0142ystka ma wysokiej jako\u015bci solidny potr\u00f3jny haczyk ze specjaln\u0105 technologi\u0105, aby \u0142atwiej przebi\u0107 si\u0119 przez twarde pyski drapie\u017cnik\u00f3w. Posiada r\u00f3wnie\u017c karabi\u0144czyk FAST LOCK SNAP dla szybszej wymiany przyn\u0119ty. MORA to bardzo atrakcyjna przyn\u0119ta o wkl\u0119s\u0142ym kszta\u0142cie korpusu, imituj\u0105ca \u017cyw\u0105 ryb\u0119. Taki ruch jest w stanie sprowokowa\u0107 ka\u017cdego drapie\u017cnika w pobli\u017cu.<\/p>\n","protected":false},"excerpt":{"rendered":"<p>B\u0142ystka z serii<strong> Delphin MORA<\/strong> to idealna przyn\u0119ta do po\u0142owu wi\u0119kszych drapie\u017cnik\u00f3w, takich jak szczupaki, sandacze, bolenie czy sumy. Najlepiej sprawdza si\u0119 w g\u0142\u0119bokich wodach, korpus ze stopu cynku \u0142atwo tonie dzi\u0119ki swojej wadze. B\u0142ystka ma wysokiej jako\u015bci solidny potr\u00f3jny haczyk ze specjaln\u0105 technologi\u0105, aby \u0142atwiej przebi\u0107 si\u0119 przez twarde pyski drapie\u017cnik\u00f3w. Posiada r\u00f3wnie\u017c karabi\u0144czyk FAST LOCK SNAP dla szybszej wymiany przyn\u0119ty. MORA to bardzo atrakcyjna przyn\u0119ta o wkl\u0119s\u0142ym kszta\u0142cie korpusu, imituj\u0105ca \u017cyw\u0105 ryb\u0119. Taki ruch jest w stanie sprowokowa\u0107 ka\u017cdego drapie\u017cnika w pobli\u017cu.<\/p>\n","protected":false},"featured_media":2245,"template":"","meta":[],"product_brand":[97],"product_cat":[199,194,201,21],"product_tag":[],"class_list":{"0":"post-2118","1":"product","2":"type-product","3":"status-publish","4":"has-post-thumbnail","6":"product_brand-delphin","7":"product_cat-blystki","8":"product_cat-przynety-spinningowe","9":"product_cat-wahadlowki","10":"product_cat-spinning","12":"first","13":"outofstock","14":"shipping-taxable","15":"purchasable","16":"product-type-simple"},"_links":{"self":[{"href":"https:\/\/kotlinafishing.pl\/index.php?rest_route=\/wp\/v2\/product\/2118","targetHints":{"allow":["GET"]}}],"collection":[{"href":"https:\/\/kotlinafishing.pl\/index.php?rest_route=\/wp\/v2\/product"}],"about":[{"href":"https:\/\/kotlinafishing.pl\/index.php?rest_route=\/wp\/v2\/types\/product"}],"wp:featuredmedia":[{"embeddable":true,"href":"https:\/\/kotlinafishing.pl\/index.php?rest_route=\/wp\/v2\/media\/2245"}],"wp:attachment":[{"href":"https:\/\/kotlinafishing.pl\/index.php?rest_route=%2Fwp%2Fv2%2Fmedia&parent=2118"}],"wp:term":[{"taxonomy":"product_brand","embeddable":true,"href":"https:\/\/kotlinafishing.pl\/index.php?rest_route=%2Fwp%2Fv2%2Fproduct_brand&post=2118"},{"taxonomy":"product_cat","embeddable":true,"href":"https:\/\/kotlinafishing.pl\/index.php?rest_route=%2Fwp%2Fv2%2Fproduct_cat&post=2118"},{"taxonomy":"product_tag","embeddable":true,"href":"https:\/\/kotlinafishing.pl\/index.php?rest_route=%2Fwp%2Fv2%2Fproduct_tag&post=2118"}],"curies":[{"name":"wp","href":"https:\/\/api.w.org\/{rel}","templated":true}]}}