{"id":2117,"date":"2025-12-04T09:24:33","date_gmt":"2025-12-04T08:24:33","guid":{"rendered":"http:\/\/kotlinafishing.pl\/?post_type=product&#038;p=2117"},"modified":"2026-03-03T15:40:53","modified_gmt":"2026-03-03T14:40:53","slug":"mikado-m-aream-maggot-34mm-blady-roz-op-16szt","status":"publish","type":"product","link":"https:\/\/kotlinafishing.pl\/?product=mikado-m-aream-maggot-34mm-blady-roz-op-16szt","title":{"rendered":"Mikado M-Aream Maggot 34mm\/blady r\u00f3\u017c (op. 16szt.)"},"content":{"rendered":"<p>Doskona\u0142a imitacja larwy robaka dedykowana do po\u0142ow\u00f3w Area Trout oraz pstr\u0105g\u00f3w i kleni w rzekach. Specjalnie zaprojektowany kszta\u0142t, unikalna kolorystyka oraz mocny atraktor sprawia, \u017ce nasza przyn\u0119ta doskonale wabi najbardziej ostro\u017cne drapie\u017cniki.<\/p>\n","protected":false},"excerpt":{"rendered":"<p>Doskona\u0142a imitacja larwy robaka dedykowana do po\u0142ow\u00f3w Area Trout oraz pstr\u0105g\u00f3w i kleni w rzekach. Specjalnie zaprojektowany kszta\u0142t, unikalna kolorystyka oraz mocny atraktor sprawia, \u017ce nasza przyn\u0119ta doskonale wabi najbardziej ostro\u017cne drapie\u017cniki.<\/p>\n","protected":false},"featured_media":2191,"template":"","meta":[],"product_brand":[22],"product_cat":[195,251,194,21],"product_tag":[],"class_list":{"0":"post-2117","1":"product","2":"type-product","3":"status-publish","4":"has-post-thumbnail","6":"product_brand-mikado","7":"product_cat-gumy","8":"product_cat-imitacje-robakow","9":"product_cat-przynety-spinningowe","10":"product_cat-spinning","12":"first","13":"outofstock","14":"shipping-taxable","15":"product-type-simple"},"_links":{"self":[{"href":"https:\/\/kotlinafishing.pl\/index.php?rest_route=\/wp\/v2\/product\/2117","targetHints":{"allow":["GET"]}}],"collection":[{"href":"https:\/\/kotlinafishing.pl\/index.php?rest_route=\/wp\/v2\/product"}],"about":[{"href":"https:\/\/kotlinafishing.pl\/index.php?rest_route=\/wp\/v2\/types\/product"}],"wp:featuredmedia":[{"embeddable":true,"href":"https:\/\/kotlinafishing.pl\/index.php?rest_route=\/wp\/v2\/media\/2191"}],"wp:attachment":[{"href":"https:\/\/kotlinafishing.pl\/index.php?rest_route=%2Fwp%2Fv2%2Fmedia&parent=2117"}],"wp:term":[{"taxonomy":"product_brand","embeddable":true,"href":"https:\/\/kotlinafishing.pl\/index.php?rest_route=%2Fwp%2Fv2%2Fproduct_brand&post=2117"},{"taxonomy":"product_cat","embeddable":true,"href":"https:\/\/kotlinafishing.pl\/index.php?rest_route=%2Fwp%2Fv2%2Fproduct_cat&post=2117"},{"taxonomy":"product_tag","embeddable":true,"href":"https:\/\/kotlinafishing.pl\/index.php?rest_route=%2Fwp%2Fv2%2Fproduct_tag&post=2117"}],"curies":[{"name":"wp","href":"https:\/\/api.w.org\/{rel}","templated":true}]}}